{"id":112980,"date":"2026-03-18T00:00:00","date_gmt":"2026-03-18T05:00:00","guid":{"rendered":"http:\/\/gpl-love.com\/es\/producto\/metform-pro-robust-y-responsive-form-builder-for-elementor\/"},"modified":"2026-04-10T11:16:33","modified_gmt":"2026-04-10T16:16:33","slug":"metform-pro-robust-y-responsive-form-builder-for-elementor","status":"publish","type":"product","link":"https:\/\/gpl-love.com\/es\/producto\/metform-pro-robust-y-responsive-form-builder-for-elementor\/","title":{"rendered":"MetForm Pro Robust y Responsive Form Builder For Elementor 3.9.8"},"content":{"rendered":"<h3>MetForm Pro Robust y Responsive Form Builder For Elementor Caracteristicas<\/h3>\n<p>Metform Pro, un formulador de formularios altamente robusto y receptivo dise\u00f1ado espec\u00edficamente para una integraci\u00f3n perfecta con Elementor, presenta un proceso sin interrupciones y sin esfuerzo para la creaci\u00f3n y personalizaci\u00f3n de formularios. Con una extensa gama de caracter\u00edsticas y una multitud de opciones de personalizaci\u00f3n, Metform Pro permite el desarrollo de formas que se adaptan meticulosamente para cumplir con los requisitos precisos e individualizados de su negocio. Ya sea un formulario de contacto b\u00e1sico y directo o una encuesta intrincada e intrincada repleta de una gran cantidad de tipos de preguntas, Metform Pro est\u00e1 equipado para manejarlo todo. Este formulador de formas excepcional facilita la creaci\u00f3n de formas de aspecto profesional con facilidad sin igual, cortes\u00eda de su interfaz intuitiva de arrastrar y soltar y su repertorio de opciones de estilo de forma avanzada. Adem\u00e1s, la inclusi\u00f3n de an\u00e1lisis avanzados y funcionalidades de informes le permite rastrear meticulosamente las presentaciones de formulario y analizar a fondo los datos resultantes, lo que a su vez hace que la mejora de sus estrategias de marketing y comerciales sea un objetivo altamente alcanzable. En conclusi\u00f3n, MetForm Pro emerge como una opci\u00f3n abrumadoramente encomiable, ideal para cualquier individuo en busca de un constructor de formulario que cuenta con eficiencia y facilidad de uso, y perfectamente compatible con Elementor.<\/p>\n<ul>\n<li>Cree formularios de aspecto profesional f\u00e1cilmente para su sitio web utilizando Metform Pro<\/li>\n<li>Utiliza el creador de p\u00e1ginas Elementor para una integraci\u00f3n y personalizaci\u00f3n perfecta<\/li>\n<li>El dise\u00f1o optimizado para dispositivos m\u00f3viles garantiza una experiencia receptiva y f\u00e1cil de usar para todos los usuarios<\/li>\n<li>Cuenta con una variedad de tipos de campo de formulario, que incluyen texto, correo electr\u00f3nico, tel\u00e9fono y m\u00e1s<\/li>\n<li>Ofrece opciones de estilo avanzado con CSS y animaciones personalizadas<\/li>\n<li>Proporciona notificaciones de correo electr\u00f3nico flexibles y autorespondedores para mantenerse conectados con su audiencia<\/li>\n<li>Se integra con los populares servicios de marketing por correo electr\u00f3nico y CRM para la captura y organizaci\u00f3n de plomo sin problemas<\/li>\n<li>Cuenta con protecci\u00f3n de spam y Google Recaptcha incorporado para garantizar la seguridad de los datos tanto para usted como para sus usuarios<\/li>\n<li>Ofrece formas de varios pasos y l\u00f3gica condicional para crear experiencias din\u00e1micas y personalizadas<\/li>\n<li>Incluye documentaci\u00f3n integral y soporte dedicado para ayudarlo a aprovechar al m\u00e1ximo Metform Pro.<\/li>\n<\/ul>\n","protected":false},"excerpt":{"rendered":"<p>Metform Pro, que es un complemento de constructor de formulario extremadamente sofisticado y f\u00e1cil de usar dise\u00f1ado espec\u00edficamente para Elementor, le otorga la capacidad inigualable para dise\u00f1ar y construir formas personalizadas sin esfuerzo. Esta soluci\u00f3n formidable ofrece una gran cantidad de caracter\u00edsticas altamente deseables, como formularios de varios pasos, l\u00f3gica condicional y cargas de archivos, entre otras, lo que le brinda una autonom\u00eda completa en el proceso de crear formularios que no solo son receptivos sino que tambi\u00e9n cautivan. Al aprovechar el poder de Metform Pro, puede mejorar la experiencia general del usuario y aumentar significativamente la participaci\u00f3n en l\u00ednea en su sitio web, cortes\u00eda de las formas personalizadas y con prop\u00f3sito que se pueden crear para una multitud de aplicaciones, incluidas, entre otros, formularios de contacto, encuestas, encuestas, encuestas y formularios de retroalimentaci\u00f3n. \u00a1No pierda tiempo y se embarque en su viaje para elevar su sitio web a alturas sin precedentes al adquirir Metform Pro sin demora!<\/p>\n","protected":false},"featured_media":166776,"comment_status":"open","ping_status":"open","template":"","meta":[],"product_brand":[2498],"product_cat":[1216,1206,1211],"product_tag":[2115],"class_list":{"0":"post-112980","1":"product","2":"type-product","3":"status-publish","4":"has-post-thumbnail","6":"product_brand-wpmet","7":"product_cat-formas","8":"product_cat-plugins","9":"product_cat-wordpress-plugins","10":"product_tag-wpmet","11":"member-discount","12":"discount-restricted","14":"first","15":"instock","16":"sale","17":"downloadable","18":"virtual","19":"sold-individually","20":"purchasable","21":"product-type-simple"},"_links":{"self":[{"href":"https:\/\/gpl-love.com\/es\/wp-json\/wp\/v2\/product\/112980","targetHints":{"allow":["GET"]}}],"collection":[{"href":"https:\/\/gpl-love.com\/es\/wp-json\/wp\/v2\/product"}],"about":[{"href":"https:\/\/gpl-love.com\/es\/wp-json\/wp\/v2\/types\/product"}],"replies":[{"embeddable":true,"href":"https:\/\/gpl-love.com\/es\/wp-json\/wp\/v2\/comments?post=112980"}],"wp:featuredmedia":[{"embeddable":true,"href":"https:\/\/gpl-love.com\/es\/wp-json\/wp\/v2\/media\/166776"}],"wp:attachment":[{"href":"https:\/\/gpl-love.com\/es\/wp-json\/wp\/v2\/media?parent=112980"}],"wp:term":[{"taxonomy":"product_brand","embeddable":true,"href":"https:\/\/gpl-love.com\/es\/wp-json\/wp\/v2\/product_brand?post=112980"},{"taxonomy":"product_cat","embeddable":true,"href":"https:\/\/gpl-love.com\/es\/wp-json\/wp\/v2\/product_cat?post=112980"},{"taxonomy":"product_tag","embeddable":true,"href":"https:\/\/gpl-love.com\/es\/wp-json\/wp\/v2\/product_tag?post=112980"}],"curies":[{"name":"wp","href":"https:\/\/api.w.org\/{rel}","templated":true}]}}