{"id":112978,"date":"2021-04-30T00:00:00","date_gmt":"2021-04-30T05:00:00","guid":{"rendered":"http:\/\/gpl-love.com\/es\/producto\/countdown-timer-wordpress-countdown-timer-plugin\/"},"modified":"2026-03-09T07:24:48","modified_gmt":"2026-03-09T12:24:48","slug":"countdown-timer-wordpress-countdown-timer-plugin","status":"publish","type":"product","link":"https:\/\/gpl-love.com\/es\/producto\/countdown-timer-wordpress-countdown-timer-plugin\/","title":{"rendered":"Countdown Timer WordPress Countdown Timer plugin 1.4.0"},"content":{"rendered":"<h3>Countdown Timer WordPress Countdown Timer plugin Caracteristicas<\/h3>\n<p>El complemento de WordPress del temporizador Countdown, con su multitud de caracter\u00edsticas e interfaz f\u00e1cil de usar, demuestra ser una herramienta indispensable para aquellos que buscan generar temporizadores de cuenta regresiva cautivadores para sus sitios web. En cuesti\u00f3n de minutos, los usuarios pueden configurar sin esfuerzo sus temporizadores para alinearse con sus preferencias personales. Este complemento no solo cuenta con una diversa selecci\u00f3n de dise\u00f1os, animaciones y estilos, sino que tambi\u00e9n ofrece a los usuarios la conveniencia de adaptar estos elementos para combinarse sin problemas con la est\u00e9tica general de sus sitios web. Adem\u00e1s, este complemento ofrece una amplia gama de funcionalidades, como la capacidad de establecer m\u00faltiples temporizadores, activar los efectos de audio e iniciar las cuenta regresiva dirigida a fechas y tiempos espec\u00edficos. Sin lugar a dudas, el complemento de WordPress del temporizador Countdown surge como una opci\u00f3n excepcional para las personas que desean modelar temporalmente y cautivando temporizadores de cuenta regresiva para sus sitios web o tiendas en l\u00ednea.<\/p>\n<ul>\n<li>Complemento f\u00e1cil de usar para mostrar temporizadores de cuenta regresiva en sitios web de WordPress<\/li>\n<li>Estilos de temporizador totalmente personalizables, colores y fuentes para que coincidan con la marca de su sitio web<\/li>\n<li>Opciones para establecer cuenta regresiva para cualquier evento, como lanzamientos de productos o promociones de venta<\/li>\n<li>Capacidad para crear m\u00faltiples temporizadores y mostrarlos en diferentes p\u00e1ginas\/publicaciones<\/li>\n<li>Interfaz f\u00e1cil de usar para configurar y administrar sus temporizadores de cuenta regresiva<\/li>\n<li>Opci\u00f3n para elegir entre una cuenta regresiva o un temporizador de cuenta, dependiendo de sus necesidades<\/li>\n<li>Opci\u00f3n para mostrar un mensaje o redirigir a los visitantes cuando el temporizador llega a cero<\/li>\n<li>Dise\u00f1o de respuesta m\u00f3vil para una experiencia perfecta en todos los dispositivos<\/li>\n<li>Actualizaciones regulares y soporte del desarrollador de complementos para garantizar la funcionalidad y compatibilidad continuas con las actualizaciones de WordPress.<\/li>\n<\/ul>\n","protected":false},"excerpt":{"rendered":"<p>Mejore la experiencia del usuario en su sitio con nuestro complemento de WordPress de Timer Countdown. Este complemento f\u00e1cil de usar es perfecto para crear una sensaci\u00f3n de urgencia entre los visitantes de su sitio web, alent\u00e1ndolos a tomar medidas. Ya sea un evento pr\u00f3ximo, un lanzamiento de productos o una oferta especial, nuestro temporizador de cuenta regresiva agrega una capa adicional de emoci\u00f3n y anticipaci\u00f3n. El complemento es totalmente personalizable, lo que le permite establecer su propia duraci\u00f3n de la cuenta regresiva, elegir entre una variedad de dise\u00f1os elegantes e incluso agregar su propio mensaje personalizado. \u00a1El valor! La funci\u00f3n asegura que la cuenta regresiva siga siendo precisa y confiable, independientemente de la zona horaria o el dispositivo del usuario. El complemento de WordPress del temporizador Countdown no es solo una herramienta, es una poderosa estrategia de marketing.<\/p>\n","protected":false},"featured_media":165668,"comment_status":"open","ping_status":"open","template":"","meta":[],"product_brand":[2339],"product_cat":[1214,1206,1211],"product_tag":[1256],"class_list":{"0":"post-112978","1":"product","2":"type-product","3":"status-publish","4":"has-post-thumbnail","6":"product_brand-codecanyon","7":"product_cat-personalizacion","8":"product_cat-plugins","9":"product_cat-wordpress-plugins","10":"product_tag-codecanyon","11":"member-discount","12":"discount-restricted","14":"first","15":"instock","16":"sale","17":"downloadable","18":"virtual","19":"sold-individually","20":"purchasable","21":"product-type-simple"},"_links":{"self":[{"href":"https:\/\/gpl-love.com\/es\/wp-json\/wp\/v2\/product\/112978","targetHints":{"allow":["GET"]}}],"collection":[{"href":"https:\/\/gpl-love.com\/es\/wp-json\/wp\/v2\/product"}],"about":[{"href":"https:\/\/gpl-love.com\/es\/wp-json\/wp\/v2\/types\/product"}],"replies":[{"embeddable":true,"href":"https:\/\/gpl-love.com\/es\/wp-json\/wp\/v2\/comments?post=112978"}],"wp:featuredmedia":[{"embeddable":true,"href":"https:\/\/gpl-love.com\/es\/wp-json\/wp\/v2\/media\/165668"}],"wp:attachment":[{"href":"https:\/\/gpl-love.com\/es\/wp-json\/wp\/v2\/media?parent=112978"}],"wp:term":[{"taxonomy":"product_brand","embeddable":true,"href":"https:\/\/gpl-love.com\/es\/wp-json\/wp\/v2\/product_brand?post=112978"},{"taxonomy":"product_cat","embeddable":true,"href":"https:\/\/gpl-love.com\/es\/wp-json\/wp\/v2\/product_cat?post=112978"},{"taxonomy":"product_tag","embeddable":true,"href":"https:\/\/gpl-love.com\/es\/wp-json\/wp\/v2\/product_tag?post=112978"}],"curies":[{"name":"wp","href":"https:\/\/api.w.org\/{rel}","templated":true}]}}