{"id":112976,"date":"2025-05-21T00:00:00","date_gmt":"2025-05-21T05:00:00","guid":{"rendered":"http:\/\/gpl-love.com\/es\/producto\/gravity-perks-wordpress-plugin\/"},"modified":"2026-03-13T17:21:48","modified_gmt":"2026-03-13T22:21:48","slug":"gravity-perks-wordpress-plugin","status":"publish","type":"product","link":"https:\/\/gpl-love.com\/es\/producto\/gravity-perks-wordpress-plugin\/","title":{"rendered":"Gravity Perks 2.3.16"},"content":{"rendered":"<h3>Gravity Perks Caracteristicas<\/h3>\n<p>Gravity Perks, una herramienta robusta dise\u00f1ada para mejorar la funcionalidad de las formas de gravedad, ofrece una gran cantidad de complementos capaces de elevar la eficiencia y la facilidad de uso de sus formas. Esta suite integral le permite elaborar formas condicionales sin esfuerzo, integrar campos y c\u00e1lculos personalizados, y administrar sin problemas flujos de trabajo complejos. Adem\u00e1s, la interfaz f\u00e1cil de usar de este complemento garantiza la facilidad de uso, que no requiere conocimientos de codificaci\u00f3n previos. Independientemente de si posee experiencia en programaci\u00f3n o es un usuario no t\u00e9cnico, Gravity Perks proporciona una amplia gama de caracter\u00edsticas que permiten la creaci\u00f3n de formas altamente efectivas y cautivadoras. Al emplear este complemento vers\u00e1til, puede optimizar sin esfuerzo sus formularios de gravedad para alinearse con sus requisitos espec\u00edficos, aumentando significativamente su productividad.<\/p>\n<ul>\n<li>Gravity Perks es un conjunto de complementos que mejoran la funcionalidad del complemento de WordPress Forms WordPress<\/li>\n<li>La suite incluye m\u00e1s de 50 complementos \u00fanicos, cada uno dise\u00f1ado para mejorar los aspectos espec\u00edficos de los flujos de trabajo de su formulario.<\/li>\n<li>Con las ventajas de gravedad, puede automatizar acciones de forma complejas, crear l\u00f3gica condicional, agilizar la gesti\u00f3n de datos del usuario y mucho m\u00e1s<\/li>\n<li>Los complementos est\u00e1n dise\u00f1ados para ser f\u00e1ciles de usar y personalizables, lo que facilita la integraci\u00f3n de formularios de gravedad en cualquier sitio web o aplicaci\u00f3n<\/li>\n<li>Algunos de los complementos m\u00e1s populares incluidos en la suite son fechas l\u00f3gicas condicionales, formularios de varias p\u00e1ginas, env\u00edos de l\u00edmites y opciones de l\u00edmite<\/li>\n<li>Gravity Perks se actualiza continuamente con complementos nuevos y mejorados, lo que garantiza que sus flujos de trabajo de formulario siempre satisfagan sus necesidades en evoluci\u00f3n<\/li>\n<li>La suite est\u00e1 respaldada por un equipo de desarrolladores experimentados y una comunidad de apoyo, que le brinda apoyo y recursos confiables para optimizar el rendimiento de su formulario.<\/li>\n<\/ul>\n","protected":false},"excerpt":{"rendered":"<p>Gravity Perks es un complemento incre\u00edblemente robusto dise\u00f1ado espec\u00edficamente para mejorar la funcionalidad de las formas de gravedad. Al incorporar una variedad de caracter\u00edsticas innovadoras, racionalizar la usabilidad y automatizar tareas complejas, esta poderosa herramienta lleva el potencial de las formas de gravedad a alturas sin precedentes. A trav\u00e9s de la utilizaci\u00f3n de las ventajas de gravedad, los usuarios pueden desarrollar sin esfuerzo formas avanzadas que cuenten con una sofisticaci\u00f3n incomparable. Adem\u00e1s, este complemento mejora sustancialmente la experiencia general del usuario, ahorrando un tiempo valioso cuando se trata de la entrada de datos. Adem\u00e1s, las ventajas de gravedad facilitan una integraci\u00f3n perfecta con una amplia gama de servicios populares. Independientemente de si necesita l\u00f3gica condicional, formularios de m\u00faltiples p\u00e1ginas, campos calculados o cargas de archivos, las ventajas de gravedad es la soluci\u00f3n integral que ha estado buscando. Gracias a su interfaz altamente intuitiva, documentaci\u00f3n integral y un soporte inquebrantable receptivo, las ventajas de gravedad se destacan como un recurso indispensable para cualquier usuario de formularios de gravedad comprometido.<\/p>\n","protected":false},"featured_media":166366,"comment_status":"open","ping_status":"open","template":"","meta":[],"product_brand":[2471],"product_cat":[1216,1206,1211],"product_tag":[2114],"class_list":{"0":"post-112976","1":"product","2":"type-product","3":"status-publish","4":"has-post-thumbnail","6":"product_brand-gravity-wiz","7":"product_cat-formas","8":"product_cat-plugins","9":"product_cat-wordpress-plugins","10":"product_tag-gravity-wiz","11":"member-discount","12":"discount-restricted","14":"first","15":"instock","16":"sale","17":"downloadable","18":"virtual","19":"sold-individually","20":"purchasable","21":"product-type-simple"},"_links":{"self":[{"href":"https:\/\/gpl-love.com\/es\/wp-json\/wp\/v2\/product\/112976","targetHints":{"allow":["GET"]}}],"collection":[{"href":"https:\/\/gpl-love.com\/es\/wp-json\/wp\/v2\/product"}],"about":[{"href":"https:\/\/gpl-love.com\/es\/wp-json\/wp\/v2\/types\/product"}],"replies":[{"embeddable":true,"href":"https:\/\/gpl-love.com\/es\/wp-json\/wp\/v2\/comments?post=112976"}],"wp:featuredmedia":[{"embeddable":true,"href":"https:\/\/gpl-love.com\/es\/wp-json\/wp\/v2\/media\/166366"}],"wp:attachment":[{"href":"https:\/\/gpl-love.com\/es\/wp-json\/wp\/v2\/media?parent=112976"}],"wp:term":[{"taxonomy":"product_brand","embeddable":true,"href":"https:\/\/gpl-love.com\/es\/wp-json\/wp\/v2\/product_brand?post=112976"},{"taxonomy":"product_cat","embeddable":true,"href":"https:\/\/gpl-love.com\/es\/wp-json\/wp\/v2\/product_cat?post=112976"},{"taxonomy":"product_tag","embeddable":true,"href":"https:\/\/gpl-love.com\/es\/wp-json\/wp\/v2\/product_tag?post=112976"}],"curies":[{"name":"wp","href":"https:\/\/api.w.org\/{rel}","templated":true}]}}