{"id":112966,"date":"2025-11-02T00:00:00","date_gmt":"2025-11-02T05:00:00","guid":{"rendered":"http:\/\/gpl-love.com\/es\/?post_type=product&#038;p=112966"},"modified":"2026-03-13T17:19:45","modified_gmt":"2026-03-13T22:19:45","slug":"educavo-online-courses-y-education-wordpress-theme","status":"publish","type":"product","link":"https:\/\/gpl-love.com\/es\/producto\/educavo-online-courses-y-education-wordpress-theme\/","title":{"rendered":"Educavo Online Courses y Education WordPress Theme 3.3.6"},"content":{"rendered":"<h3>Educavo Online Courses y Education WordPress Theme Caracteristicas<\/h3>\n<p>El tema de WordPress de Educavo Online Courses and Education sirve como una herramienta integral que ofrece a los maestros, tutores e instituciones educativas una plataforma excepcional para la creaci\u00f3n y gesti\u00f3n de sus cursos en l\u00ednea. Este tema ha sido meticulosamente dise\u00f1ado para priorizar la facilidad de uso y la personalizaci\u00f3n, con una interfaz visualmente cautivadora que involucra con \u00e9xito tanto a los estudiantes como a los educadores. Al incorporar una amplia gama de caracter\u00edsticas s\u00f3lidas, como gesti\u00f3n de cursos, integraci\u00f3n de pagos en l\u00ednea y capacidades de mensajer\u00eda de estudiantes, Educavo optimiza efectivamente toda la experiencia de aprendizaje, asegurando un viaje sin problemas desde la inscripci\u00f3n hasta la certificaci\u00f3n. Independientemente de si est\u00e1 en busca de una soluci\u00f3n para un solo curso o con el objetivo de establecer una academia en l\u00ednea completa, Educavo abarca todos los recursos necesarios para proporcionar a sus alumnos educaci\u00f3n de primer nivel, todo dentro de uno f\u00e1cilmente navegable y amigable con el usuario interfaz. Entonces, \u00bfpor qu\u00e9 demorarse? No pierda el tiempo y se embarque en su viaje con Educavo hoy, \u00a1ya que comparte su invaluable conocimiento y experiencia con el mundo!<\/p>\n<ul>\n<li>Un dise\u00f1o elegante y moderno que se presta a sitios web profesionales de educaci\u00f3n en l\u00ednea en una variedad de campos.<\/li>\n<li>Funcionalidad de arrastrar y soltar f\u00e1cil de usar para la personalizaci\u00f3n de p\u00e1ginas web y estructuras de cursos.<\/li>\n<li>El dise\u00f1o receptivo permite una experiencia de usuario perfecta en cualquier dispositivo, incluidas computadoras de escritorio, tabletas y tel\u00e9fonos m\u00f3viles.<\/li>\n<li>Un conjunto integral de caracter\u00edsticas para ayudar a los educadores a crear un entorno de aprendizaje integral, que incluye cuestionarios, tareas y seguimiento del progreso del curso.<\/li>\n<li>Integraci\u00f3n con plataformas LMS populares como LearnDash y Sensei para racionalizar la gesti\u00f3n del curso y la participaci\u00f3n de los estudiantes.<\/li>\n<li>Opciones de dise\u00f1o de p\u00e1gina de inicio personalizables para mostrar cursos destacados, testimonios y otra informaci\u00f3n importante.<\/li>\n<li>Compatibilidad con complementos populares como WooCommerce y Wpbakery para su mayor flexibilidad y opciones de personalizaci\u00f3n.<\/li>\n<li>Documentaci\u00f3n integral y soporte para usuarios de todos los niveles de habilidad.<\/li>\n<\/ul>\n","protected":false},"excerpt":{"rendered":"<p>Si est\u00e1 en busca de una plataforma para crear una plataforma de educaci\u00f3n en l\u00ednea que sea profesional y atractiva, entonces no busque m\u00e1s que Educavo. Esta plataforma en particular se destaca como el estreno cursos en l\u00ednea y el tema de la educaci\u00f3n de WordPress. Con su dise\u00f1o elegante y moderno, ofrece facilidad de uso y es totalmente personalizable. Educavo proporciona todas las herramientas necesarias para crear cursos que sean convincentes y efectivos, incluidas poderosas herramientas de gesti\u00f3n de cursos, una amplia gama de opciones multimedia y opciones de precios y pagos flexibles. Independientemente de si usted es un educador experimentado o simplemente comenzando, Educano atiende a todas sus necesidades para tener \u00e9xito en el \u00e1mbito del aprendizaje en l\u00ednea. Entonces, \u00bfpor qu\u00e9 retrasar m\u00e1s? \u00a1Comience su viaje hoy y traiga una revoluci\u00f3n en la forma en que ense\u00f1a y aprende!<\/p>\n","protected":false},"featured_media":165913,"comment_status":"open","ping_status":"open","template":"","meta":[],"product_brand":[2337],"product_cat":[1307,1237,1238],"product_tag":[1391],"class_list":{"0":"post-112966","1":"product","2":"type-product","3":"status-publish","4":"has-post-thumbnail","6":"product_brand-themeforest","7":"product_cat-negocio-wordpress-temas","8":"product_cat-temas","9":"product_cat-wordpress-temas","10":"product_tag-themeforest","11":"member-discount","12":"discount-restricted","14":"first","15":"instock","16":"sale","17":"downloadable","18":"virtual","19":"sold-individually","20":"purchasable","21":"product-type-simple"},"_links":{"self":[{"href":"https:\/\/gpl-love.com\/es\/wp-json\/wp\/v2\/product\/112966","targetHints":{"allow":["GET"]}}],"collection":[{"href":"https:\/\/gpl-love.com\/es\/wp-json\/wp\/v2\/product"}],"about":[{"href":"https:\/\/gpl-love.com\/es\/wp-json\/wp\/v2\/types\/product"}],"replies":[{"embeddable":true,"href":"https:\/\/gpl-love.com\/es\/wp-json\/wp\/v2\/comments?post=112966"}],"wp:featuredmedia":[{"embeddable":true,"href":"https:\/\/gpl-love.com\/es\/wp-json\/wp\/v2\/media\/165913"}],"wp:attachment":[{"href":"https:\/\/gpl-love.com\/es\/wp-json\/wp\/v2\/media?parent=112966"}],"wp:term":[{"taxonomy":"product_brand","embeddable":true,"href":"https:\/\/gpl-love.com\/es\/wp-json\/wp\/v2\/product_brand?post=112966"},{"taxonomy":"product_cat","embeddable":true,"href":"https:\/\/gpl-love.com\/es\/wp-json\/wp\/v2\/product_cat?post=112966"},{"taxonomy":"product_tag","embeddable":true,"href":"https:\/\/gpl-love.com\/es\/wp-json\/wp\/v2\/product_tag?post=112966"}],"curies":[{"name":"wp","href":"https:\/\/api.w.org\/{rel}","templated":true}]}}