{"id":112962,"date":"2025-01-11T00:00:00","date_gmt":"2025-01-11T05:00:00","guid":{"rendered":"http:\/\/gpl-love.com\/es\/?post_type=product&#038;p=112962"},"modified":"2026-04-10T11:29:00","modified_gmt":"2026-04-10T16:29:00","slug":"townhub-directory-y-listing-wordpress-theme","status":"publish","type":"product","link":"https:\/\/gpl-love.com\/es\/producto\/townhub-directory-y-listing-wordpress-theme\/","title":{"rendered":"TownHub Directory y Listing WordPress Theme 1.8.2"},"content":{"rendered":"<h3>TownHub Directory y Listing WordPress Theme Caracteristicas<\/h3>\n<p>El TownHub Directory and Listing WordPress Theme es una herramienta extremadamente potente y notablemente vers\u00e1til que permite a los usuarios crear directorios y listados en l\u00ednea integrales y f\u00e1cilmente f\u00e1ciles de usar. Con un dise\u00f1o elegante y moderno, TownHub ofrece una extensa gama de caracter\u00edsticas y opciones de personalizaci\u00f3n que satisfacen los requisitos \u00fanicos de cualquier negocio u organizaci\u00f3n que busque establecer una presencia en l\u00ednea dominante. Desde mapas meticulosamente detallados y filtros de b\u00fasqueda altamente efectivos hasta la invaluable incorporaci\u00f3n de revisiones y calificaciones de los usuarios, TownHub simplifica el proceso de conexi\u00f3n con los clientes y promocionando efectivamente su marca. Independientemente de si aspira a crear un directorio para compras, restaurantes o servicios, o si su objetivo es administrar los listados de bienes ra\u00edces o turismo, tenga la seguridad de que Townhub proporciona un kit de herramientas que abarca todo equipado con todo lo que pueda traer para traer Tus aspiraciones visionarias a la vida v\u00edvida. Con su interfaz sumamente f\u00e1cil de usar y su dise\u00f1o incre\u00edblemente receptivo, Townhub emerge como la soluci\u00f3n inequ\u00edvoca para las empresas ambiciosas que anhelan expandir su alcance y establecer sin esfuerzo las conexiones con clientes situados en todos los rincones del mundo.<\/p>\n<ul>\n<li>Un directorio moderno y elegante y un tema de WordPress de listado<\/li>\n<li>Ofrece una interfaz f\u00e1cil de usar tanto para usuarios como para administradores<\/li>\n<li>Totalmente personalizable con opciones de personalizaci\u00f3n f\u00e1cil de usar<\/li>\n<li>El dise\u00f1o m\u00f3vil y receptivo garantiza la compatibilidad con cualquier dispositivo<\/li>\n<li>Listo de SEO con c\u00f3digo optimizado y caracter\u00edsticas para clasificar en los motores de b\u00fasqueda<\/li>\n<li>Ofrece potentes opciones de b\u00fasqueda y filtrado para que los usuarios encuentren lo que necesitan r\u00e1pidamente<\/li>\n<li>Incluye opciones f\u00e1ciles para agregar y administrar listados, incluidos campos personalizados y opciones de precios<\/li>\n<li>Admite m\u00faltiples idiomas y ofrece opciones listas para la traducci\u00f3n para una audiencia global<\/li>\n<li>Construido con la \u00faltima tecnolog\u00eda de WordPress y actualizada regularmente para garantizar un rendimiento y seguridad sin problemas<\/li>\n<li>Ofrece opciones integradas de pago y reserva para oportunidades de monetizaci\u00f3n para empresas y propietarios de sitios web.<\/li>\n<\/ul>\n","protected":false},"excerpt":{"rendered":"<p>Townhub es un tema de WordPress de vanguardia exquisitamente elaborado y de vanguardia que ha sido dise\u00f1ado por expertos para ayudarlo a construir un sitio web de directorio local integral y abarrotable. Este tema cuenta con una variedad de caracter\u00edsticas formidables, que incluyen filtros de b\u00fasqueda altamente avanzados, perfiles de listado personalizados y resultados de b\u00fasqueda espec\u00edficos de ubicaci\u00f3n, todos los cuales se combinan sin problemas para permitir a los usuarios localizar y establecer conexiones con empresas ubicadas dentro de su propia vecindad. Adem\u00e1s, el tema tambi\u00e9n ofrece una selecci\u00f3n de plantillas predise\u00f1adas que atienden espec\u00edficamente a empresas, eventos y listados clasificados, lo que le brinda la mayor comodidad cuando se trata de mostrar de manera efectiva los detalles cruciales sobre todos y cada uno de los negocios o eventos individuales. Independientemente de si se est\u00e1 embarcando en el lanzamiento de un nuevo directorio de negocios local o est\u00e1 en el proceso de revitalizar uno existente, es inequ\u00edvocamente evidente que TownHub le proporciona todas las herramientas y recursos necesarios para desarrollar un inmensamente autorizado e influyente Plataforma en l\u00ednea que sin duda servir\u00e1 como un recurso invaluable para su comunidad.<\/p>\n","protected":false},"featured_media":167844,"comment_status":"open","ping_status":"open","template":"","meta":[],"product_brand":[2337],"product_cat":[1267,1237,1238],"product_tag":[1391],"class_list":{"0":"post-112962","1":"product","2":"type-product","3":"status-publish","4":"has-post-thumbnail","6":"product_brand-themeforest","7":"product_cat-creativo","8":"product_cat-temas","9":"product_cat-wordpress-temas","10":"product_tag-themeforest","11":"member-discount","12":"discount-restricted","14":"first","15":"instock","16":"sale","17":"downloadable","18":"virtual","19":"sold-individually","20":"purchasable","21":"product-type-simple"},"_links":{"self":[{"href":"https:\/\/gpl-love.com\/es\/wp-json\/wp\/v2\/product\/112962","targetHints":{"allow":["GET"]}}],"collection":[{"href":"https:\/\/gpl-love.com\/es\/wp-json\/wp\/v2\/product"}],"about":[{"href":"https:\/\/gpl-love.com\/es\/wp-json\/wp\/v2\/types\/product"}],"replies":[{"embeddable":true,"href":"https:\/\/gpl-love.com\/es\/wp-json\/wp\/v2\/comments?post=112962"}],"wp:featuredmedia":[{"embeddable":true,"href":"https:\/\/gpl-love.com\/es\/wp-json\/wp\/v2\/media\/167844"}],"wp:attachment":[{"href":"https:\/\/gpl-love.com\/es\/wp-json\/wp\/v2\/media?parent=112962"}],"wp:term":[{"taxonomy":"product_brand","embeddable":true,"href":"https:\/\/gpl-love.com\/es\/wp-json\/wp\/v2\/product_brand?post=112962"},{"taxonomy":"product_cat","embeddable":true,"href":"https:\/\/gpl-love.com\/es\/wp-json\/wp\/v2\/product_cat?post=112962"},{"taxonomy":"product_tag","embeddable":true,"href":"https:\/\/gpl-love.com\/es\/wp-json\/wp\/v2\/product_tag?post=112962"}],"curies":[{"name":"wp","href":"https:\/\/api.w.org\/{rel}","templated":true}]}}