{"id":112960,"date":"2021-04-28T00:00:00","date_gmt":"2021-04-28T05:00:00","guid":{"rendered":"http:\/\/gpl-love.com\/es\/?post_type=product&#038;p=112960"},"modified":"2026-04-10T11:33:21","modified_gmt":"2026-04-10T16:33:21","slug":"woocommerce-product-likes","status":"publish","type":"product","link":"https:\/\/gpl-love.com\/es\/producto\/woocommerce-product-likes\/","title":{"rendered":"WooCommerce Product Likes 1.1.3"},"content":{"rendered":"<h3>WooCommerce Product Likes Caracteristicas<\/h3>\n<p>WooCommerce Product Like, una herramienta altamente efectiva dise\u00f1ada meticulosamente para aumentar la participaci\u00f3n del cliente y aumentar las ventas, posee la destreza para revolucionar las tiendas de WooCommerce. Esta ingeniosa herramienta faculta a los clientes para expresar sin esfuerzo su adoraci\u00f3n por productos espec\u00edficos, posteriormente impulsando estos productos a la vanguardia de sus c\u00edrculos de redes sociales, amplificando as\u00ed el colector de visibilidad de la tienda. Adem\u00e1s, este complemento notable facilita a\u00fan m\u00e1s a los propietarios de tiendas para obtener ideas invaluables sobre sus estimadas preferencias de clientela al seguir meticulosamente la popularidad de varios productos y mostrarlos prominentemente a trav\u00e9s de un widget est\u00e9ticamente agradable. Lo que realmente distingue al producto WooCommerce que aparte es su facilidad de uso incomparable y su integraci\u00f3n perfecta con las tiendas WooCommerce, lo que hace que la instalaci\u00f3n y la personalizaci\u00f3n sean muy f\u00e1ciles. Con una variedad de caracter\u00edsticas avanzadas que est\u00e1n obligadas a cautivar a cualquier propietario de la tienda en l\u00ednea exigente, esta herramienta indispensable es un activo por excelencia para cualquier establecimiento que aspire a mejorar la participaci\u00f3n del cliente y generar un aumento sustancial en las ventas.<\/p>\n<ul>\n<li>Agrega un bot\u00f3n \u00abMe gusta\u00bb a su p\u00e1gina de productos de WooCommerce<\/li>\n<li>Permite a los clientes mostrar f\u00e1cilmente su agradecimiento por sus productos.<\/li>\n<li>Muestra la cantidad de me gusta que ha recibido un producto<\/li>\n<li>Aumenta la prueba social y la credibilidad para su negocio<\/li>\n<li>Proporciona comentarios valiosos sobre qu\u00e9 productos son populares entre sus clientes.<\/li>\n<li>F\u00e1cil de personalizar y estilo para que coincida con la est\u00e9tica de su marca<\/li>\n<li>Se puede integrar f\u00e1cilmente con otros complementos de WooCommerce y complementos<\/li>\n<li>Ayuda a mejorar el compromiso y la lealtad del cliente<\/li>\n<li>Aumenta la visibilidad y las ventas del producto alentando m\u00e1s interacciones con sus productos<\/li>\n<li>Mejora la experiencia general del usuario de su tienda en l\u00ednea.<\/li>\n<\/ul>\n","protected":false},"excerpt":{"rendered":"<p>WooCommerce Product Keup demuestra ser un complemento incre\u00edblemente potente que posee la m\u00e1xima capacidad de reforzar y amplificar sus ventas, fomentando as\u00ed un crecimiento notable para su estimada tienda en l\u00ednea. En virtud de este complemento excepcional, sus valiosos clientes se les otorga la notable oportunidad de expresar su adoraci\u00f3n por sus productos, directamente de las p\u00e1ginas de productos, por lo que les consultan una conveniencia incomparable para compartir sus art\u00edculos queridos con sus conocidos y camaradas. Una caracter\u00edstica tan ingeniosa tiene el potencial de generar un inmenso zumbido social en torno a su mercanc\u00eda, que en consecuencia culmina en una afluencia sustancial de tr\u00e1fico web y ventas aumentadas para su estimado establecimiento en l\u00ednea. Adem\u00e1s, el excepcional como el producto de WooCommerce le gusta la capacidad invaluable de monitorear y rastrear meticulosamente los niveles de popularidad de su amplia gama de productos y, de manera crucial, emplear esta informaci\u00f3n indispensable para optimizar su escaparate digital, allanando as\u00ed el camino para una sobretensi\u00f3n sin precedentes. en ingresos y prosperidad financiera.<\/p>\n","protected":false},"featured_media":168227,"comment_status":"open","ping_status":"open","template":"","meta":[],"product_brand":[2344],"product_cat":[1207,1225,1206],"product_tag":[1423],"class_list":{"0":"post-112960","1":"product","2":"type-product","3":"status-publish","4":"has-post-thumbnail","6":"product_brand-woocommerce","7":"product_cat-comercio-electronico-plugins","8":"product_cat-marketing","9":"product_cat-plugins","10":"product_tag-woocommerce","11":"member-discount","12":"discount-restricted","14":"first","15":"instock","16":"sale","17":"downloadable","18":"virtual","19":"sold-individually","20":"purchasable","21":"product-type-simple"},"_links":{"self":[{"href":"https:\/\/gpl-love.com\/es\/wp-json\/wp\/v2\/product\/112960","targetHints":{"allow":["GET"]}}],"collection":[{"href":"https:\/\/gpl-love.com\/es\/wp-json\/wp\/v2\/product"}],"about":[{"href":"https:\/\/gpl-love.com\/es\/wp-json\/wp\/v2\/types\/product"}],"replies":[{"embeddable":true,"href":"https:\/\/gpl-love.com\/es\/wp-json\/wp\/v2\/comments?post=112960"}],"wp:featuredmedia":[{"embeddable":true,"href":"https:\/\/gpl-love.com\/es\/wp-json\/wp\/v2\/media\/168227"}],"wp:attachment":[{"href":"https:\/\/gpl-love.com\/es\/wp-json\/wp\/v2\/media?parent=112960"}],"wp:term":[{"taxonomy":"product_brand","embeddable":true,"href":"https:\/\/gpl-love.com\/es\/wp-json\/wp\/v2\/product_brand?post=112960"},{"taxonomy":"product_cat","embeddable":true,"href":"https:\/\/gpl-love.com\/es\/wp-json\/wp\/v2\/product_cat?post=112960"},{"taxonomy":"product_tag","embeddable":true,"href":"https:\/\/gpl-love.com\/es\/wp-json\/wp\/v2\/product_tag?post=112960"}],"curies":[{"name":"wp","href":"https:\/\/api.w.org\/{rel}","templated":true}]}}