{"id":112958,"date":"2024-08-29T00:00:00","date_gmt":"2024-08-29T05:00:00","guid":{"rendered":"http:\/\/gpl-love.com\/es\/?post_type=product&#038;p=112958"},"modified":"2026-03-13T17:17:32","modified_gmt":"2026-03-13T22:17:32","slug":"cartzilla-digital-marketplace-y-grocery-store-wordpress-theme","status":"publish","type":"product","link":"https:\/\/gpl-love.com\/es\/producto\/cartzilla-digital-marketplace-y-grocery-store-wordpress-theme\/","title":{"rendered":"Cartzilla Digital Marketplace y Grocery Store WordPress Theme 1.0.23"},"content":{"rendered":"<h3>Cartzilla Digital Marketplace y Grocery Store WordPress Theme Caracteristicas<\/h3>\n<p>El Cartzilla Digital Marketplace y la tienda de comestibles WordPress WordPress es una soluci\u00f3n incre\u00edblemente multifac\u00e9tica y repleta dise\u00f1ada espec\u00edficamente para mercados en l\u00ednea y supermercados. Su interfaz, que es incre\u00edblemente f\u00e1cil de usar, sirve para ofrecer una experiencia de compra sin esfuerzo suave y agradable para los clientes. Adem\u00e1s, su arsenal de herramientas e integraciones robustas faculta a los proveedores para administrar eficientemente sus productos y pedidos. En particular, este tema cuenta con un impresionante nivel de personalizaci\u00f3n, otorgando a los usuarios acceso a una amplia gama de opciones de dise\u00f1o y una gran cantidad de caracter\u00edsticas incorporadas, como filtros de productos, funcionalidad de la lista de deseos y m\u00faltiples pasarelas de pago. Independientemente de si aspira a crear un mercado digital o una tienda de comestibles en l\u00ednea, el tema de Cartzilla indudablemente es una opci\u00f3n inigualable para sus requisitos de comercio electr\u00f3nico.<\/p>\n<ul>\n<li>Cartzilla es un tema de WordPress dise\u00f1ado espec\u00edficamente para mercados digitales y tiendas de comestibles.<\/li>\n<li>El tema es totalmente receptivo y personalizable, lo que le permite crear una apariencia \u00fanica para su sitio web.<\/li>\n<li>Cartzilla viene equipado con varias caracter\u00edsticas para ayudarlo a administrar su mercado o tienda de comestibles, incluido un cat\u00e1logo de productos, un carrito de compras y un sistema de pago.<\/li>\n<li>El tema admite pasarelas de pago populares como PayPal y Stripe, lo que facilita a los clientes pagar.<\/li>\n<li>Puede usar Cartzilla para crear un mercado de m\u00faltiples proveedores, lo que permite a varios vendedores vender sus productos a trav\u00e9s de su sitio web.<\/li>\n<li>El tema incluye varias plantillas de p\u00e1gina preconstruidas, que incluyen una p\u00e1gina de inicio, p\u00e1gina de tienda, p\u00e1gina de blog y m\u00e1s.<\/li>\n<li>Con Cartzilla, puede usar el editor de bloques de WordPress para crear p\u00e1ginas y publicaciones personalizadas, o puede usar el complemento Visual Composer incluido para opciones de personalizaci\u00f3n m\u00e1s avanzadas.<\/li>\n<li>El tema est\u00e1 optimizado para la velocidad y el SEO, asegurando que su sitio web se cargue r\u00e1pidamente y se ubique bien en los motores de b\u00fasqueda.<\/li>\n<li>Cartzilla tambi\u00e9n incluye varias opciones de personalizaci\u00f3n para tipograf\u00eda, colores y dise\u00f1o, lo que le permite crear un sitio web visualmente impresionante.<\/li>\n<li>En general, Cartzilla es un tema de WordPress poderoso y vers\u00e1til que es perfecto para cualquier persona que busque crear un mercado digital o un sitio web de la tienda de comestibles.<\/li>\n<\/ul>\n","protected":false},"excerpt":{"rendered":"<p>Presentamos el tema de WordPress del mercado digital Cartzilla y la tienda de comestibles: una soluci\u00f3n vers\u00e1til y rica en funciones para todas sus necesidades de comercio electr\u00f3nico. Este tema din\u00e1mico incorpora lo mejor de los mercados digitales y las tiendas de comestibles en una plataforma perfecta y f\u00e1cil de usar. Con una interfaz altamente personalizable, puede dise\u00f1ar su tienda en l\u00ednea exactamente de la manera que desee. El tema admite m\u00faltiples pasarelas de pago, ofreciendo a sus clientes una experiencia de compra segura y sin problemas. A su atractivo se suma a su dise\u00f1o amigable con SEO, asegurando que su tienda obtenga la visibilidad que merece. Obtenga el tema de WordPress de Cartzilla Digital Marketplace y la tienda de comestibles hoy y lleve su negocio en l\u00ednea al siguiente nivel.<\/p>\n","protected":false},"featured_media":165601,"comment_status":"open","ping_status":"open","template":"","meta":[],"product_brand":[2337],"product_cat":[1263,1469,1237],"product_tag":[1391],"class_list":{"0":"post-112958","1":"product","2":"type-product","3":"status-publish","4":"has-post-thumbnail","6":"product_brand-themeforest","7":"product_cat-comercio-electronico-temas","8":"product_cat-creativo-comercio-electronico-temas","9":"product_cat-temas","10":"product_tag-themeforest","11":"member-discount","12":"discount-restricted","14":"first","15":"instock","16":"sale","17":"downloadable","18":"virtual","19":"sold-individually","20":"purchasable","21":"product-type-simple"},"_links":{"self":[{"href":"https:\/\/gpl-love.com\/es\/wp-json\/wp\/v2\/product\/112958","targetHints":{"allow":["GET"]}}],"collection":[{"href":"https:\/\/gpl-love.com\/es\/wp-json\/wp\/v2\/product"}],"about":[{"href":"https:\/\/gpl-love.com\/es\/wp-json\/wp\/v2\/types\/product"}],"replies":[{"embeddable":true,"href":"https:\/\/gpl-love.com\/es\/wp-json\/wp\/v2\/comments?post=112958"}],"wp:featuredmedia":[{"embeddable":true,"href":"https:\/\/gpl-love.com\/es\/wp-json\/wp\/v2\/media\/165601"}],"wp:attachment":[{"href":"https:\/\/gpl-love.com\/es\/wp-json\/wp\/v2\/media?parent=112958"}],"wp:term":[{"taxonomy":"product_brand","embeddable":true,"href":"https:\/\/gpl-love.com\/es\/wp-json\/wp\/v2\/product_brand?post=112958"},{"taxonomy":"product_cat","embeddable":true,"href":"https:\/\/gpl-love.com\/es\/wp-json\/wp\/v2\/product_cat?post=112958"},{"taxonomy":"product_tag","embeddable":true,"href":"https:\/\/gpl-love.com\/es\/wp-json\/wp\/v2\/product_tag?post=112958"}],"curies":[{"name":"wp","href":"https:\/\/api.w.org\/{rel}","templated":true}]}}