{"id":112956,"date":"2021-11-06T00:00:00","date_gmt":"2021-11-06T05:00:00","guid":{"rendered":"http:\/\/gpl-love.com\/es\/?post_type=product&#038;p=112956"},"modified":"2026-04-10T11:22:44","modified_gmt":"2026-04-10T16:22:44","slug":"quick-checkout-para-woocommerce-one-page-checkout","status":"publish","type":"product","link":"https:\/\/gpl-love.com\/es\/producto\/quick-checkout-para-woocommerce-one-page-checkout\/","title":{"rendered":"Quick Checkout para WooCommerce One Page Checkout 2.2.1"},"content":{"rendered":"<h3>Quick Checkout para WooCommerce One Page Checkout Caracteristicas<\/h3>\n<p>El pago r\u00e1pido, un complemento altamente efectivo para WooCommerce, ofrece una experiencia de transacci\u00f3n en l\u00ednea simplificada a trav\u00e9s de su proceso de pago de una p\u00e1gina sin problemas. Al condensar el viaje de compra a un solo paso, este complemento reduce efectivamente la tasa de carros de compras abandonados y mejora las tasas de conversi\u00f3n. Adem\u00e1s, el pago r\u00e1pido proporciona a los comerciantes la capacidad de adaptar la p\u00e1gina de pago de acuerdo con el dise\u00f1o \u00fanico de su tienda, permitiendo adiciones o eliminaciones de campo para recopilar la informaci\u00f3n necesaria del cliente. Adem\u00e1s, este complemento excepcional se integra perfectamente con las pasarelas de pago populares, simplificando el proceso de aceptar diversos m\u00e9todos de pago para comerciantes. En conclusi\u00f3n, el pago r\u00e1pido optimiza el proceso de pago al proporcionar a los clientes una experiencia m\u00e1s r\u00e1pida y conveniente, todo mientras aumenta las ventas para los comerciantes.<\/p>\n<ul>\n<li>Proceso de pago optimizado para clientes de WooCommerce<\/li>\n<li>Simplifica los pasos de pago en una p\u00e1gina para una finalizaci\u00f3n de compra m\u00e1s r\u00e1pida<\/li>\n<li>Ofrece campos personalizables para recopilar informaci\u00f3n del cliente<\/li>\n<li>Se integra con varias pasarelas de pago para transacciones seguras<\/li>\n<li>Reduce el abandono del carrito y mejora las tasas de conversi\u00f3n<\/li>\n<li>Compatible con todos los temas de WordPress y versiones de WooCommerce<\/li>\n<li>Proporciona informes detallados sobre el rendimiento del pago y el comportamiento del cliente<\/li>\n<li>Ofrece una amplia documentaci\u00f3n y soporte para una f\u00e1cil instalaci\u00f3n y configuraci\u00f3n<\/li>\n<li>Ahorra tiempo y esfuerzo tanto para los clientes como para los propietarios de tiendas<\/li>\n<\/ul>\n","protected":false},"excerpt":{"rendered":"<p>El momento de pago r\u00e1pido para el complemento de pago de una p\u00e1gina WooCommerce es una herramienta esencial para las personas que utilizan WooCommerce. Este notable complemento permite a los clientes completar r\u00e1pidamente sus transacciones en una sola p\u00e1gina, eliminando as\u00ed la necesidad de navegar a trav\u00e9s de procedimientos de pago contorneados. Sus procesos de instalaci\u00f3n y configuraci\u00f3n son sencillos, y ofrece una gran cantidad de caracter\u00edsticas que incluyen campos personalizables, actualizaciones autom\u00e1ticas y un dise\u00f1o receptivo que se adapta perfectamente a todos los dispositivos. Su clientela sin duda apreciar\u00e1 la naturaleza f\u00e1cil de usar de este complemento, y sin duda se beneficiar\u00e1 del aumento posterior en las ventas que trae. Entonces, \u00bfpor qu\u00e9 esperar? \u00a1Adquiere un pago r\u00e1pido para el pago de una p\u00e1gina de WooCommerce hoy!<\/p>\n","protected":false},"featured_media":167304,"comment_status":"open","ping_status":"open","template":"","meta":[],"product_brand":[2543],"product_cat":[1207,1248,1206],"product_tag":[2113],"class_list":{"0":"post-112956","1":"product","2":"type-product","3":"status-publish","4":"has-post-thumbnail","6":"product_brand-quick-checkout","7":"product_cat-comercio-electronico-plugins","8":"product_cat-personalizacion-comercio-electronico-plugins","9":"product_cat-plugins","10":"product_tag-quick-checkout","11":"member-discount","12":"discount-restricted","14":"first","15":"instock","16":"sale","17":"downloadable","18":"virtual","19":"sold-individually","20":"purchasable","21":"product-type-simple"},"_links":{"self":[{"href":"https:\/\/gpl-love.com\/es\/wp-json\/wp\/v2\/product\/112956","targetHints":{"allow":["GET"]}}],"collection":[{"href":"https:\/\/gpl-love.com\/es\/wp-json\/wp\/v2\/product"}],"about":[{"href":"https:\/\/gpl-love.com\/es\/wp-json\/wp\/v2\/types\/product"}],"replies":[{"embeddable":true,"href":"https:\/\/gpl-love.com\/es\/wp-json\/wp\/v2\/comments?post=112956"}],"wp:featuredmedia":[{"embeddable":true,"href":"https:\/\/gpl-love.com\/es\/wp-json\/wp\/v2\/media\/167304"}],"wp:attachment":[{"href":"https:\/\/gpl-love.com\/es\/wp-json\/wp\/v2\/media?parent=112956"}],"wp:term":[{"taxonomy":"product_brand","embeddable":true,"href":"https:\/\/gpl-love.com\/es\/wp-json\/wp\/v2\/product_brand?post=112956"},{"taxonomy":"product_cat","embeddable":true,"href":"https:\/\/gpl-love.com\/es\/wp-json\/wp\/v2\/product_cat?post=112956"},{"taxonomy":"product_tag","embeddable":true,"href":"https:\/\/gpl-love.com\/es\/wp-json\/wp\/v2\/product_tag?post=112956"}],"curies":[{"name":"wp","href":"https:\/\/api.w.org\/{rel}","templated":true}]}}