{"id":112954,"date":"2025-12-29T00:00:00","date_gmt":"2025-12-29T05:00:00","guid":{"rendered":"http:\/\/gpl-love.com\/es\/?post_type=product&#038;p=112954"},"modified":"2026-03-13T17:29:21","modified_gmt":"2026-03-13T22:29:21","slug":"sober-woocommerce-wordpress-theme","status":"publish","type":"product","link":"https:\/\/gpl-love.com\/es\/producto\/sober-woocommerce-wordpress-theme\/","title":{"rendered":"Sober WooCommerce WordPress Theme 3.6.0"},"content":{"rendered":"<h3>Sober WooCommerce WordPress Theme Caracteristicas<\/h3>\n<p>El tema Sober WooCommerce WordPress se presenta como una soluci\u00f3n \u00f3ptima para aquellos que buscan establecer una tienda en l\u00ednea profesional y refinada. Con su dise\u00f1o minimalista, demuestra ser una plataforma ideal para mostrar efectivamente sus productos de una manera pulida y bien organizada. Adem\u00e1s, este tema cuenta con una variedad de caracter\u00edsticas, que abarca una p\u00e1gina de inicio personalizable, m\u00faltiples opciones de encabezado, as\u00ed como diversos dise\u00f1os de p\u00e1ginas de productos. Para mejorar a\u00fan m\u00e1s su versatilidad, el tema es totalmente receptivo, asegurando as\u00ed que el atractivo visual de su tienda trasciendan todos los dispositivos. Adem\u00e1s, el tema de WordPress de Sober WooCommerce prioriza la optimizaci\u00f3n de los motores de b\u00fasqueda, garantizando que su tienda alcance una clasificaci\u00f3n encomiable dentro de los resultados del motor de b\u00fasqueda. En resumen, este tema es una elecci\u00f3n excepcional para las personas que buscan cultivar una tienda en l\u00ednea que sobresale tanto en funcionalidad como en encanto est\u00e9tico.<\/p>\n<ul>\n<li>Dise\u00f1o moderno y elegante<\/li>\n<li>Totalmente compatible con WooCommerce<\/li>\n<li>Dise\u00f1o de respuesta m\u00f3vil<\/li>\n<li>Dise\u00f1o minimalista de la p\u00e1gina de inicio<\/li>\n<li>Amplia gama de opciones de personalizaci\u00f3n<\/li>\n<li>Uso de animaciones y transiciones CSS3<\/li>\n<li>Velocidad y rendimiento mejorados del sitio web<\/li>\n<li>Builder de p\u00e1gina f\u00e1cil de usar para la personalizaci\u00f3n<\/li>\n<li>Caracter\u00edsticas de optimizaci\u00f3n de SEO incorporadas<\/li>\n<li>Dise\u00f1os de p\u00e1gina preponilados dedicados<\/li>\n<li>M\u00faltiples \u00e1reas listas para widgets.<\/li>\n<\/ul>\n","protected":false},"excerpt":{"rendered":"<p>El tema de WordPress de Sober WooCommerce ofrece una resoluci\u00f3n \u00f3ptima para aquellos que buscan establecer una tienda en l\u00ednea que emana profesionalismo y elegancia. Este tema, con su dise\u00f1o contempor\u00e1neo y sin problemas, sirve como un conducto impecable para exhibir su mercanc\u00eda de una manera elegante y refinada. Espec\u00edficamente adaptado para WooCommerce, el tema sobrio lo equipa con una variedad de caracter\u00edsticas indispensables para administrar f\u00e1cilmente su tienda virtual, que comprende p\u00e1ginas de productos personalizables, un carrito de compras y alternativas seguras de pago. Adem\u00e1s, este tema es totalmente receptivo, asegurando as\u00ed que su tienda exude un aura de magnificencia en todos los dispositivos. Emb\u00e1rcate en tu viaje con el sobrio tema de WordPress de WooCommerce y eleva tu tienda en l\u00ednea a alturas sin precedentes.<\/p>\n","protected":false},"featured_media":167520,"comment_status":"open","ping_status":"open","template":"","meta":[],"product_brand":[2337],"product_cat":[1263,1264,1237],"product_tag":[1391],"class_list":{"0":"post-112954","1":"product","2":"type-product","3":"status-publish","4":"has-post-thumbnail","6":"product_brand-themeforest","7":"product_cat-comercio-electronico-temas","8":"product_cat-negocio","9":"product_cat-temas","10":"product_tag-themeforest","11":"member-discount","12":"discount-restricted","14":"first","15":"instock","16":"sale","17":"downloadable","18":"virtual","19":"sold-individually","20":"purchasable","21":"product-type-simple"},"_links":{"self":[{"href":"https:\/\/gpl-love.com\/es\/wp-json\/wp\/v2\/product\/112954","targetHints":{"allow":["GET"]}}],"collection":[{"href":"https:\/\/gpl-love.com\/es\/wp-json\/wp\/v2\/product"}],"about":[{"href":"https:\/\/gpl-love.com\/es\/wp-json\/wp\/v2\/types\/product"}],"replies":[{"embeddable":true,"href":"https:\/\/gpl-love.com\/es\/wp-json\/wp\/v2\/comments?post=112954"}],"wp:featuredmedia":[{"embeddable":true,"href":"https:\/\/gpl-love.com\/es\/wp-json\/wp\/v2\/media\/167520"}],"wp:attachment":[{"href":"https:\/\/gpl-love.com\/es\/wp-json\/wp\/v2\/media?parent=112954"}],"wp:term":[{"taxonomy":"product_brand","embeddable":true,"href":"https:\/\/gpl-love.com\/es\/wp-json\/wp\/v2\/product_brand?post=112954"},{"taxonomy":"product_cat","embeddable":true,"href":"https:\/\/gpl-love.com\/es\/wp-json\/wp\/v2\/product_cat?post=112954"},{"taxonomy":"product_tag","embeddable":true,"href":"https:\/\/gpl-love.com\/es\/wp-json\/wp\/v2\/product_tag?post=112954"}],"curies":[{"name":"wp","href":"https:\/\/api.w.org\/{rel}","templated":true}]}}