{"id":112952,"date":"2025-07-18T00:00:00","date_gmt":"2025-07-18T05:00:00","guid":{"rendered":"http:\/\/gpl-love.com\/es\/?post_type=product&#038;p=112952"},"modified":"2026-03-13T17:24:31","modified_gmt":"2026-03-13T22:24:31","slug":"metafans-community-y-social-network-buddypress-theme","status":"publish","type":"product","link":"https:\/\/gpl-love.com\/es\/producto\/metafans-community-y-social-network-buddypress-theme\/","title":{"rendered":"MetaFans Community y Social Network BuddyPress Theme 3.4"},"content":{"rendered":"<h3>MetaFans Community y Social Network BuddyPress Theme Caracteristicas<\/h3>\n<p>El tema de BuddyPress Community and Social Network Metafans es un tema de WordPress notablemente multifuncional y personalizable que posee la capacidad de ser adaptada meticulosamente para atender los requisitos diversos y variados de cualquier comunidad o red social en l\u00ednea. Este tema en particular ha sido h\u00e1bilmente dise\u00f1ado para amalgamarse perfectamente con el complemento BuddyPress, facilitando a los usuarios con la oportunidad de acceder a una amplia gama de caracter\u00edsticas, incluidas, entre otros, mensajes, flujos de actividades, grupos, foros y una gran cantidad de otras funcionalidades. Adem\u00e1s, el tema se ha construido meticulosamente utilizando tecnolog\u00edas web de vanguardia y posee una capacidad de respuesta completa, garantizando as\u00ed que exhibe una apariencia est\u00e9ticamente agradable en todos los dispositivos. En virtud de su formidable panel de opciones de temas y una amplia gama de plantillas predise\u00f1adas, MetaFans permite a los usuarios construir sin esfuerzo y de manera expedente construir una comunidad o red social \u00fanica y cautivadora. Si las intenciones de uno son construir una red social especializada que atiende a un nicho en particular o establecer una comunidad para su empresa, los metafans indudablemente surgen como la soluci\u00f3n por excelencia.<\/p>\n<ul>\n<li>Dise\u00f1o totalmente receptivo para una visualizaci\u00f3n \u00f3ptima en cualquier dispositivo<\/li>\n<li>P\u00e1gina de inicio personalizable con m\u00faltiples opciones de dise\u00f1o<\/li>\n<li>Integraci\u00f3n con el complemento de red social de BuddyPress para caracter\u00edsticas de la comunidad mejoradas<\/li>\n<li>M\u00faltiples estilos de encabezado y pie de p\u00e1gina para adaptarse a su marca<\/li>\n<li>Widgets y c\u00f3digos cortos personalizados para mayor funcionalidad y flexibilidad<\/li>\n<li>Panel de opciones de temas avanzados para una f\u00e1cil personalizaci\u00f3n<\/li>\n<li>Traducci\u00f3n lista para una audiencia global<\/li>\n<li>Instalaci\u00f3n de demostraci\u00f3n de un clic para comenzar r\u00e1pidamente<\/li>\n<li>Actualizaciones regulares y excelente apoyo de desarrolladores experimentados<\/li>\n<li>Perfecto para construir comunidades en l\u00ednea, foros y redes sociales.<\/li>\n<\/ul>\n","protected":false},"excerpt":{"rendered":"<p>\u00bfHas estado buscando un tema de BuddyPress absolutamente impresionante y altamente adaptable que complementar\u00e1 perfectamente el sitio web de tu comunidad y red social? Bueno, tu b\u00fasqueda termina aqu\u00ed, amigo m\u00edo, porque te presento el magn\u00edfico tema de BuddyPress Community y Social Network BuddyPress. Este notable tema est\u00e1 repleto de una extensa gama de opciones de personalizaci\u00f3n, que le brinda la mejor flexibilidad para adaptarlo a sus especificaciones exactas. Adem\u00e1s, est\u00e1 equipado con todas las herramientas esenciales necesarias para construir una comunidad en l\u00ednea vivaz y cautivadora. La cereza en la parte superior? Un panel de administraci\u00f3n que no solo es incre\u00edblemente f\u00e1cil de usar, sino que tambi\u00e9n cuenta con un dise\u00f1o incre\u00edblemente elegante y contempor\u00e1neo. Sin lugar a dudas, Input: MetaFans es, sin duda, la opci\u00f3n \u00f3ptima para cualquier persona que busque embarcarse en el viaje de lanzar una pr\u00f3spera red social o un sitio web de la comunidad. \u00a1No dudes m\u00e1s, amigo m\u00edo! \u00a1Aprovecha la oportunidad hoy y eleva tu presencia en l\u00ednea a alturas sin precedentes!<\/p>\n","protected":false},"featured_media":166774,"comment_status":"open","ping_status":"open","template":"","meta":[],"product_brand":[2337],"product_cat":[1267,1237,1238],"product_tag":[1391],"class_list":{"0":"post-112952","1":"product","2":"type-product","3":"status-publish","4":"has-post-thumbnail","6":"product_brand-themeforest","7":"product_cat-creativo","8":"product_cat-temas","9":"product_cat-wordpress-temas","10":"product_tag-themeforest","11":"member-discount","12":"discount-restricted","14":"first","15":"instock","16":"sale","17":"downloadable","18":"virtual","19":"sold-individually","20":"purchasable","21":"product-type-simple"},"_links":{"self":[{"href":"https:\/\/gpl-love.com\/es\/wp-json\/wp\/v2\/product\/112952","targetHints":{"allow":["GET"]}}],"collection":[{"href":"https:\/\/gpl-love.com\/es\/wp-json\/wp\/v2\/product"}],"about":[{"href":"https:\/\/gpl-love.com\/es\/wp-json\/wp\/v2\/types\/product"}],"replies":[{"embeddable":true,"href":"https:\/\/gpl-love.com\/es\/wp-json\/wp\/v2\/comments?post=112952"}],"wp:featuredmedia":[{"embeddable":true,"href":"https:\/\/gpl-love.com\/es\/wp-json\/wp\/v2\/media\/166774"}],"wp:attachment":[{"href":"https:\/\/gpl-love.com\/es\/wp-json\/wp\/v2\/media?parent=112952"}],"wp:term":[{"taxonomy":"product_brand","embeddable":true,"href":"https:\/\/gpl-love.com\/es\/wp-json\/wp\/v2\/product_brand?post=112952"},{"taxonomy":"product_cat","embeddable":true,"href":"https:\/\/gpl-love.com\/es\/wp-json\/wp\/v2\/product_cat?post=112952"},{"taxonomy":"product_tag","embeddable":true,"href":"https:\/\/gpl-love.com\/es\/wp-json\/wp\/v2\/product_tag?post=112952"}],"curies":[{"name":"wp","href":"https:\/\/api.w.org\/{rel}","templated":true}]}}