{"id":112932,"date":"2026-03-26T00:00:00","date_gmt":"2026-03-26T05:00:00","guid":{"rendered":"http:\/\/gpl-love.com\/es\/?post_type=product&#038;p=112932"},"modified":"2026-03-26T17:16:28","modified_gmt":"2026-03-26T22:16:28","slug":"woocommerce-smart-refunder","status":"publish","type":"product","link":"https:\/\/gpl-love.com\/es\/producto\/woocommerce-smart-refunder\/","title":{"rendered":"WooCommerce Smart Refunder 2.5.0"},"content":{"rendered":"<h3>WooCommerce Smart Refunder Caracteristicas<\/h3>\n<p>El WooCommerce Smart Refunder, una herramienta incre\u00edblemente robusta creada para optimizar el proceso de reembolso para su tienda en l\u00ednea, es una adici\u00f3n imprescindible. Al implementar este complemento ingenioso, sus clientes obtienen el poder de iniciar sus propios reembolsos, aliviando as\u00ed la carga de su parte. Adem\u00e1s, el complemento le brinda el lujo de dise\u00f1ar reglas y condiciones de reembolso predefinidas, lo que permite la gesti\u00f3n sin esfuerzo de los reembolsos y, en \u00faltima instancia, conservando un tiempo precioso. WooCommerce Smart Refunder es una garant\u00eda de reembolsos r\u00e1pidos, sin problemas y sin problemas, lo que garantiza la satisfacci\u00f3n tanto para usted como para sus estimados clientes. Este complemento notable no solo le permite brindar un servicio al cliente inigualable, sino que tambi\u00e9n cultiva una confianza inquebrantable dentro de su audiencia, lo que resulta en un aumento en las ventas y fomenta la lealtad inquebrantable de su valiosa clientela.<\/p>\n<ul>\n<li>Automatizar el proceso de reembolso para los propietarios de tiendas de WooCommerce<\/li>\n<li>Ahorra tiempo y garantiza la precisi\u00f3n en el proceso de reembolso<\/li>\n<li>Ofrece flexibilidad en las opciones de reembolso, que incluyen reembolsos y reembolsos completos o parciales con o sin tarifas de reposici\u00f3n<\/li>\n<li>Aumenta la satisfacci\u00f3n del cliente mediante el procesamiento de reembolsos de manera r\u00e1pida y eficiente<\/li>\n<li>Incluye mensajes de reembolso personalizables para comunicarse con los clientes sobre el estado de reembolso<\/li>\n<li>Compatible con todas las pasarelas de pago de WooCommerce y los m\u00e9todos de reembolso<\/li>\n<li>Proporciona informes de reembolso detallados para que los propietarios de tiendas rastreen la actividad de reembolso<\/li>\n<li>Ofrece reembolsos de un solo clic para conveniencia y facilidad de uso<\/li>\n<li>Incluye la opci\u00f3n de emitir cr\u00e9dito de la tienda en lugar de un reembolso<\/li>\n<li>Simplifica el proceso de reembolso tanto para propietarios de tiendas como para clientes.<\/li>\n<\/ul>\n","protected":false},"excerpt":{"rendered":"<p>WooCommerce Smart Refunder, una herramienta din\u00e1mica y robusta meticulosamente elaborada, tiene como objetivo optimizar y acelerar el intrincado proceso de reembolso para las tiendas de comercio electr\u00f3nico que se han construido en la plataforma WooCommerce. Esta ingeniosa herramienta faculta a los usuarios para administrar sin esfuerzo reembolsos para pedidos individuales o m\u00faltiples con la m\u00e1xima conveniencia, lo que requiere solo un solo pu\u00f1ado de clics. La interfaz de usuario, con un nivel incomparable de simplicidad e intuici\u00f3n, presenta una experiencia accesible a las personas de todas las competencias t\u00e9cnicas, lo que hace que la experiencia t\u00e9cnica sea irrelevante. Adem\u00e1s, el refunduo inteligente va m\u00e1s all\u00e1 de la mera funcionalidad al proporcionar a los usuarios una autonom\u00eda completa para personalizar las pol\u00edticas de reembolso de acuerdo con sus requisitos idiosincr\u00e1ticos. Se despidi\u00f3 de la irritaci\u00f3n derivada de los laboriosos procedimientos de reembolso manual: \u00a1el REFunder inteligente de WooCommerce atender\u00e1 obedientemente sus necesidades y aliviar\u00e1 dichas tribulaciones que pueda enfrentar!<\/p>\n","protected":false},"featured_media":168269,"comment_status":"open","ping_status":"open","template":"","meta":[],"product_brand":[2344],"product_cat":[1208,1207,1206],"product_tag":[1423],"class_list":{"0":"post-112932","1":"product","2":"type-product","3":"status-publish","4":"has-post-thumbnail","6":"product_brand-woocommerce","7":"product_cat-administracion","8":"product_cat-comercio-electronico-plugins","9":"product_cat-plugins","10":"product_tag-woocommerce","11":"member-discount","12":"discount-restricted","14":"first","15":"instock","16":"sale","17":"downloadable","18":"virtual","19":"sold-individually","20":"purchasable","21":"product-type-simple"},"_links":{"self":[{"href":"https:\/\/gpl-love.com\/es\/wp-json\/wp\/v2\/product\/112932","targetHints":{"allow":["GET"]}}],"collection":[{"href":"https:\/\/gpl-love.com\/es\/wp-json\/wp\/v2\/product"}],"about":[{"href":"https:\/\/gpl-love.com\/es\/wp-json\/wp\/v2\/types\/product"}],"replies":[{"embeddable":true,"href":"https:\/\/gpl-love.com\/es\/wp-json\/wp\/v2\/comments?post=112932"}],"wp:featuredmedia":[{"embeddable":true,"href":"https:\/\/gpl-love.com\/es\/wp-json\/wp\/v2\/media\/168269"}],"wp:attachment":[{"href":"https:\/\/gpl-love.com\/es\/wp-json\/wp\/v2\/media?parent=112932"}],"wp:term":[{"taxonomy":"product_brand","embeddable":true,"href":"https:\/\/gpl-love.com\/es\/wp-json\/wp\/v2\/product_brand?post=112932"},{"taxonomy":"product_cat","embeddable":true,"href":"https:\/\/gpl-love.com\/es\/wp-json\/wp\/v2\/product_cat?post=112932"},{"taxonomy":"product_tag","embeddable":true,"href":"https:\/\/gpl-love.com\/es\/wp-json\/wp\/v2\/product_tag?post=112932"}],"curies":[{"name":"wp","href":"https:\/\/api.w.org\/{rel}","templated":true}]}}