{"id":112930,"date":"2026-02-05T00:00:00","date_gmt":"2026-02-05T05:00:00","guid":{"rendered":"http:\/\/gpl-love.com\/es\/?post_type=product&#038;p=112930"},"modified":"2026-03-30T11:16:11","modified_gmt":"2026-03-30T16:16:11","slug":"woocommerce-returns-y-warranty-requests","status":"publish","type":"product","link":"https:\/\/gpl-love.com\/es\/producto\/woocommerce-returns-y-warranty-requests\/","title":{"rendered":"WooCommerce Returns y Warranty Requests 2.7.5"},"content":{"rendered":"<h3>WooCommerce Returns y Warranty Requests Caracteristicas<\/h3>\n<p>El complemento de devoluciones y solicitudes de garant\u00eda de WooCommerce sirve como una herramienta esencial para los propietarios de tiendas en l\u00ednea que buscan optimizar y mejorar sus devoluciones y el proceso de gesti\u00f3n de garant\u00eda. Este complemento otorga la capacidad de las pol\u00edticas de devoluci\u00f3n personalizadas sin esfuerzo y las duraciones de la garant\u00eda, al tiempo que facilita la administraci\u00f3n de solicitudes y devoluciones de clientes a trav\u00e9s de un tablero centralizado. Adem\u00e1s, el complemento extiende el soporte para una variedad diversa de alternativas de devoluci\u00f3n e intercambio, que abarca el reemplazo, el reembolso y el cr\u00e9dito de la tienda. Adem\u00e1s, disminuye efectivamente el tiempo invertido en el servicio al cliente al automatizar la secuencia de eventos desde el inicio de la solicitud hasta el procesamiento de devoluci\u00f3n. En general, la presencia del complemento de solicitudes de devoluciones de WooCommerce es una necesidad innegable para cualquier tienda en l\u00ednea que aspira a ofrecer una experiencia superlativa del cliente y cultivar un nivel aumentado de lealtad del cliente.<\/p>\n<ul>\n<li>Agiliza el proceso de solicitud de devoluci\u00f3n y garant\u00eda para las tiendas WooCommerce<\/li>\n<li>Permite a los clientes enviar convenientemente solicitudes de devoluci\u00f3n y garant\u00eda a trav\u00e9s de un portal dedicado<\/li>\n<li>Permite a los propietarios de tiendas administrar y aprobar\/negar f\u00e1cilmente las solicitudes<\/li>\n<li>Proporciona una base de datos centralizada de todas las solicitudes de devoluci\u00f3n y garant\u00eda para un f\u00e1cil seguimiento e informes<\/li>\n<li>Genera autom\u00e1ticamente las etiquetas de env\u00edo de devoluci\u00f3n para solicitudes aprobadas<\/li>\n<li>Permite a los propietarios de tiendas personalizar la apariencia del portal de devoluciones para que coincida con su marca<\/li>\n<li>Ayuda a mejorar la satisfacci\u00f3n del cliente al proporcionar un rendimiento sin problemas y una experiencia de garant\u00eda.<\/li>\n<\/ul>\n","protected":false},"excerpt":{"rendered":"<p>WooCommerce devoluciones y solicitudes de garant\u00eda es un complemento altamente sofisticado y eficiente dise\u00f1ado meticulosamente para optimizar y mejorar la gesti\u00f3n general de los retornos y los reclamos de garant\u00eda en su estimada tienda de comercio electr\u00f3nico. A trav\u00e9s de la perfecta integraci\u00f3n de esta notable herramienta en su sitio web, sus estimados clientes est\u00e1n facultados para enviar convenientemente sus solicitudes de devoluciones o reclamos de garant\u00eda sin ninguna molestia. Mientras tanto, como el estimado propietario, se le otorga una autonom\u00eda completa y control sobre estas solicitudes antes mencionadas, lo que lo capacita para rastrear y administrarlos de manera eficiente a todos dentro de un tablero singular e intuitivo dise\u00f1ado para priorizar la capacidad de control de usuarios y la conveniencia m\u00e1s alta. El objetivo final detr\u00e1s del desarrollo e implementaci\u00f3n de este complemento innovador es economizar de manera efectiva su tiempo invaluable y aumentar significativamente la satisfacci\u00f3n del cliente al garantizar que los rendimientos y el proceso de garant\u00eda se ejecuten sin problemas y notablemente eficiente, elevando as\u00ed la experiencia de compra general para todas las partes interesadas involucradas.<\/p>\n","protected":false},"featured_media":168246,"comment_status":"open","ping_status":"open","template":"","meta":[],"product_brand":[2344],"product_cat":[1208,1207,1206],"product_tag":[1423],"class_list":{"0":"post-112930","1":"product","2":"type-product","3":"status-publish","4":"has-post-thumbnail","6":"product_brand-woocommerce","7":"product_cat-administracion","8":"product_cat-comercio-electronico-plugins","9":"product_cat-plugins","10":"product_tag-woocommerce","11":"member-discount","12":"discount-restricted","14":"first","15":"instock","16":"sale","17":"downloadable","18":"virtual","19":"sold-individually","20":"purchasable","21":"product-type-simple"},"_links":{"self":[{"href":"https:\/\/gpl-love.com\/es\/wp-json\/wp\/v2\/product\/112930","targetHints":{"allow":["GET"]}}],"collection":[{"href":"https:\/\/gpl-love.com\/es\/wp-json\/wp\/v2\/product"}],"about":[{"href":"https:\/\/gpl-love.com\/es\/wp-json\/wp\/v2\/types\/product"}],"replies":[{"embeddable":true,"href":"https:\/\/gpl-love.com\/es\/wp-json\/wp\/v2\/comments?post=112930"}],"wp:featuredmedia":[{"embeddable":true,"href":"https:\/\/gpl-love.com\/es\/wp-json\/wp\/v2\/media\/168246"}],"wp:attachment":[{"href":"https:\/\/gpl-love.com\/es\/wp-json\/wp\/v2\/media?parent=112930"}],"wp:term":[{"taxonomy":"product_brand","embeddable":true,"href":"https:\/\/gpl-love.com\/es\/wp-json\/wp\/v2\/product_brand?post=112930"},{"taxonomy":"product_cat","embeddable":true,"href":"https:\/\/gpl-love.com\/es\/wp-json\/wp\/v2\/product_cat?post=112930"},{"taxonomy":"product_tag","embeddable":true,"href":"https:\/\/gpl-love.com\/es\/wp-json\/wp\/v2\/product_tag?post=112930"}],"curies":[{"name":"wp","href":"https:\/\/api.w.org\/{rel}","templated":true}]}}