{"id":112928,"date":"2022-01-20T00:00:00","date_gmt":"2022-01-20T05:00:00","guid":{"rendered":"http:\/\/gpl-love.com\/es\/?post_type=product&#038;p=112928"},"modified":"2026-03-13T17:33:40","modified_gmt":"2026-03-13T22:33:40","slug":"xtocky-woocommerce-responsive-tema","status":"publish","type":"product","link":"https:\/\/gpl-love.com\/es\/producto\/xtocky-woocommerce-responsive-tema\/","title":{"rendered":"Xtocky WooCommerce Responsive Theme 2.5"},"content":{"rendered":"<h3>Xtocky WooCommerce Responsive Theme Caracteristicas<\/h3>\n<p>Xtocky, un tema receptivo para WooCommerce, es una opci\u00f3n ideal para cualquier tienda en l\u00ednea debido a sus innumerables caracter\u00edsticas y su impresionante dise\u00f1o. Al emplear una est\u00e9tica limpia y moderna, este tema cuenta con la capacidad de mostrar sus productos de la manera m\u00e1s \u00f3ptima imaginable. Adem\u00e1s, su naturaleza totalmente personalizable le permite adaptarlo precisamente a su marca y productos \u00fanicos. Adem\u00e1s de su atractivo est\u00e9tico, Xtocky viene equipado con una gran cantidad de caracter\u00edsticas \u00fatiles que incluyen filtros de productos, capacidades de vista r\u00e1pida e incluso una herramienta de comparaci\u00f3n de productos. Adem\u00e1s, Xtocky ha sido especialmente optimizado tanto para la velocidad como para el SEO, asegurando que su sitio web no solo se cargue r\u00e1pidamente, sino que tambi\u00e9n se puede descubrir f\u00e1cilmente por los motores de b\u00fasqueda populares. Gracias a su interfaz de usuario intuitiva y sus amplias opciones de personalizaci\u00f3n, Xtocky realmente se destaca como una excelente opci\u00f3n para cualquier persona que desee crear una tienda en l\u00ednea profesional y altamente efectiva.<\/p>\n<ul>\n<li>Un tema de WordPress visualmente impresionante y receptivo dise\u00f1ado espec\u00edficamente para WooCommerce.<\/li>\n<li>Totalmente personalizable con una gama de esquemas de color y opciones de fuentes.<\/li>\n<li>Cuenta con un dise\u00f1o limpio y moderno que garantiza que sus productos se destaquen.<\/li>\n<li>Optimizado para los motores de b\u00fasqueda para mejorar la visibilidad y el alcance de su sitio web.<\/li>\n<li>Viene con una gama de plantillas de p\u00e1gina listas para usar, incluidas las p\u00e1ginas de hogar, tienda y blog.<\/li>\n<li>Compatible con complementos populares de WordPress, como MailChimp, Contact Form 7 y Yoast SEO.<\/li>\n<li>Incluye una gama de funciones \u00fatiles de comercio electr\u00f3nico, como la vista r\u00e1pida del producto, la lista de deseos y la funcionalidad de comparaci\u00f3n del producto.<\/li>\n<li>Ofrece un dise\u00f1o flexible y f\u00e1cil de usar, con navegaci\u00f3n intuitiva y herramientas f\u00e1ciles de usar.<\/li>\n<li>Proporciona documentaci\u00f3n detallada y atenci\u00f3n al cliente para guiarlo a trav\u00e9s de cada paso de configuraci\u00f3n y personalizaci\u00f3n.<\/li>\n<li>Un tema de valor para el dinero que es perfecto para tiendas en l\u00ednea peque\u00f1as y medianas.<\/li>\n<\/ul>\n","protected":false},"excerpt":{"rendered":"<p>Xtocky, un exquisito tema de WooCommerce de la calidad de primer nivel, ha sido meticulosamente elaborado para satisfacer las necesidades de los usuarios m\u00f3viles y de escritorio por igual. Su repertorio excepcional de atributos abarca una amplia gama de opciones, incluida la provisi\u00f3n de m\u00faltiples dise\u00f1os de encabezado y pie de p\u00e1gina, una variedad de widgets personalizados e integraci\u00f3n sin costuras con complementos de renombre como compositor visual y revoluci\u00f3n de controles deslizantes. Adem\u00e1s, este tema encarna el pin\u00e1culo de la personalizaci\u00f3n, lo que le permite dise\u00f1ar un emporio en l\u00ednea verdaderamente distintivo que se distingue sin esfuerzo de la competencia prevaleciente. Con una funcionalidad est\u00e9tica e impecable contempor\u00e1nea, Xtocky representa la selecci\u00f3n por excelencia para cualquier persona que busque inaugurar una plataforma triunfante de comercio electr\u00f3nico.<\/p>\n","protected":false},"featured_media":168571,"comment_status":"open","ping_status":"open","template":"","meta":[],"product_brand":[2337],"product_cat":[1263,1264,1237],"product_tag":[1391],"class_list":{"0":"post-112928","1":"product","2":"type-product","3":"status-publish","4":"has-post-thumbnail","6":"product_brand-themeforest","7":"product_cat-comercio-electronico-temas","8":"product_cat-negocio","9":"product_cat-temas","10":"product_tag-themeforest","11":"member-discount","12":"discount-restricted","14":"first","15":"instock","16":"sale","17":"downloadable","18":"virtual","19":"sold-individually","20":"purchasable","21":"product-type-simple"},"_links":{"self":[{"href":"https:\/\/gpl-love.com\/es\/wp-json\/wp\/v2\/product\/112928","targetHints":{"allow":["GET"]}}],"collection":[{"href":"https:\/\/gpl-love.com\/es\/wp-json\/wp\/v2\/product"}],"about":[{"href":"https:\/\/gpl-love.com\/es\/wp-json\/wp\/v2\/types\/product"}],"replies":[{"embeddable":true,"href":"https:\/\/gpl-love.com\/es\/wp-json\/wp\/v2\/comments?post=112928"}],"wp:featuredmedia":[{"embeddable":true,"href":"https:\/\/gpl-love.com\/es\/wp-json\/wp\/v2\/media\/168571"}],"wp:attachment":[{"href":"https:\/\/gpl-love.com\/es\/wp-json\/wp\/v2\/media?parent=112928"}],"wp:term":[{"taxonomy":"product_brand","embeddable":true,"href":"https:\/\/gpl-love.com\/es\/wp-json\/wp\/v2\/product_brand?post=112928"},{"taxonomy":"product_cat","embeddable":true,"href":"https:\/\/gpl-love.com\/es\/wp-json\/wp\/v2\/product_cat?post=112928"},{"taxonomy":"product_tag","embeddable":true,"href":"https:\/\/gpl-love.com\/es\/wp-json\/wp\/v2\/product_tag?post=112928"}],"curies":[{"name":"wp","href":"https:\/\/api.w.org\/{rel}","templated":true}]}}