{"id":112926,"date":"2023-01-13T00:00:00","date_gmt":"2023-01-13T05:00:00","guid":{"rendered":"http:\/\/gpl-love.com\/es\/?post_type=product&#038;p=112926"},"modified":"2026-03-13T17:35:27","modified_gmt":"2026-03-13T22:35:27","slug":"zass-woocommerce-tema-para-hymade-artists-y-artisans","status":"publish","type":"product","link":"https:\/\/gpl-love.com\/es\/producto\/zass-woocommerce-tema-para-hymade-artists-y-artisans\/","title":{"rendered":"Zass WooCommerce Tema para Handmade Artists y Artisans 3.9.9.1"},"content":{"rendered":"<h3>Zass WooCommerce Tema para Handmade Artists y Artisans Caracteristicas<\/h3>\n<p>El tema Zass WooCommerce, que ha sido meticulosamente elaborado para satisfacer las demandas \u00fanicas de artistas y artesanos hechos a mano, abarca una gran cantidad de opciones de personalizaci\u00f3n flexibles que permiten a los usuarios adaptar su tienda web de acuerdo con sus especificaciones precisas. Poniendo una importancia primordial en mejorar la experiencia del usuario, Zass muestra un dise\u00f1o elegante y contempor\u00e1neo que enfatiza efectivamente los atributos distintivos de cada producto individual. Con una extensa gama de funcionalidades de vanguardia, como una muestra de variaci\u00f3n de productos, una integraci\u00f3n de Instagram perfecta y una ventana emergente de bolet\u00edn de atenci\u00f3n, Zass faculta sin esfuerzo a los artistas y artesanos para hacer alarde de sus creaciones excepcionales y llevar a cabo ventas en un mercado en l\u00ednea pulido y profesional en l\u00ednea pulido y profesional. .<\/p>\n<ul>\n<li>Dise\u00f1ado espec\u00edficamente para artistas y artesanos hechos a mano que se venden en WooCommerce<\/li>\n<li>Dise\u00f1o limpio y moderno con opciones de color personalizables<\/li>\n<li>Receptivo m\u00f3vil para una visualizaci\u00f3n \u00f3ptima en todos los dispositivos<\/li>\n<li>Constructor de p\u00e1gina f\u00e1cil de usar para la personalizaci\u00f3n sin codificar<\/li>\n<li>Caracter\u00edstica de vista r\u00e1pida del producto para navegaci\u00f3n simplificada<\/li>\n<li>Opciones de dise\u00f1o m\u00faltiples para p\u00e1ginas de productos y tiendas<\/li>\n<li>Secci\u00f3n de blog integrada para compartir noticias y actualizaciones<\/li>\n<li>SEO optimizado para una mejor clasificaci\u00f3n de motores de b\u00fasqueda<\/li>\n<li>Compatible con complementos populares de WooCommerce para una funcionalidad adicional<\/li>\n<li>Incluye contenido de demostraci\u00f3n para una f\u00e1cil configuraci\u00f3n y gu\u00eda del usuario para referencia.<\/li>\n<\/ul>\n","protected":false},"excerpt":{"rendered":"<p>Presentamos Zass, un extraordinario tema de WooCommerce que ha sido delicadamente dise\u00f1ado para adaptarse perfectamente a las necesidades de artistas y artesanos h\u00e1biles a mano. Con su dise\u00f1o fascinante y su interfaz navegable sin esfuerzo, Zass le permite exhibir sus obras maestras extraordinarias y \u00fanicas de la manera m\u00e1s \u00f3ptima imaginable, al tiempo que falsifica simult\u00e1neamente conexiones significativas con su apreciada clientela de una manera impecable. Ya sea que se especialice en el arte de la artesan\u00eda de joyas exquisitas, cer\u00e1mica intrincadamente dise\u00f1ada o deliciosas delicias gourmet, Zass lo equipa sin esfuerzo con una extensa variedad de caracter\u00edsticas de vanguardia y funcionalidad incomparable, impulsando as\u00ed su empresa virtual a alturas sin lugar de virtuales. Por lo tanto, \u00bfpor qu\u00e9 prolongar la anticipaci\u00f3n? \u00a1Da el paso y adopta el poder transformador de Zass hoy, y prep\u00e1rate mientras tus ventas se disparan como nunca antes!<\/p>\n","protected":false},"featured_media":168706,"comment_status":"open","ping_status":"open","template":"","meta":[],"product_brand":[2337],"product_cat":[1263,1469,1237],"product_tag":[1391],"class_list":{"0":"post-112926","1":"product","2":"type-product","3":"status-publish","4":"has-post-thumbnail","6":"product_brand-themeforest","7":"product_cat-comercio-electronico-temas","8":"product_cat-creativo-comercio-electronico-temas","9":"product_cat-temas","10":"product_tag-themeforest","11":"member-discount","12":"discount-restricted","14":"first","15":"instock","16":"sale","17":"downloadable","18":"virtual","19":"sold-individually","20":"purchasable","21":"product-type-simple"},"_links":{"self":[{"href":"https:\/\/gpl-love.com\/es\/wp-json\/wp\/v2\/product\/112926","targetHints":{"allow":["GET"]}}],"collection":[{"href":"https:\/\/gpl-love.com\/es\/wp-json\/wp\/v2\/product"}],"about":[{"href":"https:\/\/gpl-love.com\/es\/wp-json\/wp\/v2\/types\/product"}],"replies":[{"embeddable":true,"href":"https:\/\/gpl-love.com\/es\/wp-json\/wp\/v2\/comments?post=112926"}],"wp:featuredmedia":[{"embeddable":true,"href":"https:\/\/gpl-love.com\/es\/wp-json\/wp\/v2\/media\/168706"}],"wp:attachment":[{"href":"https:\/\/gpl-love.com\/es\/wp-json\/wp\/v2\/media?parent=112926"}],"wp:term":[{"taxonomy":"product_brand","embeddable":true,"href":"https:\/\/gpl-love.com\/es\/wp-json\/wp\/v2\/product_brand?post=112926"},{"taxonomy":"product_cat","embeddable":true,"href":"https:\/\/gpl-love.com\/es\/wp-json\/wp\/v2\/product_cat?post=112926"},{"taxonomy":"product_tag","embeddable":true,"href":"https:\/\/gpl-love.com\/es\/wp-json\/wp\/v2\/product_tag?post=112926"}],"curies":[{"name":"wp","href":"https:\/\/api.w.org\/{rel}","templated":true}]}}