{"id":112924,"date":"2023-11-15T00:00:00","date_gmt":"2023-11-15T05:00:00","guid":{"rendered":"http:\/\/gpl-love.com\/es\/?post_type=product&#038;p=112924"},"modified":"2026-03-13T17:16:16","modified_gmt":"2026-03-13T22:16:16","slug":"avventure-personal-travel-y-lifestyle-blog-wordpress-tema","status":"publish","type":"product","link":"https:\/\/gpl-love.com\/es\/producto\/avventure-personal-travel-y-lifestyle-blog-wordpress-tema\/","title":{"rendered":"Avventure Personal Travel y Lifestyle Blog WordPress Theme 1.1.10"},"content":{"rendered":"<h3>Avventure Personal Travel y Lifestyle Blog WordPress Theme Caracteristicas<\/h3>\n<p>El blog de viajes y estilo de vida de Avventure WordPress, el tema de WordPress es un producto extraordinario y notable que ha sido dise\u00f1ado y creado y creado de manera exclusiva para los bloggers que anhelan y desean difundir y compartir sus asombrosas y notables escapadas de viajes y experiencias, as\u00ed como un estilo de vida valioso. Consejos y consejos con el vasto y diverso mundo. Este tema altamente sofisticado y avanzado viene con una amplia matriz y variedad de caracter\u00edsticas y capacidades asombrosas, asombrosas y alucinantes, como tipos de publicaciones personalizados a medida, integraci\u00f3n perfecta y perfecta con diversas plataformas de redes sociales, la inclusi\u00f3n e incorporaci\u00f3n de la Google maps omnipotentes, y una gran cantidad de otras funciones y atributos incre\u00edbles y extraordinarios. Adem\u00e1s, este tema es completamente receptivo, asegurando que su sitio web exhiba y exhiba sin problemas e impecablemente en todos los tipos y variedades de dispositivos, independientemente de sus tama\u00f1os de pantalla y resoluciones. Adem\u00e1s, este tema se ha optimizado de manera diligente y meticulosamente para la optimizaci\u00f3n de motores de b\u00fasqueda (SEO), garantizando y asegurando que su sitio web se descubrir\u00e1 f\u00e1cil y sin esfuerzo, ubicado e indexado por los principales motores de b\u00fasqueda, aumentando as\u00ed la visibilidad y la accesibilidad de su sitio web en su sitio web. El vasto y vasto panorama de Internet. Adem\u00e1s, el tema Avventure cuenta y muestra un dise\u00f1o visualmente impresionante y est\u00e9ticamente agradable que sin duda cautivar\u00e1 y cautivar\u00e1 a los visitantes y lectores de su sitio web. Su interfaz intuitiva y f\u00e1cil de usar empodera y permite que incluso los bloggers m\u00e1s aficionados y novatos creen y establezcan y establezcan un blog de viajes y estilo de vida impresionante, cautivador y encantador. Este tema es verdadero y genuinamente el ep\u00edtome y el pin\u00e1culo de la excelencia y la perfecci\u00f3n para cualquiera que aspira y anhele crear y establecer un blog magn\u00edfico e impresionante de viajes y estilo de vida. Independientemente de si es un blogger profesional experimentado y experimentado o simplemente embarcando y comenzando en su emocionante viaje de blogs, el blog de viajes personales y estilo de vida de WordPress de WordPress. y seguimiento firme de los lectores \u00e1vidos y apasionados.<\/p>\n<ul>\n<li>Avventure es un elegante tema de WordPress dise\u00f1ado para viajes personales y blogs de estilo de vida.<\/li>\n<li>Este tema ofrece una amplia gama de opciones de personalizaci\u00f3n, lo que le permite crear un aspecto \u00fanico y personalizado para su sitio web.<\/li>\n<li>El tema incluye m\u00faltiples dise\u00f1os de p\u00e1gina de inicio, formatos de publicaci\u00f3n y widgets, lo que le permite mostrar su contenido de varias maneras.<\/li>\n<li>Avventure es totalmente receptivo, asegurando que su sitio web se vea genial en todos los dispositivos, desde computadoras de escritorio hasta tel\u00e9fonos m\u00f3viles.<\/li>\n<li>El tema es f\u00e1cil de usar y f\u00e1cil de navegar, con men\u00fas intuitivos y botones claros de llamadas a la acci\u00f3n.<\/li>\n<li>Avventure tambi\u00e9n incluye caracter\u00edsticas avanzadas como la optimizaci\u00f3n de SEO, la integraci\u00f3n de las redes sociales y el soporte para m\u00faltiples idiomas.<\/li>\n<li>El tema se actualiza regularmente para garantizar la compatibilidad con las \u00faltimas versiones de WordPress y para solucionar cualquier error o problema de seguridad.<\/li>\n<li>Si necesita alguna ayuda para configurar o personalizar su sitio web, el tema viene con documentaci\u00f3n integral y un equipo de soporte dedicado.<\/li>\n<\/ul>\n","protected":false},"excerpt":{"rendered":"<p>Descubra el blog de viajes y estilo de vida de Avventure WordPress. Dise\u00f1ado para el moderno entusiasta del viajero y el estilo de vida, este tema est\u00e1 repleto de caracter\u00edsticas que mejorar\u00e1n su blog y cautivar\u00e1n a su audiencia. Avventure incluye un dise\u00f1o personalizable, lo que le permite crear un estilo \u00fanico que coincida con su personalidad y visi\u00f3n. Su dise\u00f1o receptivo garantiza que su contenido se vea genial en todos los dispositivos, mientras que la optimizaci\u00f3n de SEO aumenta su presencia en l\u00ednea, atrayendo a m\u00e1s lectores. El tema tambi\u00e9n presenta una interfaz f\u00e1cil de usar y una navegaci\u00f3n f\u00e1cil, que proporciona una experiencia de usuario agradable. Con Avventure, compartir sus historias de viaje y sus conocimientos de estilo de vida nunca ha sido m\u00e1s f\u00e1cil o m\u00e1s elegante.<\/p>\n","protected":false},"featured_media":165449,"comment_status":"open","ping_status":"open","template":"","meta":[],"product_brand":[2337],"product_cat":[1267,1237,1238],"product_tag":[1391],"class_list":{"0":"post-112924","1":"product","2":"type-product","3":"status-publish","4":"has-post-thumbnail","6":"product_brand-themeforest","7":"product_cat-creativo","8":"product_cat-temas","9":"product_cat-wordpress-temas","10":"product_tag-themeforest","11":"member-discount","12":"discount-restricted","14":"first","15":"instock","16":"sale","17":"downloadable","18":"virtual","19":"sold-individually","20":"purchasable","21":"product-type-simple"},"_links":{"self":[{"href":"https:\/\/gpl-love.com\/es\/wp-json\/wp\/v2\/product\/112924","targetHints":{"allow":["GET"]}}],"collection":[{"href":"https:\/\/gpl-love.com\/es\/wp-json\/wp\/v2\/product"}],"about":[{"href":"https:\/\/gpl-love.com\/es\/wp-json\/wp\/v2\/types\/product"}],"replies":[{"embeddable":true,"href":"https:\/\/gpl-love.com\/es\/wp-json\/wp\/v2\/comments?post=112924"}],"wp:featuredmedia":[{"embeddable":true,"href":"https:\/\/gpl-love.com\/es\/wp-json\/wp\/v2\/media\/165449"}],"wp:attachment":[{"href":"https:\/\/gpl-love.com\/es\/wp-json\/wp\/v2\/media?parent=112924"}],"wp:term":[{"taxonomy":"product_brand","embeddable":true,"href":"https:\/\/gpl-love.com\/es\/wp-json\/wp\/v2\/product_brand?post=112924"},{"taxonomy":"product_cat","embeddable":true,"href":"https:\/\/gpl-love.com\/es\/wp-json\/wp\/v2\/product_cat?post=112924"},{"taxonomy":"product_tag","embeddable":true,"href":"https:\/\/gpl-love.com\/es\/wp-json\/wp\/v2\/product_tag?post=112924"}],"curies":[{"name":"wp","href":"https:\/\/api.w.org\/{rel}","templated":true}]}}