{"id":112922,"date":"2025-12-11T00:00:00","date_gmt":"2025-12-11T05:00:00","guid":{"rendered":"http:\/\/gpl-love.com\/es\/?post_type=product&#038;p=112922"},"modified":"2026-03-13T17:24:56","modified_gmt":"2026-03-13T22:24:56","slug":"movedo-responsive-multi-purpose-wordpress-tema","status":"publish","type":"product","link":"https:\/\/gpl-love.com\/es\/producto\/movedo-responsive-multi-purpose-wordpress-tema\/","title":{"rendered":"Movedo Responsive Multi-Purpose WordPress Theme 3.6.7"},"content":{"rendered":"<h3>Movedo Responsive Multi-Purpose WordPress Theme Caracteristicas<\/h3>\n<p>El tema de WordPress multiprop\u00f3sito de MOVETO, reconocido por su versatilidad e interfaz f\u00e1cil de usar, sirve como una herramienta de dise\u00f1o excepcional para las empresas que buscan establecer una presencia en l\u00ednea distintiva. Equipado con una gran cantidad de opciones de personalizaci\u00f3n, este tema permite a las empresas desatar su potencial creativo. Con las caracter\u00edsticas avanzadas, una interfaz intuitiva y un dise\u00f1o receptivo, MOVETO facilita la creaci\u00f3n de sitios web visualmente cautivadores que se adaptan perfectamente a varios dispositivos. Este tema demuestra ser la mejor soluci\u00f3n para las empresas que anhelan un sitio web de aspecto profesional sin los costos exorbitantes asociados con los servicios de dise\u00f1o. Ya sea que se embarcara en un viaje para construir un sitio web desde cero o simplemente buscando actualizar uno existente, Movo Ayuda sin esfuerzo a la realizaci\u00f3n de sus objetivos. Por lo tanto, \u00bfpor qu\u00e9 retrasar? Inicie hoy y presencie el impacto transformador que puede tener este potente tema de WordPress en su negocio.<\/p>\n<ul>\n<li>Tema de WordPress multiprop\u00f3sito altamente personalizable y vers\u00e1til<\/li>\n<li>Dise\u00f1o totalmente receptivo para una experiencia de visualizaci\u00f3n \u00f3ptima en todos los dispositivos<\/li>\n<li>Viene con una variedad de dise\u00f1os de demostraci\u00f3n previamente construidos y plantillas<\/li>\n<li>Potente panel de administraci\u00f3n para una f\u00e1cil personalizaci\u00f3n y control<\/li>\n<li>Opciones de tipograf\u00eda avanzada con m\u00e1s de 800 fuentes de Google<\/li>\n<li>Funcionalidad de men\u00fa de mega incorporada para una f\u00e1cil navegaci\u00f3n<\/li>\n<li>Compatibilidad de WooCommerce para crear tiendas en l\u00ednea<\/li>\n<li>El complemento de la revoluci\u00f3n del control deslizante incluido para crear impresionantes presentaciones de diapositivas<\/li>\n<li>Optimizado para la velocidad y el SEO con c\u00f3digo limpio y bien estructurado<\/li>\n<li>Equipo de atenci\u00f3n al cliente amigable y eficiente disponible para ayudar con cualquier problema o pregunta.<\/li>\n<\/ul>\n","protected":false},"excerpt":{"rendered":"<p>El tema de WordPress multiprop\u00f3sito de MOVETO es una soluci\u00f3n de dise\u00f1o de sitios web exhaustiva e integral que ofrece una variedad de caracter\u00edsticas para facilitar la creaci\u00f3n de una presencia digital impresionante. Este tema cuenta con un alto nivel de respuesta, asegurando as\u00ed que exude la magnificencia en todos los dispositivos y tama\u00f1os de pantalla. Adem\u00e1s, abarca una gran cantidad de p\u00e1ginas prefabricadas personalizables y una amplia gama de herramientas de dise\u00f1o, que le otorgan posibilidades ilimitadas para dise\u00f1ar su sitio web a la perfecci\u00f3n. Adem\u00e1s, MOVETO tambi\u00e9n otorga capacidades avanzadas de optimizaci\u00f3n de SEO, garantizando que su sitio sea prominentemente visible y disfrutar\u00e1 de una alta clasificaci\u00f3n en los motores de b\u00fasqueda. Con su compromiso inquebrantable de optimizar la experiencia del usuario y su notable versatilidad, MovO se considera una opci\u00f3n ideal para empresas, personas innovadoras y cualquier persona que anhele tener un impacto significativo en el \u00e1mbito en l\u00ednea.<\/p>\n","protected":false},"featured_media":166831,"comment_status":"open","ping_status":"open","template":"","meta":[],"product_brand":[2337],"product_cat":[1239,1237,1238],"product_tag":[1391],"class_list":{"0":"post-112922","1":"product","2":"type-product","3":"status-publish","4":"has-post-thumbnail","6":"product_brand-themeforest","7":"product_cat-de-multiples-fines","8":"product_cat-temas","9":"product_cat-wordpress-temas","10":"product_tag-themeforest","11":"member-discount","12":"discount-restricted","14":"first","15":"instock","16":"sale","17":"downloadable","18":"virtual","19":"sold-individually","20":"purchasable","21":"product-type-simple"},"_links":{"self":[{"href":"https:\/\/gpl-love.com\/es\/wp-json\/wp\/v2\/product\/112922","targetHints":{"allow":["GET"]}}],"collection":[{"href":"https:\/\/gpl-love.com\/es\/wp-json\/wp\/v2\/product"}],"about":[{"href":"https:\/\/gpl-love.com\/es\/wp-json\/wp\/v2\/types\/product"}],"replies":[{"embeddable":true,"href":"https:\/\/gpl-love.com\/es\/wp-json\/wp\/v2\/comments?post=112922"}],"wp:featuredmedia":[{"embeddable":true,"href":"https:\/\/gpl-love.com\/es\/wp-json\/wp\/v2\/media\/166831"}],"wp:attachment":[{"href":"https:\/\/gpl-love.com\/es\/wp-json\/wp\/v2\/media?parent=112922"}],"wp:term":[{"taxonomy":"product_brand","embeddable":true,"href":"https:\/\/gpl-love.com\/es\/wp-json\/wp\/v2\/product_brand?post=112922"},{"taxonomy":"product_cat","embeddable":true,"href":"https:\/\/gpl-love.com\/es\/wp-json\/wp\/v2\/product_cat?post=112922"},{"taxonomy":"product_tag","embeddable":true,"href":"https:\/\/gpl-love.com\/es\/wp-json\/wp\/v2\/product_tag?post=112922"}],"curies":[{"name":"wp","href":"https:\/\/api.w.org\/{rel}","templated":true}]}}