{"id":112920,"date":"2021-04-26T00:00:00","date_gmt":"2021-04-26T05:00:00","guid":{"rendered":"http:\/\/gpl-love.com\/es\/?post_type=product&#038;p=112920"},"modified":"2026-03-13T17:19:20","modified_gmt":"2026-03-13T22:19:20","slug":"dixon-y-lamber-law-firm-wordpress-tema","status":"publish","type":"product","link":"https:\/\/gpl-love.com\/es\/producto\/dixon-y-lamber-law-firm-wordpress-tema\/","title":{"rendered":"Dixon y Lamber Law Firm WordPress Theme 1.2.1"},"content":{"rendered":"<h3>Dixon y Lamber Law Firm WordPress Theme Caracteristicas<\/h3>\n<p>El tema de WordPress de Dixon and Lamber Bife es un dise\u00f1o de sitio web exquisitamente sofisticado y pulido expl\u00edcitamente elaborado para satisfacer las necesidades \u00fanicas de las firmas de abogados. Este tema extraordinario abarca una amplia gama de caracter\u00edsticas indispensables, que incluyen formularios de consulta personalizados, p\u00e1ginas de \u00e1rea de pr\u00e1ctica meticulosamente seleccionadas y perfiles de abogados meticulosamente seleccionados. Adem\u00e1s, la interfaz f\u00e1cil de usar del tema permite la navegaci\u00f3n sin esfuerzo, mientras que su versatilidad incomparable permite la personalizaci\u00f3n perfecta para alinearse con la paleta y el logotipo de colores distintivos de su marca. En particular, gracias a su dise\u00f1o adaptativo, el tema de la abogados Dixon y Lamber WordPress garantiza una experiencia visual impecable en todos los dispositivos. Sin lugar a dudas, este tema excepcional sirve como una plataforma ideal para cualquier bufete de abogados que desee exhibir sus servicios y competencia de una manera que exude profesionalismo y contemporaneidad.<\/p>\n<ul>\n<li>Dise\u00f1o moderno y profesional espec\u00edficamente dise\u00f1ado para firmas de abogados<\/li>\n<li>Dise\u00f1o totalmente receptivo y amigable para m\u00f3viles<\/li>\n<li>M\u00faltiples plantillas de p\u00e1gina para diferentes tipos de contenido (por ejemplo, sobre nosotros, servicios, estudios de casos)<\/li>\n<li>Integraci\u00f3n con complementos de bufetes de abogados populares, como la programaci\u00f3n de citas y la gesti\u00f3n del cliente<\/li>\n<li>Esquemas de color personalizables para que coincidan con la marca de su empresa<\/li>\n<li>Constructor de p\u00e1gina de arrastrar y soltar f\u00e1ciles de usar para personalizaci\u00f3n simple<\/li>\n<li>Caracter\u00edsticas de seguridad mejoradas para proteger su sitio web e informaci\u00f3n del cliente<\/li>\n<li>Poderosas herramientas de SEO para ayudar a aumentar la visibilidad en l\u00ednea de su empresa<\/li>\n<li>Documentaci\u00f3n integral y apoyo 24\/7 de desarrolladores experimentados.<\/li>\n<\/ul>\n","protected":false},"excerpt":{"rendered":"<p>El tema de WordPress de Dixon y Lamber de WordPress es una opci\u00f3n ideal para los profesionales legales que desean una presencia en l\u00ednea que sea poderosa, profesional y f\u00e1cil de administrar. Este tema est\u00e1 dise\u00f1ado espec\u00edficamente para firmas de abogados, abogados, oficinas legales y consultores. Ofrece un dise\u00f1o moderno, limpio y sofisticado que es totalmente receptivo, asegurando una pantalla \u00f3ptima en todos los dispositivos, ya sea escritorio o m\u00f3vil.<\/p>\n<p>Una de las caracter\u00edsticas clave del tema de abogados de Dixon y Lamber WordPress son sus opciones personalizables. Estos le permiten adaptar f\u00e1cilmente el aspecto de su sitio web para que coincida con su imagen de marca. Con la navegaci\u00f3n f\u00e1cil de usar y los gr\u00e1ficos de alta calidad, la profesionalidad de su empresa brillar\u00e1 a trav\u00e9s de cada p\u00e1gina.<\/p>\n<p>Adem\u00e1s, este tema viene con la optimizaci\u00f3n de SEO incorporada para ayudar a aumentar su visibilidad en l\u00ednea, atraer clientes potenciales y hacer crecer su negocio. Tambi\u00e9n encontrar\u00e1 una variedad de compatibilidad de complementos, lo que le permite agregar caracter\u00edsticas como reserva de citas, chat en vivo y m\u00e1s.<\/p>\n<p>En pocas palabras, el bufete de abogados Dixon y Lamber WordPress<\/p>\n","protected":false},"featured_media":165793,"comment_status":"open","ping_status":"open","template":"","meta":[],"product_brand":[2337],"product_cat":[1267,1237,1238],"product_tag":[1391],"class_list":{"0":"post-112920","1":"product","2":"type-product","3":"status-publish","4":"has-post-thumbnail","6":"product_brand-themeforest","7":"product_cat-creativo","8":"product_cat-temas","9":"product_cat-wordpress-temas","10":"product_tag-themeforest","11":"member-discount","12":"discount-restricted","14":"first","15":"instock","16":"sale","17":"downloadable","18":"virtual","19":"sold-individually","20":"purchasable","21":"product-type-simple"},"_links":{"self":[{"href":"https:\/\/gpl-love.com\/es\/wp-json\/wp\/v2\/product\/112920","targetHints":{"allow":["GET"]}}],"collection":[{"href":"https:\/\/gpl-love.com\/es\/wp-json\/wp\/v2\/product"}],"about":[{"href":"https:\/\/gpl-love.com\/es\/wp-json\/wp\/v2\/types\/product"}],"replies":[{"embeddable":true,"href":"https:\/\/gpl-love.com\/es\/wp-json\/wp\/v2\/comments?post=112920"}],"wp:featuredmedia":[{"embeddable":true,"href":"https:\/\/gpl-love.com\/es\/wp-json\/wp\/v2\/media\/165793"}],"wp:attachment":[{"href":"https:\/\/gpl-love.com\/es\/wp-json\/wp\/v2\/media?parent=112920"}],"wp:term":[{"taxonomy":"product_brand","embeddable":true,"href":"https:\/\/gpl-love.com\/es\/wp-json\/wp\/v2\/product_brand?post=112920"},{"taxonomy":"product_cat","embeddable":true,"href":"https:\/\/gpl-love.com\/es\/wp-json\/wp\/v2\/product_cat?post=112920"},{"taxonomy":"product_tag","embeddable":true,"href":"https:\/\/gpl-love.com\/es\/wp-json\/wp\/v2\/product_tag?post=112920"}],"curies":[{"name":"wp","href":"https:\/\/api.w.org\/{rel}","templated":true}]}}