{"id":112916,"date":"2023-11-11T00:00:00","date_gmt":"2023-11-11T05:00:00","guid":{"rendered":"http:\/\/gpl-love.com\/es\/?post_type=product&#038;p=112916"},"modified":"2026-03-13T17:24:14","modified_gmt":"2026-03-13T22:24:14","slug":"mbstore-digital-woocommerce-wordpress-tema","status":"publish","type":"product","link":"https:\/\/gpl-love.com\/es\/producto\/mbstore-digital-woocommerce-wordpress-tema\/","title":{"rendered":"MBStore Digital WooCommerce WordPress Theme 2.4"},"content":{"rendered":"<h3>MBStore Digital WooCommerce WordPress Theme Caracteristicas<\/h3>\n<p>El tema de WordPress Digital WooCommerce de MBStore cuenta con una amplia gama de opciones de personalizaci\u00f3n y una interfaz f\u00e1cil de usar, lo que lo convierte en una opci\u00f3n ideal para aquellos que buscan establecer una tienda digital. Su dise\u00f1o elegante y receptivo presta una est\u00e9tica contempor\u00e1nea y pulida a su sitio web. Adem\u00e1s, este tema se integra perfectamente con WooCommerce, facilitando el establecimiento sin esfuerzo y la gesti\u00f3n de su tienda en l\u00ednea. Adem\u00e1s, ofrece una gran cantidad de plantillas predise\u00f1adas adaptadas para varias p\u00e1ginas, como la p\u00e1gina de inicio, las p\u00e1ginas de productos y las p\u00e1ginas de pago. Gracias a sus caracter\u00edsticas de personalizaci\u00f3n intuitivas, modificar el esquema de color, las fuentes y el dise\u00f1o para alinearse con su marca es una brisa. Al encarnar un comportamiento profesional y moderno, el tema de WordPress Digital WooCommerce de MBStore es un contendiente formidable para cualquier persona que tenga como objetivo curar una tienda digital.<\/p>\n<ul>\n<li>Tema de WordPress de WooCommerce altamente personalizable<\/li>\n<li>Dise\u00f1o elegante y moderno<\/li>\n<li>Soporte incorporado para m\u00faltiples idiomas y monedas<\/li>\n<li>Dise\u00f1o receptivo y amigable para dispositivos m\u00f3viles<\/li>\n<li>Incluye 8 dise\u00f1os de p\u00e1gina de inicio preconstruidos<\/li>\n<li>Documentaci\u00f3n extensa y tutoriales en video para una f\u00e1cil instalaci\u00f3n y configuraci\u00f3n<\/li>\n<li>Compatible con constructores de p\u00e1ginas populares como Elemntor, Visual Composer y Beaver Builder<\/li>\n<li>Construido con la optimizaci\u00f3n de SEO en mente<\/li>\n<li>Incluye atenci\u00f3n al cliente 24\/7 con un equipo de soporte dedicado<\/li>\n<li>Actualizaciones regulares y correcciones de errores para garantizar un rendimiento \u00f3ptimo<\/li>\n<\/ul>\n","protected":false},"excerpt":{"rendered":"<p>El tema de WordPress de MBStore Digital WooCommerce se presenta como el remedio final para las personas que buscan establecer una notable tienda en l\u00ednea especializada en productos digitales. Con un dise\u00f1o inmaculado y contempor\u00e1neo, este tema proporciona a los usuarios caracter\u00edsticas f\u00e1ciles de usar que hacen que todo el proceso de configuraci\u00f3n y la gesti\u00f3n de productos sin esfuerzo sea sin esfuerzo. En virtud de su integraci\u00f3n perfecta con WooCommerce, puede supervisar sin esfuerzo los pedidos, los pagos y el env\u00edo desde su tablero de WordPress. Adem\u00e1s, el tema de WordPress digital de WooCommerce MBStore atiende a las necesidades de una clientela diversa, ya que garantiza un dise\u00f1o receptivo, otorgando as\u00ed a sus clientes la conveniencia de comprar desde cualquier dispositivo que prefieran. Independientemente de si est\u00e1 comercializando libros electr\u00f3nicos, software o suscripciones digitales, tenga la seguridad de que el tema de WordPress digital de WooCommerce MBSTORE abarca todas las herramientas y recursos necesarios para ayudarlo a establecer una tienda en l\u00ednea que sea profesional y confiable.<\/p>\n","protected":false},"featured_media":166711,"comment_status":"open","ping_status":"open","template":"","meta":[],"product_brand":[2337],"product_cat":[1263,1264,1237],"product_tag":[1391],"class_list":{"0":"post-112916","1":"product","2":"type-product","3":"status-publish","4":"has-post-thumbnail","6":"product_brand-themeforest","7":"product_cat-comercio-electronico-temas","8":"product_cat-negocio","9":"product_cat-temas","10":"product_tag-themeforest","11":"member-discount","12":"discount-restricted","14":"first","15":"instock","16":"sale","17":"downloadable","18":"virtual","19":"sold-individually","20":"purchasable","21":"product-type-simple"},"_links":{"self":[{"href":"https:\/\/gpl-love.com\/es\/wp-json\/wp\/v2\/product\/112916","targetHints":{"allow":["GET"]}}],"collection":[{"href":"https:\/\/gpl-love.com\/es\/wp-json\/wp\/v2\/product"}],"about":[{"href":"https:\/\/gpl-love.com\/es\/wp-json\/wp\/v2\/types\/product"}],"replies":[{"embeddable":true,"href":"https:\/\/gpl-love.com\/es\/wp-json\/wp\/v2\/comments?post=112916"}],"wp:featuredmedia":[{"embeddable":true,"href":"https:\/\/gpl-love.com\/es\/wp-json\/wp\/v2\/media\/166711"}],"wp:attachment":[{"href":"https:\/\/gpl-love.com\/es\/wp-json\/wp\/v2\/media?parent=112916"}],"wp:term":[{"taxonomy":"product_brand","embeddable":true,"href":"https:\/\/gpl-love.com\/es\/wp-json\/wp\/v2\/product_brand?post=112916"},{"taxonomy":"product_cat","embeddable":true,"href":"https:\/\/gpl-love.com\/es\/wp-json\/wp\/v2\/product_cat?post=112916"},{"taxonomy":"product_tag","embeddable":true,"href":"https:\/\/gpl-love.com\/es\/wp-json\/wp\/v2\/product_tag?post=112916"}],"curies":[{"name":"wp","href":"https:\/\/api.w.org\/{rel}","templated":true}]}}