{"id":112912,"date":"2021-07-19T00:00:00","date_gmt":"2021-07-19T05:00:00","guid":{"rendered":"http:\/\/gpl-love.com\/es\/?post_type=product&#038;p=112912"},"modified":"2026-04-10T11:28:50","modified_gmt":"2026-04-10T16:28:50","slug":"tolips-real-estate-wordpress-tema","status":"publish","type":"product","link":"https:\/\/gpl-love.com\/es\/producto\/tolips-real-estate-wordpress-tema\/","title":{"rendered":"Tolips Real Estate WordPress Theme 1.1.2"},"content":{"rendered":"<h3>Tolips Real Estate WordPress Theme Caracteristicas<\/h3>\n<p>Tolips Real Estate WordPress Temo, un tema de calidad excepcional, ha sido meticulosamente elaborado con agentes y agencias inmobiliarias en mente. Este notable tema cuenta con una gran cantidad de caracter\u00edsticas impresionantes, lo que le permite construir sin esfuerzo un sitio web visualmente cautivador que muestre sus propiedades y servicios de manera muy profesional. La naturaleza totalmente personalizable del tema le otorga la libertad de seleccionar entre una amplia gama de dise\u00f1os, esquemas de color y fuentes, lo que le permite dise\u00f1ar una apariencia \u00fanica para su sitio. Adem\u00e1s, el tema de WordPress Real Estate Tolips abarca una variedad de herramientas y widgets robustos, incluida una funci\u00f3n de b\u00fasqueda de propiedades, formularios de contacto e integraci\u00f3n de redes sociales, todo lo cual contribuye a atraer y cautivar a los visitantes. Con la ayuda del tema de WordPress Real Estate Tolips, posee los medios para construir un sitio web que no solo exude la magnificencia sino que tambi\u00e9n facilite la expansi\u00f3n de su empresa inmobiliaria.<\/p>\n<ul>\n<li>Dise\u00f1o totalmente receptivo que se ve muy bien en cualquier dispositivo<\/li>\n<li>Numerosos dise\u00f1os de demostraci\u00f3n preconstruidos para elegir<\/li>\n<li>Opciones de personalizaci\u00f3n f\u00e1ciles utilizando el creador de la p\u00e1gina de arrastrar y soltar<\/li>\n<li>Incluye la funcionalidad de b\u00fasqueda de propiedades avanzadas<\/li>\n<li>Capacidad para enumerar las propiedades con m\u00faltiples im\u00e1genes y descripciones detalladas<\/li>\n<li>Integraci\u00f3n con sistemas populares de pago y reserva<\/li>\n<li>Compatibilidad de WooCommerce para vender productos o servicios relacionados<\/li>\n<li>C\u00f3digo amigable para SEO para ayudar a su sitio web a clasificar m\u00e1s alto en los motores de b\u00fasqueda<\/li>\n<li>Acceso a documentaci\u00f3n y apoyo integrales de los desarrolladores de temas<\/li>\n<li>Actualizaciones regulares con nuevas caracter\u00edsticas y mejoras.<\/li>\n<\/ul>\n","protected":false},"excerpt":{"rendered":"<p>El tema de WordPress de Tolips Real Estate se presenta como una soluci\u00f3n de dise\u00f1o web ejemplar adaptada espec\u00edficamente para empresas en la industria de la propiedad. Este tema cuenta con un dise\u00f1o pr\u00edstino y contempor\u00e1neo, acompa\u00f1ado de una gran cantidad de caracter\u00edsticas que tienen como objetivo racionalizar y mejorar el proceso de administraci\u00f3n de sus listados de propiedades. Al incorporar una interfaz de usuario intuitiva y un dise\u00f1o receptivo, el tema de WordPress de Tolips Real Estate garantiza que los visitantes de su sitio web sean recibidos con una experiencia de navegaci\u00f3n perfecta y agradable. Adem\u00e1s, este tema otorga a los usuarios acceso a capacidades de b\u00fasqueda avanzadas y widgets personalizados, que facilitan la navegaci\u00f3n sin esfuerzo a trav\u00e9s de los diversos listados de propiedades. Adem\u00e1s, la integraci\u00f3n de Google Maps aumenta a\u00fan m\u00e1s la experiencia del usuario, mientras que la inclusi\u00f3n de un formulario de contacto espec\u00edfico espec\u00edfico de bienes ra\u00edces fomenta un compromiso significativo entre los usuarios y su sitio web. En \u00faltima instancia, el tema de WordPress de Tolips Real Estate ha sido meticulosamente elaborado para garantizar una experiencia en l\u00ednea \u00f3ptima tanto para compradores de propiedades como para vendedores.<\/p>\n","protected":false},"featured_media":167831,"comment_status":"open","ping_status":"open","template":"","meta":[],"product_brand":[2337],"product_cat":[1381,1237,1238],"product_tag":[1391],"class_list":{"0":"post-112912","1":"product","2":"type-product","3":"status-publish","4":"has-post-thumbnail","6":"product_brand-themeforest","7":"product_cat-bienes-raices","8":"product_cat-temas","9":"product_cat-wordpress-temas","10":"product_tag-themeforest","11":"member-discount","12":"discount-restricted","14":"first","15":"instock","16":"sale","17":"downloadable","18":"virtual","19":"sold-individually","20":"purchasable","21":"product-type-simple"},"_links":{"self":[{"href":"https:\/\/gpl-love.com\/es\/wp-json\/wp\/v2\/product\/112912","targetHints":{"allow":["GET"]}}],"collection":[{"href":"https:\/\/gpl-love.com\/es\/wp-json\/wp\/v2\/product"}],"about":[{"href":"https:\/\/gpl-love.com\/es\/wp-json\/wp\/v2\/types\/product"}],"replies":[{"embeddable":true,"href":"https:\/\/gpl-love.com\/es\/wp-json\/wp\/v2\/comments?post=112912"}],"wp:featuredmedia":[{"embeddable":true,"href":"https:\/\/gpl-love.com\/es\/wp-json\/wp\/v2\/media\/167831"}],"wp:attachment":[{"href":"https:\/\/gpl-love.com\/es\/wp-json\/wp\/v2\/media?parent=112912"}],"wp:term":[{"taxonomy":"product_brand","embeddable":true,"href":"https:\/\/gpl-love.com\/es\/wp-json\/wp\/v2\/product_brand?post=112912"},{"taxonomy":"product_cat","embeddable":true,"href":"https:\/\/gpl-love.com\/es\/wp-json\/wp\/v2\/product_cat?post=112912"},{"taxonomy":"product_tag","embeddable":true,"href":"https:\/\/gpl-love.com\/es\/wp-json\/wp\/v2\/product_tag?post=112912"}],"curies":[{"name":"wp","href":"https:\/\/api.w.org\/{rel}","templated":true}]}}