{"id":112910,"date":"2024-02-09T00:00:00","date_gmt":"2024-02-09T05:00:00","guid":{"rendered":"http:\/\/gpl-love.com\/es\/?post_type=product&#038;p=112910"},"modified":"2026-03-13T17:27:04","modified_gmt":"2026-03-13T22:27:04","slug":"osterisk-voip-y-cloud-services-wordpress-tema","status":"publish","type":"product","link":"https:\/\/gpl-love.com\/es\/producto\/osterisk-voip-y-cloud-services-wordpress-tema\/","title":{"rendered":"Osterisk VOIP y Cloud Services WordPress Theme 3.0"},"content":{"rendered":"<h3>Osterisk VOIP y Cloud Services WordPress Theme Caracteristicas<\/h3>\n<p>El tema de WordPress de Osterisk VoIP y Cloud Services se presenta como una opci\u00f3n excepcional para las empresas que operan dentro de la industria de telecomunicaciones, buscando establecer una plataforma digital para exhibir su gama de servicios. Su dise\u00f1o de vanguardia y sofisticado no solo exuda un sentido de modernidad, sino que tambi\u00e9n proporciona un amplio espacio para la personalizaci\u00f3n, lo que lo convierte en una opci\u00f3n ideal para aquellos que anhelan manifestar su presencia en l\u00ednea distinta. Este tema abarca una gran cantidad de caracter\u00edsticas personalizadas dise\u00f1adas exclusivamente para atender a proveedores de servicios de VoIP y en la nube, que abarca la inclusi\u00f3n de botones cautivadores de llamadas a acci\u00f3n, tablas de precios informativas y testimonios persuasivos. Adem\u00e1s, el dise\u00f1o notablemente adaptativo del tema asegura que el sitio web parezca visualmente impresionante en una variedad de dispositivos, mientras que su meticulosa optimizaci\u00f3n de motores de b\u00fasqueda le permite lograr clasificaciones encomiables en varios motores de b\u00fasqueda. A fin de cuentas, el tema de WordPress de WordPress Osterisk VoIP y Cloud es una inversi\u00f3n altamente prudente para las empresas interesadas en crear una personalidad en l\u00ednea resuelta e impactante.<\/p>\n<ul>\n<li>Dise\u00f1o profesional y moderno espec\u00edficamente adaptado para empresas de servicios VoIP y en la nube.<\/li>\n<li>Totalmente receptivo y optimizado para todos los dispositivos, asegurando una experiencia de usuario perfecta.<\/li>\n<li>Construido en la poderosa plataforma de WordPress, que proporciona una excelente flexibilidad y opciones de personalizaci\u00f3n.<\/li>\n<li>Incluye una variedad de plantillas de p\u00e1gina preconstruidas, ahorrar tiempo y esfuerzo en el desarrollo de sitios web.<\/li>\n<li>Compatible con complementos populares como WooCommerce y el Formulario de contacto 7, lo que permite una funcionalidad adicional.<\/li>\n<li>Incluye una variedad de caracter\u00edsticas, que incluyen tablas de precios, perfiles de miembros del equipo y testimonios de clientes.<\/li>\n<li>F\u00e1cil de usar y personalizar, incluso para aquellos con poca o ninguna experiencia de desarrollo web.<\/li>\n<li>Documentaci\u00f3n de tema extenso y soporte dedicado para cualquier problema t\u00e9cnico.<\/li>\n<li>Actualizaciones y mejoras peri\u00f3dicas para garantizar que el tema se mantenga actualizado con las \u00faltimas tendencias y tecnolog\u00edas web.<\/li>\n<li>Integraci\u00f3n con proveedores populares de servicios de VoIP y en la nube, lo que permite una integraci\u00f3n perfecta con herramientas comerciales importantes.<\/li>\n<\/ul>\n","protected":false},"excerpt":{"rendered":"<p>El tema de WordPress de Osterisk VoIP y Cloud Services, con su dise\u00f1o elegante y moderno, atiende espec\u00edficamente a las empresas dedicadas a proporcionar servicios en la nube y soluciones VoIP. Este tema cuenta con una gran cantidad de caracter\u00edsticas personalizables, como una amplia gama de plantillas, tipos de publicaciones personalizadas y un constructor de p\u00e1ginas de arrastrar y soltar f\u00e1cilmente con usuarios. Asegurando un sitio web visualmente atractivo en todos los dispositivos, el dise\u00f1o receptivo del tema y los gr\u00e1ficos de primer nivel garantizan una experiencia de usuario perfecta. Adem\u00e1s, el tema se integra perfectamente con numerosos complementos populares, simplificando el proceso de integraci\u00f3n con sus sistemas existentes. Independientemente de si su empresa es una peque\u00f1a empresa o una gran corporaci\u00f3n, el tema Osterisk es la opci\u00f3n ideal para mostrar efectivamente sus servicios en la nube y VoIP.<\/p>\n","protected":false},"featured_media":167115,"comment_status":"open","ping_status":"open","template":"","meta":[],"product_brand":[2337],"product_cat":[1307,1237,1238],"product_tag":[1391],"class_list":{"0":"post-112910","1":"product","2":"type-product","3":"status-publish","4":"has-post-thumbnail","6":"product_brand-themeforest","7":"product_cat-negocio-wordpress-temas","8":"product_cat-temas","9":"product_cat-wordpress-temas","10":"product_tag-themeforest","11":"member-discount","12":"discount-restricted","14":"first","15":"instock","16":"sale","17":"downloadable","18":"virtual","19":"sold-individually","20":"purchasable","21":"product-type-simple"},"_links":{"self":[{"href":"https:\/\/gpl-love.com\/es\/wp-json\/wp\/v2\/product\/112910","targetHints":{"allow":["GET"]}}],"collection":[{"href":"https:\/\/gpl-love.com\/es\/wp-json\/wp\/v2\/product"}],"about":[{"href":"https:\/\/gpl-love.com\/es\/wp-json\/wp\/v2\/types\/product"}],"replies":[{"embeddable":true,"href":"https:\/\/gpl-love.com\/es\/wp-json\/wp\/v2\/comments?post=112910"}],"wp:featuredmedia":[{"embeddable":true,"href":"https:\/\/gpl-love.com\/es\/wp-json\/wp\/v2\/media\/167115"}],"wp:attachment":[{"href":"https:\/\/gpl-love.com\/es\/wp-json\/wp\/v2\/media?parent=112910"}],"wp:term":[{"taxonomy":"product_brand","embeddable":true,"href":"https:\/\/gpl-love.com\/es\/wp-json\/wp\/v2\/product_brand?post=112910"},{"taxonomy":"product_cat","embeddable":true,"href":"https:\/\/gpl-love.com\/es\/wp-json\/wp\/v2\/product_cat?post=112910"},{"taxonomy":"product_tag","embeddable":true,"href":"https:\/\/gpl-love.com\/es\/wp-json\/wp\/v2\/product_tag?post=112910"}],"curies":[{"name":"wp","href":"https:\/\/api.w.org\/{rel}","templated":true}]}}