{"id":112908,"date":"2022-04-05T00:00:00","date_gmt":"2022-04-05T05:00:00","guid":{"rendered":"http:\/\/gpl-love.com\/es\/?post_type=product&#038;p=112908"},"modified":"2026-04-10T11:21:34","modified_gmt":"2026-04-10T16:21:34","slug":"picozo-coworking-y-office-space-wordpress-tema","status":"publish","type":"product","link":"https:\/\/gpl-love.com\/es\/producto\/picozo-coworking-y-office-space-wordpress-tema\/","title":{"rendered":"Picozo Coworking y Office Space WordPress Theme 1.8"},"content":{"rendered":"<h3>Picozo Coworking y Office Space WordPress Theme Caracteristicas<\/h3>\n<p>El tema de WordPress de Cowning y Office de Picozo es una plantilla incre\u00edblemente vers\u00e1til y din\u00e1mica que otorga sin esfuerzo una est\u00e9tica moderna y profesional en su sitio web de coworking u oficinas. Con su dise\u00f1o elegante y su interfaz f\u00e1cil de usar, Picozo ofrece una amplia variedad de caracter\u00edsticas impresionantes, que incluyen dise\u00f1os altamente flexibles, widgets personalizables y una funcionalidad de arrastrar y soltar sin esfuerzo. Adem\u00e1s, este tema est\u00e1 meticulosamente optimizado tanto para la velocidad como para la visibilidad del motor de b\u00fasqueda, lo que garantiza que su sitio web cuente en tiempos de carga excepcionales y una capacidad de descubrimiento sin esfuerzo. Adem\u00e1s, Picozo le otorga acceder a una amplia gama de p\u00e1ginas y plantillas preconstruidas, lo que le permite lanzar y establecer su sitio con una rapidez sin igual. Adem\u00e1s, este tema es totalmente receptivo, acomodando perfectamente todos los dispositivos y tama\u00f1os de pantalla, asegurando as\u00ed una experiencia de usuario perfecta en todos los \u00e1mbitos. Para los proveedores de espacio de coworking y oficinas que buscan construir un sitio web visualmente llamativo y extremadamente funcional, Picozo presenta una soluci\u00f3n ideal y altamente encomiable.<\/p>\n<ul>\n<li>Dise\u00f1o profesional y moderno espec\u00edficamente dise\u00f1ado para el espacio de coworking y las empresas de alquiler de oficinas<\/li>\n<li>Totalmente personalizable con un panel de opciones de temas f\u00e1ciles de usar<\/li>\n<li>Admite varias plantillas de p\u00e1gina, incluidos hogares, servicios, servicios, precios, blog y p\u00e1ginas de contacto<\/li>\n<li>Construido con la flexibilidad de El Elementor Page Builder, permitiendo una f\u00e1cil personalizaci\u00f3n de arrastre y ca\u00edda de dise\u00f1os de p\u00e1gina<\/li>\n<li>Integraci\u00f3n con complementos populares como WooCommerce para la reserva en l\u00ednea y el procesamiento de pagos<\/li>\n<li>Dise\u00f1o totalmente receptivo optimizado para dispositivos m\u00f3viles<\/li>\n<li>Estructura amigable para el SEO para una mejor clasificaci\u00f3n del motor de b\u00fasqueda<\/li>\n<li>Equipo de apoyo dedicado para asistencia y soluci\u00f3n de problemas<\/li>\n<li>Actualizaciones y mejoras de temas regulares para garantizar la compatibilidad con la \u00faltima versi\u00f3n de WordPress y otros complementos complementarios<\/li>\n<li>Opci\u00f3n de importaci\u00f3n de demostraci\u00f3n de un solo clic para una instalaci\u00f3n y configuraci\u00f3n r\u00e1pida<\/li>\n<li>Compatible con los principales navegadores web que incluyen Chrome, Firefox, Safari e Internet Explorer.<\/li>\n<\/ul>\n","protected":false},"excerpt":{"rendered":"<p>El tema de WordPress de Coworking y Office de Picozo es una plantilla de sitio web incre\u00edblemente vers\u00e1til y excepcionalmente moderna que es absolutamente perfecta para aquellas personas que buscan establecer un sitio web de coworking o oficinas. Con un dise\u00f1o incre\u00edblemente elegante y sofisticado, as\u00ed como una amplia gama de caracter\u00edsticas personalizables, este tema impresionante posee la capacidad de satisfacer todas sus necesidades y requisitos cuando se trata de mostrar su negocio de la manera m\u00e1s profesional y est\u00e9ticamente agradable imaginable. Ofreciendo un sistema de navegaci\u00f3n perfecto y f\u00e1cil de usar, as\u00ed como una variedad de elementos visualmente cautivadores e inspiradores, incluida la capacidad de personalizar logotipos para adaptarse a sus preferencias espec\u00edficas, el tema de Picozo realmente abarca la totalidad de lo que uno podr\u00eda desear en una plantilla de sitio web. Adem\u00e1s, es completamente sensible y totalmente compatible con todos los navegadores m\u00e1s populares, asegurando que su sitio web parezca inmaculado y visualmente impresionante en cualquier dispositivo o tama\u00f1o de pantalla. Es absolutamente imperativo que no permita esta invaluable oportunidad para mostrar su aventura de coworking al mundo entero con el asombro de picozo y el espacio de oficinas de WordPress de los dedos de WordPress.<\/p>\n","protected":false},"featured_media":167215,"comment_status":"open","ping_status":"open","template":"","meta":[],"product_brand":[2337],"product_cat":[1307,1237,1238],"product_tag":[1391],"class_list":{"0":"post-112908","1":"product","2":"type-product","3":"status-publish","4":"has-post-thumbnail","6":"product_brand-themeforest","7":"product_cat-negocio-wordpress-temas","8":"product_cat-temas","9":"product_cat-wordpress-temas","10":"product_tag-themeforest","11":"member-discount","12":"discount-restricted","14":"first","15":"instock","16":"sale","17":"downloadable","18":"virtual","19":"sold-individually","20":"purchasable","21":"product-type-simple"},"_links":{"self":[{"href":"https:\/\/gpl-love.com\/es\/wp-json\/wp\/v2\/product\/112908","targetHints":{"allow":["GET"]}}],"collection":[{"href":"https:\/\/gpl-love.com\/es\/wp-json\/wp\/v2\/product"}],"about":[{"href":"https:\/\/gpl-love.com\/es\/wp-json\/wp\/v2\/types\/product"}],"replies":[{"embeddable":true,"href":"https:\/\/gpl-love.com\/es\/wp-json\/wp\/v2\/comments?post=112908"}],"wp:featuredmedia":[{"embeddable":true,"href":"https:\/\/gpl-love.com\/es\/wp-json\/wp\/v2\/media\/167215"}],"wp:attachment":[{"href":"https:\/\/gpl-love.com\/es\/wp-json\/wp\/v2\/media?parent=112908"}],"wp:term":[{"taxonomy":"product_brand","embeddable":true,"href":"https:\/\/gpl-love.com\/es\/wp-json\/wp\/v2\/product_brand?post=112908"},{"taxonomy":"product_cat","embeddable":true,"href":"https:\/\/gpl-love.com\/es\/wp-json\/wp\/v2\/product_cat?post=112908"},{"taxonomy":"product_tag","embeddable":true,"href":"https:\/\/gpl-love.com\/es\/wp-json\/wp\/v2\/product_tag?post=112908"}],"curies":[{"name":"wp","href":"https:\/\/api.w.org\/{rel}","templated":true}]}}