{"id":112906,"date":"2021-04-26T00:00:00","date_gmt":"2021-04-26T05:00:00","guid":{"rendered":"http:\/\/gpl-love.com\/es\/?post_type=product&#038;p=112906"},"modified":"2026-04-10T11:21:44","modified_gmt":"2026-04-10T16:21:44","slug":"plantmore-responsive-tema-para-woocommerce-wordpress","status":"publish","type":"product","link":"https:\/\/gpl-love.com\/es\/producto\/plantmore-responsive-tema-para-woocommerce-wordpress\/","title":{"rendered":"Plantmore Responsive Tema para WooCommerce WordPress 1.1.8"},"content":{"rendered":"<h3>Plantmore Responsive Tema para WooCommerce WordPress Caracteristicas<\/h3>\n<p>El tema receptivo de Plantmore para WooCommerce WordPress es un tema excepcional y contempor\u00e1neo espec\u00edficamente dise\u00f1ado para tiendas de plantas en l\u00ednea. Con su dise\u00f1o inmaculado y sofisticado, ofrece una plataforma ideal para que las empresas exhiban sus productos y servicios. Este tema es totalmente receptivo y posee la notable capacidad de adaptarse perfectamente a cualquier dispositivo, facilitando as\u00ed la navegaci\u00f3n sin esfuerzo para los clientes en escritorios, tabletas y m\u00f3viles por igual. Adem\u00e1s, abarca una variedad de caracter\u00edsticas superiores, como una b\u00fasqueda avanzada de productos, una variedad de opciones de color para elegir, widgets personalizados y mucho m\u00e1s. El proceso de instalaci\u00f3n es muy sencillo y el tema en s\u00ed es altamente personalizable, lo que le permite crear un sitio web distintivo y personalizado que transmite sin problemas la identidad distintiva de su marca. En general, el tema receptivo de Plantmore para WooCommerce WordPress representa una inversi\u00f3n sabia para cualquier tienda en l\u00ednea orientada a las plantas que busca mejorar su presencia digital y aumentar sus cifras de ventas.<\/p>\n<ul>\n<li>Un tema de WooCommerce altamente personalizable para WordPress<\/li>\n<li>Dise\u00f1ado espec\u00edficamente para tiendas de plantas y jardines en l\u00ednea<\/li>\n<li>Se ajusta de manera responsable a diferentes tama\u00f1os de pantalla para una experiencia de usuario \u00f3ptima en escritorio, tabletas y dispositivos m\u00f3viles<\/li>\n<li>Construido con c\u00f3digo limpio y moderno para una velocidad y rendimiento \u00f3ptimos del sitio<\/li>\n<li>Viene con una variedad de dise\u00f1os de p\u00e1gina de inicio prefabricados y opciones de dise\u00f1o para una f\u00e1cil personalizaci\u00f3n<\/li>\n<li>Incluye varios widgets personalizados de WooCommerce para mostrar productos, categor\u00edas destacadas y m\u00e1s<\/li>\n<li>Admite la integraci\u00f3n con complementos populares de WooCommerce para una funcionalidad adicional y opciones de personalizaci\u00f3n<\/li>\n<li>Compatible con una variedad de constructores de p\u00e1ginas de WordPress populares para obtener a\u00fan m\u00e1s opciones de flexibilidad y personalizaci\u00f3n<\/li>\n<li>Viene con documentaci\u00f3n integral y apoyo para la facilidad de uso y la tranquilidad<\/li>\n<li>Actualizado regularmente con nuevas caracter\u00edsticas y correcciones de errores para una mejora y optimizaci\u00f3n continuas.<\/li>\n<\/ul>\n","protected":false},"excerpt":{"rendered":"<p>Plantmore Responsive es un tema notablemente vers\u00e1til y rico en caracter\u00edsticas que se ha creado meticulosamente y adaptado espec\u00edficamente para los usuarios de WordPress de WooCommerce. Se ha optimizado cuidadosamente para adaptarse a la perfecci\u00f3n al panorama en constante evoluci\u00f3n de dispositivos m\u00f3viles, asegurando que los visitantes reciban una experiencia minorista incre\u00edblemente suave y eficiente. Su editor de arrastrar y soltar intuitivo y f\u00e1cil de usar le impulsa a imbuir su sitio web sin esfuerzo y sin esfuerzo con un toque de individualidad, lo que le permite reflexionar aut\u00e9nticamente y encarnar la marca \u00fanica de su estimado negocio. Complementando su extensa gama de caracter\u00edsticas, Plantmore Responsive est\u00e1 equipado con una variedad de herramientas invaluables, como capacidades avanzadas de filtrado de productos, opciones de vista r\u00e1pida y amplia y un proceso de instalaci\u00f3n de un solo clic notablemente conveniente. Independientemente de si usted es un floreciente propietario de una peque\u00f1a empresa que se embarca en su viaje empresarial o en un profesional de comercio electr\u00f3nico experimentado y astuto, la sensaci\u00f3n ineficionada y inequ\u00edvocamente confiable receptiva es la opci\u00f3n por excelencia para su estimada tienda en l\u00ednea.<\/p>\n","protected":false},"featured_media":167229,"comment_status":"open","ping_status":"open","template":"","meta":[],"product_brand":[2337],"product_cat":[1263,1264,1237],"product_tag":[1391],"class_list":{"0":"post-112906","1":"product","2":"type-product","3":"status-publish","4":"has-post-thumbnail","6":"product_brand-themeforest","7":"product_cat-comercio-electronico-temas","8":"product_cat-negocio","9":"product_cat-temas","10":"product_tag-themeforest","11":"member-discount","12":"discount-restricted","14":"first","15":"instock","16":"sale","17":"downloadable","18":"virtual","19":"sold-individually","20":"purchasable","21":"product-type-simple"},"_links":{"self":[{"href":"https:\/\/gpl-love.com\/es\/wp-json\/wp\/v2\/product\/112906","targetHints":{"allow":["GET"]}}],"collection":[{"href":"https:\/\/gpl-love.com\/es\/wp-json\/wp\/v2\/product"}],"about":[{"href":"https:\/\/gpl-love.com\/es\/wp-json\/wp\/v2\/types\/product"}],"replies":[{"embeddable":true,"href":"https:\/\/gpl-love.com\/es\/wp-json\/wp\/v2\/comments?post=112906"}],"wp:featuredmedia":[{"embeddable":true,"href":"https:\/\/gpl-love.com\/es\/wp-json\/wp\/v2\/media\/167229"}],"wp:attachment":[{"href":"https:\/\/gpl-love.com\/es\/wp-json\/wp\/v2\/media?parent=112906"}],"wp:term":[{"taxonomy":"product_brand","embeddable":true,"href":"https:\/\/gpl-love.com\/es\/wp-json\/wp\/v2\/product_brand?post=112906"},{"taxonomy":"product_cat","embeddable":true,"href":"https:\/\/gpl-love.com\/es\/wp-json\/wp\/v2\/product_cat?post=112906"},{"taxonomy":"product_tag","embeddable":true,"href":"https:\/\/gpl-love.com\/es\/wp-json\/wp\/v2\/product_tag?post=112906"}],"curies":[{"name":"wp","href":"https:\/\/api.w.org\/{rel}","templated":true}]}}