{"id":112904,"date":"2021-11-09T00:00:00","date_gmt":"2021-11-09T05:00:00","guid":{"rendered":"http:\/\/gpl-love.com\/es\/?post_type=product&#038;p=112904"},"modified":"2026-04-10T11:27:20","modified_gmt":"2026-04-10T16:27:20","slug":"tessera-knowledge-base-y-support-forum-wordpress-tema","status":"publish","type":"product","link":"https:\/\/gpl-love.com\/es\/producto\/tessera-knowledge-base-y-support-forum-wordpress-tema\/","title":{"rendered":"Tessera Knowledge Base y Support Forum WordPress Theme 2.5"},"content":{"rendered":"<h3>Tessera Knowledge Base y Support Forum WordPress Theme Caracteristicas<\/h3>\n<p>Tessera Knowledge Base and Support Forum WordPress El tema es una soluci\u00f3n que lo abarca todo y es f\u00e1cil que facilita la creaci\u00f3n de la base de conocimiento y los foros de soporte directamente en su sitio web. Este tema notablemente vers\u00e1til satisface las necesidades de las empresas, las organizaciones e incluso las personas que aspiran a ofrecer a sus estimados clientes un sistema de apoyo de autoservicio sin esfuerzo. En virtud de su interfaz intuitiva, los usuarios pueden navegar sin esfuerzo a trav\u00e9s de la base de conocimiento, ubicando las respuestas precisas a sus consultas. Adem\u00e1s, su notable funcionalidad de b\u00fasqueda optimiza a\u00fan m\u00e1s el proceso de encontrar la informaci\u00f3n deseada. En particular, la funci\u00f3n de foro de soporte permite a los usuarios publicar sus preguntas y posteriormente recibir respuestas de otros usuarios, fomentando as\u00ed un fuerte sentido de comunidad y colaboraci\u00f3n. Aprovechando la flexibilidad de WordPress, este tema puede ser convenientemente personalizado, lo que le permite alinear sin problemas su base de conocimiento y foro de apoyo con el estilo y el tono espec\u00edficos de su marca. En resumen, el tema de WordPress de WordPress del foro de conocimiento de Tessera es una opci\u00f3n altamente encomiable para cualquier persona que busque ofrecer un sistema de apoyo de autoservicio efectivo a sus valiosos clientes.<\/p>\n<ul>\n<li>Dise\u00f1o moderno y profesional<\/li>\n<li>Construido espec\u00edficamente para la base de conocimiento y los foros de apoyo<\/li>\n<li>F\u00e1cil de personalizar con la personalizaci\u00f3n de temas en vivo<\/li>\n<li>Totalmente receptivo y amigable para m\u00f3viles<\/li>\n<li>Toneladas de opciones de personalizaci\u00f3n y dise\u00f1o<\/li>\n<li>Optimizado para SEO<\/li>\n<li>Se integra con complementos populares de WordPress<\/li>\n<li>Sistema de gesti\u00f3n de usuarios incorporado<\/li>\n<li>B\u00fasqueda r\u00e1pida y f\u00e1cil<\/li>\n<li>Editor de art\u00edculos f\u00e1ciles de usar<\/li>\n<li>Integrado con el intercambio de redes sociales<\/li>\n<li>Incluye una secci\u00f3n de preguntas frecuentes<\/li>\n<li>Equipo de apoyo dedicado para asistencia<\/li>\n<\/ul>\n","protected":false},"excerpt":{"rendered":"<p>El tema de WordPress de la base de conocimiento de Tessera y el foro de soporte es un tema ejemplar que atiende a la creaci\u00f3n de sitios web de la base de conocimiento y el foro de soporte de primer nivel y f\u00e1cil de usar. Estimado por sus dise\u00f1os personalizables que se alinean sin problemas con su marca, una funci\u00f3n de b\u00fasqueda robusta que permite a los usuarios localizar la informaci\u00f3n deseada y las herramientas de navegaci\u00f3n f\u00e1ciles de usar, este tema es el ep\u00edtome de la conveniencia y la eficiencia. Adem\u00e1s, este tema cuenta con caracter\u00edsticas adicionales, como perfiles de usuario personalizables, cargas de tutor\u00edas de video sin problemas y creaci\u00f3n de boletos de soporte expedito. No pierda el tiempo y adquiera el tema de Tessera de inmediato para comenzar a brindar un apoyo inigualable a su estimada clientela.<\/p>\n","protected":false},"featured_media":167697,"comment_status":"open","ping_status":"open","template":"","meta":[],"product_brand":[2337],"product_cat":[1267,1237,1238],"product_tag":[1391],"class_list":{"0":"post-112904","1":"product","2":"type-product","3":"status-publish","4":"has-post-thumbnail","6":"product_brand-themeforest","7":"product_cat-creativo","8":"product_cat-temas","9":"product_cat-wordpress-temas","10":"product_tag-themeforest","11":"member-discount","12":"discount-restricted","14":"first","15":"instock","16":"sale","17":"downloadable","18":"virtual","19":"sold-individually","20":"purchasable","21":"product-type-simple"},"_links":{"self":[{"href":"https:\/\/gpl-love.com\/es\/wp-json\/wp\/v2\/product\/112904","targetHints":{"allow":["GET"]}}],"collection":[{"href":"https:\/\/gpl-love.com\/es\/wp-json\/wp\/v2\/product"}],"about":[{"href":"https:\/\/gpl-love.com\/es\/wp-json\/wp\/v2\/types\/product"}],"replies":[{"embeddable":true,"href":"https:\/\/gpl-love.com\/es\/wp-json\/wp\/v2\/comments?post=112904"}],"wp:featuredmedia":[{"embeddable":true,"href":"https:\/\/gpl-love.com\/es\/wp-json\/wp\/v2\/media\/167697"}],"wp:attachment":[{"href":"https:\/\/gpl-love.com\/es\/wp-json\/wp\/v2\/media?parent=112904"}],"wp:term":[{"taxonomy":"product_brand","embeddable":true,"href":"https:\/\/gpl-love.com\/es\/wp-json\/wp\/v2\/product_brand?post=112904"},{"taxonomy":"product_cat","embeddable":true,"href":"https:\/\/gpl-love.com\/es\/wp-json\/wp\/v2\/product_cat?post=112904"},{"taxonomy":"product_tag","embeddable":true,"href":"https:\/\/gpl-love.com\/es\/wp-json\/wp\/v2\/product_tag?post=112904"}],"curies":[{"name":"wp","href":"https:\/\/api.w.org\/{rel}","templated":true}]}}