{"id":112902,"date":"2024-02-09T00:00:00","date_gmt":"2024-02-09T05:00:00","guid":{"rendered":"http:\/\/gpl-love.com\/es\/?post_type=product&#038;p=112902"},"modified":"2026-04-10T11:21:52","modified_gmt":"2026-04-10T16:21:52","slug":"potisen-election-y-political-wordpress-tema","status":"publish","type":"product","link":"https:\/\/gpl-love.com\/es\/producto\/potisen-election-y-political-wordpress-tema\/","title":{"rendered":"Potisen Election y Political WordPress Theme 1.1.8"},"content":{"rendered":"<h3>Potisen Election y Political WordPress Theme Caracteristicas<\/h3>\n<p>El tema de las elecciones y el tema de WordPress pol\u00edtico de Potisen se destacan como un tema premium excepcional espec\u00edficamente seleccionado para satisfacer las necesidades de las campa\u00f1as pol\u00edticas, las elecciones y otros esfuerzos pol\u00edticos. Este tema presenta una gran cantidad de caracter\u00edsticas que est\u00e1n destinadas a impresionar, incluido un dise\u00f1o receptivo, una p\u00e1gina de inicio personalizable, una amplia gama de opciones de color, as\u00ed como un sistema de donaci\u00f3n altamente eficiente. Adem\u00e1s, este tema ha sido meticulosamente optimizado para los motores de b\u00fasqueda y las redes sociales, lo que garantiza la promoci\u00f3n sin esfuerzo de su mensaje pol\u00edtico en todas las plataformas disponibles. Adem\u00e1s, cuenta con una variedad de caracter\u00edsticas centradas en la pol\u00edtica, como herramientas de gesti\u00f3n de campa\u00f1as, calendarios de eventos y widgets personalizados que facilitan la visualizaci\u00f3n de informaci\u00f3n de candidatos. Con la utilizaci\u00f3n de Potisen, podr\u00e1 establecer sin esfuerzo un sitio web que exude profesionalismo, lo que le permite conectarse efectivamente con su p\u00fablico objetivo y abogar efectivamente por su agenda pol\u00edtica.<\/p>\n<ul>\n<li>Tema de WordPress personalizable de alta calidad dise\u00f1ado espec\u00edficamente para campa\u00f1as electorales y sitios web pol\u00edticos<\/li>\n<li>Viene con m\u00faltiples opciones de p\u00e1gina de inicio prefabricadas que se pueden personalizar f\u00e1cilmente para satisfacer sus necesidades \u00fanicas<\/li>\n<li>Incluye opciones de donaci\u00f3n y recaudaci\u00f3n de fondos incorporadas, lo que permite una integraci\u00f3n perfecta con pasarelas de pago populares como PayPal y Stripe<\/li>\n<li>El dise\u00f1o totalmente receptivo asegura que su sitio web se vea genial en todos los dispositivos, desde computadoras de escritorio hasta tel\u00e9fonos m\u00f3viles<\/li>\n<li>El panel de opciones de tema potentes le permite ajustar f\u00e1cilmente cada aspecto de su sitio web, desde la tipograf\u00eda y los esquemas de color hasta el dise\u00f1o y la funcionalidad.<\/li>\n<li>Construido con las \u00faltimas tecnolog\u00edas de dise\u00f1o web, incluidos HTML5, CSS3 y JQuery, asegurando tiempos de carga r\u00e1pidos y un rendimiento \u00f3ptimo<\/li>\n<li>Incluye una variedad de tipos de publicaciones personalizados, incluidos miembros del personal, eventos y noticias, lo que le permite organizar y compartir informaci\u00f3n f\u00e1cilmente con sus visitantes.<\/li>\n<li>Compatible con todos los principales navegadores web, incluidos Internet Explorer, Firefox, Safari y Chrome<\/li>\n<li>Documentaci\u00f3n extensa y foro de soporte dedicado Aseg\u00farese de que tenga toda la ayuda que necesita para configurar y personalizar su sitio web con facilidad.<\/li>\n<\/ul>\n","protected":false},"excerpt":{"rendered":"<p>Potisen, un tema de WordPress incre\u00edblemente vers\u00e1til, es el ep\u00edtome de la perfecci\u00f3n para campa\u00f1as pol\u00edticas, elecciones y otros sitios web pol\u00edticos. Con un dise\u00f1o rico y moderno, este tema se adapta perfectamente a cualquier tama\u00f1o o dispositivo de pantalla, asegurando una est\u00e9tica impecable independientemente de la plataforma. Adem\u00e1s, Potisen ofrece numerosas p\u00e1ginas predise\u00f1adas que se pueden adaptar sin esfuerzo para satisfacer sus requisitos individuales. Ya sea la creaci\u00f3n de p\u00e1ginas de noticias cautivadoras, p\u00e1ginas de donaci\u00f3n o p\u00e1ginas de eventos, este tema atiende a todas sus necesidades y deseos. Adem\u00e1s, Potisen proporciona una multitud de caracter\u00edsticas, incluidas las cuenta regresiva de campa\u00f1as, la integraci\u00f3n de las redes sociales y los formularios de suscripci\u00f3n, lo que le permite establecer y mantener una conexi\u00f3n profunda con su estimada audiencia. Con su proceso de instalaci\u00f3n y configuraci\u00f3n f\u00e1cil de usar, Potisen se erige como la opci\u00f3n ideal para cualquier persona que busque forjar un sitio web pol\u00edtico profesional y cautivador.<\/p>\n","protected":false},"featured_media":167242,"comment_status":"open","ping_status":"open","template":"","meta":[],"product_brand":[2337],"product_cat":[1267,1237,1238],"product_tag":[1391],"class_list":{"0":"post-112902","1":"product","2":"type-product","3":"status-publish","4":"has-post-thumbnail","6":"product_brand-themeforest","7":"product_cat-creativo","8":"product_cat-temas","9":"product_cat-wordpress-temas","10":"product_tag-themeforest","11":"member-discount","12":"discount-restricted","14":"first","15":"instock","16":"sale","17":"downloadable","18":"virtual","19":"sold-individually","20":"purchasable","21":"product-type-simple"},"_links":{"self":[{"href":"https:\/\/gpl-love.com\/es\/wp-json\/wp\/v2\/product\/112902","targetHints":{"allow":["GET"]}}],"collection":[{"href":"https:\/\/gpl-love.com\/es\/wp-json\/wp\/v2\/product"}],"about":[{"href":"https:\/\/gpl-love.com\/es\/wp-json\/wp\/v2\/types\/product"}],"replies":[{"embeddable":true,"href":"https:\/\/gpl-love.com\/es\/wp-json\/wp\/v2\/comments?post=112902"}],"wp:featuredmedia":[{"embeddable":true,"href":"https:\/\/gpl-love.com\/es\/wp-json\/wp\/v2\/media\/167242"}],"wp:attachment":[{"href":"https:\/\/gpl-love.com\/es\/wp-json\/wp\/v2\/media?parent=112902"}],"wp:term":[{"taxonomy":"product_brand","embeddable":true,"href":"https:\/\/gpl-love.com\/es\/wp-json\/wp\/v2\/product_brand?post=112902"},{"taxonomy":"product_cat","embeddable":true,"href":"https:\/\/gpl-love.com\/es\/wp-json\/wp\/v2\/product_cat?post=112902"},{"taxonomy":"product_tag","embeddable":true,"href":"https:\/\/gpl-love.com\/es\/wp-json\/wp\/v2\/product_tag?post=112902"}],"curies":[{"name":"wp","href":"https:\/\/api.w.org\/{rel}","templated":true}]}}