{"id":112900,"date":"2022-06-01T00:00:00","date_gmt":"2022-06-01T05:00:00","guid":{"rendered":"http:\/\/gpl-love.com\/es\/?post_type=product&#038;p=112900"},"modified":"2026-03-13T17:16:38","modified_gmt":"2026-03-13T22:16:38","slug":"bizix-corporate-y-business-wordpress-tema","status":"publish","type":"product","link":"https:\/\/gpl-love.com\/es\/producto\/bizix-corporate-y-business-wordpress-tema\/","title":{"rendered":"Bizix Corporate y Business WordPress Theme 2.1.0"},"content":{"rendered":"<h3>Bizix Corporate y Business WordPress Theme Caracteristicas<\/h3>\n<p>El tema Bizix Corporate and Business WordPress es un tema incre\u00edblemente profesional y vers\u00e1til que ha sido meticulosamente dise\u00f1ado para el \u00fanico prop\u00f3sito de atender a empresas y corporaciones. Este tema extraordinario es absolutamente rebosante con una variedad de caracter\u00edsticas poderosas que brindan a las empresas la capacidad de forjar una presencia en l\u00ednea robusta y exhibir sus productos y servicios excepcionales de una manera exquisitamente moderna y elegante. Con un dise\u00f1o notablemente limpio y altamente receptivo, Bizix se adapta espec\u00edficamente para adaptarse a todo tipo de empresas, desde las nuevas empresas m\u00e1s humildes hasta las corporaciones m\u00e1s colosales. Adem\u00e1s, este tema ofrece una amplia selecci\u00f3n de opciones de personalizaci\u00f3n, facilitando as\u00ed la creaci\u00f3n sin esfuerzo de un sitio web verdaderamente excepcional y a medida que encarna sin problemas la esencia de su marca. Adem\u00e1s, Bizix tambi\u00e9n proporciona una gran variedad de dise\u00f1os y plantillas preparados, asegurando as\u00ed una iniciaci\u00f3n sin esfuerzo en el proceso de creaci\u00f3n del sitio web y endogar a las empresas con la mayor flexibilidad para idear sin esfuerzo el sitio web de sus sue\u00f1os. En \u00faltima instancia, Bizix se erige como un tema intuitivo inmensamente poderoso y sin esfuerzo que es, sin duda, la elecci\u00f3n por excelencia para cualquier negocio que busque establecer una presencia en l\u00ednea dominante.<\/p>\n<ul>\n<li>Dise\u00f1o elegante y moderno con una sensaci\u00f3n profesional<\/li>\n<li>Dise\u00f1o receptivo y amigable para m\u00f3vil para facilitar el acceso en cualquier dispositivo<\/li>\n<li>Construido en el potente marco de bootstrap para la m\u00e1xima estabilidad y rendimiento<\/li>\n<li>Totalmente personalizable con un constructor de p\u00e1ginas de arrastrar y soltar intuitivo<\/li>\n<li>P\u00e1ginas de demostraci\u00f3n previas a la construcci\u00f3n para una f\u00e1cil configuraci\u00f3n y personalizaci\u00f3n<\/li>\n<li>Variaciones m\u00faltiples de encabezado y pie de p\u00e1gina para elegir<\/li>\n<li>Soporte para m\u00e1s de 700 fuentes de Google para una tipograf\u00eda \u00fanica<\/li>\n<li>Viene con una variedad de c\u00f3digos cortos incorporados para una funcionalidad adicional<\/li>\n<li>Caracter\u00edsticas integradas de blog y cartera<\/li>\n<li>Compatible con complementos populares de WordPress como WooCommerce y el Formulario de contacto 7<\/li>\n<li>Documentaci\u00f3n extensa y atenci\u00f3n al cliente dedicada para una experiencia sin problemas.<\/li>\n<\/ul>\n","protected":false},"excerpt":{"rendered":"<p>El tema de Bizix Corporate and Business WordPress es una plataforma innovadora y f\u00e1cil de usar que ofrece la soluci\u00f3n perfecta para todas sus necesidades corporativas y comerciales. Nuestro tema est\u00e1 dise\u00f1ado exclusivamente con un c\u00f3digo de alto rendimiento, asegurando una experiencia de sitio web perfecta y r\u00e1pida. Bizix est\u00e1 lleno de caracter\u00edsticas premium como importaci\u00f3n de demostraci\u00f3n de un solo clic, p\u00e1ginas internas preconstruidas, dise\u00f1o para dispositivos m\u00f3viles, optimizaci\u00f3n de SEO y soporte de varios idiomas. Este tema de WordPress es totalmente personalizable, lo que le brinda un control absoluto sobre el aspecto y la sensaci\u00f3n de su sitio web. Con Bizix, puede presentar su negocio profesional e atractivo a los clientes potenciales, mejorando as\u00ed su imagen de marca y aumentando su presencia en l\u00ednea. Ya sea que sea una empresa empresarial o una empresa establecida, Bizix Corporate and Business WordPress, es su herramienta de referencia para el \u00e9xito.<\/p>\n","protected":false},"featured_media":165482,"comment_status":"open","ping_status":"open","template":"","meta":[],"product_brand":[2337],"product_cat":[1307,1237,1238],"product_tag":[1391],"class_list":{"0":"post-112900","1":"product","2":"type-product","3":"status-publish","4":"has-post-thumbnail","6":"product_brand-themeforest","7":"product_cat-negocio-wordpress-temas","8":"product_cat-temas","9":"product_cat-wordpress-temas","10":"product_tag-themeforest","11":"member-discount","12":"discount-restricted","14":"first","15":"instock","16":"sale","17":"downloadable","18":"virtual","19":"sold-individually","20":"purchasable","21":"product-type-simple"},"_links":{"self":[{"href":"https:\/\/gpl-love.com\/es\/wp-json\/wp\/v2\/product\/112900","targetHints":{"allow":["GET"]}}],"collection":[{"href":"https:\/\/gpl-love.com\/es\/wp-json\/wp\/v2\/product"}],"about":[{"href":"https:\/\/gpl-love.com\/es\/wp-json\/wp\/v2\/types\/product"}],"replies":[{"embeddable":true,"href":"https:\/\/gpl-love.com\/es\/wp-json\/wp\/v2\/comments?post=112900"}],"wp:featuredmedia":[{"embeddable":true,"href":"https:\/\/gpl-love.com\/es\/wp-json\/wp\/v2\/media\/165482"}],"wp:attachment":[{"href":"https:\/\/gpl-love.com\/es\/wp-json\/wp\/v2\/media?parent=112900"}],"wp:term":[{"taxonomy":"product_brand","embeddable":true,"href":"https:\/\/gpl-love.com\/es\/wp-json\/wp\/v2\/product_brand?post=112900"},{"taxonomy":"product_cat","embeddable":true,"href":"https:\/\/gpl-love.com\/es\/wp-json\/wp\/v2\/product_cat?post=112900"},{"taxonomy":"product_tag","embeddable":true,"href":"https:\/\/gpl-love.com\/es\/wp-json\/wp\/v2\/product_tag?post=112900"}],"curies":[{"name":"wp","href":"https:\/\/api.w.org\/{rel}","templated":true}]}}