{"id":112898,"date":"2023-09-20T00:00:00","date_gmt":"2023-09-20T05:00:00","guid":{"rendered":"http:\/\/gpl-love.com\/es\/?post_type=product&#038;p=112898"},"modified":"2026-04-10T11:25:07","modified_gmt":"2026-04-10T16:25:07","slug":"smarty-education-wordpress-tema","status":"publish","type":"product","link":"https:\/\/gpl-love.com\/es\/producto\/smarty-education-wordpress-tema\/","title":{"rendered":"Smarty Education WordPress Theme 3.4.7"},"content":{"rendered":"<h3>Smarty Education WordPress Theme Caracteristicas<\/h3>\n<p>El tema de Smarty Education WordPress es la soluci\u00f3n ideal para las instituciones educativas que buscan construir un sitio web contempor\u00e1neo y profesional que mejore la experiencia de aprendizaje tanto para estudiantes como para los educadores. Con su dise\u00f1o elegante y receptivo, Smarty Education proporciona una interfaz f\u00e1cil de usar y una funcionalidad perfecta que facilita la navegaci\u00f3n f\u00e1cil. Adem\u00e1s, sus caracter\u00edsticas totalmente personalizables le permiten adaptar el sitio web para satisfacer las necesidades \u00fanicas y la marca de su instituci\u00f3n educativa.<\/p>\n<p>Incorporando un conjunto completo de caracter\u00edsticas y funciones espec\u00edficamente dise\u00f1adas para involucrar e informar a su p\u00fablico objetivo, Smarty Education abarca un poderoso sistema de gesti\u00f3n de cursos. Este sistema le permite organizar efectivamente sus cursos, horarios de clases y tareas. Adem\u00e1s, el sistema de gesti\u00f3n del curso se integra perfectamente con WooCommerce, facilitando as\u00ed la configuraci\u00f3n sin esfuerzo de pagos y la gesti\u00f3n de las transacciones de comercio electr\u00f3nico.<\/p>\n<p>El excepcional dise\u00f1o de p\u00e1gina de inicio del tema le permite mostrar las fortalezas y logros de su instituci\u00f3n, al tiempo que mantiene a sus estudiantes informados de los pr\u00f3ximos eventos, noticias y anuncios. Adem\u00e1s, la inclusi\u00f3n de elementos de dise\u00f1o de clase mundial y un constructor de p\u00e1ginas visual simplifican el proceso de personalizaci\u00f3n, lo que le permite dise\u00f1ar cada faceta de su sitio web para una experiencia de usuario inmersiva, interactiva y moderna.<\/p>\n<p>Ya sea que su instituci\u00f3n sea una estimada universidad, secundaria, universidad o escuela de idiomas, Smarty Education ofrece una flexibilidad incomparable en todos los niveles. En consecuencia, Smarty Education es una opci\u00f3n excepcional para cualquier plataforma educativa de aprendizaje remoto, incluidos cursos en l\u00ednea, sitios de tutor\u00eda o escuelas de aprendizaje electr\u00f3nico.<\/p>\n<p>Con Smarty Education, la gesti\u00f3n del sitio web de su escuela y la plataforma de aprendizaje en l\u00ednea se vuelven sin esfuerzo sin problemas. Su interfaz f\u00e1cil de usar, sus caracter\u00edsticas altamente funcionales y su flexibilidad inigualable la posicionan como una opci\u00f3n inmejorable para cualquier instituci\u00f3n educativa que busque mejorar su presencia en l\u00ednea y mantenerse al tanto de las \u00faltimas tendencias digitales. Por lo tanto, invertir en el tema de WordPress de Smarty Education hoy sin duda dar\u00e1 una diferencia transformadora para su escuela.<\/p>\n<ul>\n<li>Un tema de WordPress de educaci\u00f3n premium dise\u00f1ado para escuelas, universidades y cursos en l\u00ednea<\/li>\n<li>Totalmente personalizable con un dise\u00f1o receptivo que se adapte a cualquier tama\u00f1o de pantalla<\/li>\n<li>Viene con 9 demostraciones preconstruidas que se pueden importar con un clic<\/li>\n<li>Caracter\u00edsticas de aprendizaje electr\u00f3nico incorporadas como gesti\u00f3n de cursos, creaci\u00f3n de cuestionarios y seguimiento de progreso de los estudiantes<\/li>\n<li>Compatible con complementos populares de WordPress como WooCommerce, LearnPress y WPML<\/li>\n<li>Incluye 4 estilos de encabezado, 4 pies de pie y opciones de color ilimitadas<\/li>\n<li>C\u00f3digo eficiente que carga r\u00e1pido y aumenta la velocidad del sitio web<\/li>\n<li>Optimizado para motores de b\u00fasqueda con herramientas de SEO incorporadas<\/li>\n<li>Viene con documentaci\u00f3n integral y apoyo del equipo de desarrolladores<\/li>\n<li>Actualizado regularmente para garantizar la compatibilidad con las \u00faltimas versiones y complementos de WordPress.<\/li>\n<\/ul>\n","protected":false},"excerpt":{"rendered":"<p>Nuestro tema de WordPress de Smarty Education recientemente introducido est\u00e1 espec\u00edficamente dise\u00f1ado para satisfacer las necesidades de las instituciones educativas, las escuelas y las universidades al proporcionarles sitios web receptivos y visualmente cautivadores. Con una integraci\u00f3n perfecta con complementos muy buscados como WooCommerce, Contact Form 7 y Revolution Slider, este tema ofrece personalizaci\u00f3n incomparable y facilidad de uso. Al optar por el tema Smarty Education WordPress, puede establecer sin esfuerzo una presencia en l\u00ednea profesional y contempor\u00e1nea que incorpore caracter\u00edsticas vitales como cursos en l\u00ednea, perfiles de estudiantes e informaci\u00f3n del curso. Gracias a su dise\u00f1o instintivo, tendr\u00e1 la capacidad de mostrar sin esfuerzo sus materiales y servicios educativos, lo que permite que su instituci\u00f3n se distinga dentro del vasto reino del ciberespacio.<\/p>\n","protected":false},"featured_media":167514,"comment_status":"open","ping_status":"open","template":"","meta":[],"product_brand":[2337],"product_cat":[1267,1237,1238],"product_tag":[1391],"class_list":{"0":"post-112898","1":"product","2":"type-product","3":"status-publish","4":"has-post-thumbnail","6":"product_brand-themeforest","7":"product_cat-creativo","8":"product_cat-temas","9":"product_cat-wordpress-temas","10":"product_tag-themeforest","11":"member-discount","12":"discount-restricted","14":"first","15":"instock","16":"sale","17":"downloadable","18":"virtual","19":"sold-individually","20":"purchasable","21":"product-type-simple"},"_links":{"self":[{"href":"https:\/\/gpl-love.com\/es\/wp-json\/wp\/v2\/product\/112898","targetHints":{"allow":["GET"]}}],"collection":[{"href":"https:\/\/gpl-love.com\/es\/wp-json\/wp\/v2\/product"}],"about":[{"href":"https:\/\/gpl-love.com\/es\/wp-json\/wp\/v2\/types\/product"}],"replies":[{"embeddable":true,"href":"https:\/\/gpl-love.com\/es\/wp-json\/wp\/v2\/comments?post=112898"}],"wp:featuredmedia":[{"embeddable":true,"href":"https:\/\/gpl-love.com\/es\/wp-json\/wp\/v2\/media\/167514"}],"wp:attachment":[{"href":"https:\/\/gpl-love.com\/es\/wp-json\/wp\/v2\/media?parent=112898"}],"wp:term":[{"taxonomy":"product_brand","embeddable":true,"href":"https:\/\/gpl-love.com\/es\/wp-json\/wp\/v2\/product_brand?post=112898"},{"taxonomy":"product_cat","embeddable":true,"href":"https:\/\/gpl-love.com\/es\/wp-json\/wp\/v2\/product_cat?post=112898"},{"taxonomy":"product_tag","embeddable":true,"href":"https:\/\/gpl-love.com\/es\/wp-json\/wp\/v2\/product_tag?post=112898"}],"curies":[{"name":"wp","href":"https:\/\/api.w.org\/{rel}","templated":true}]}}