{"id":112894,"date":"2025-08-22T00:00:00","date_gmt":"2025-08-22T05:00:00","guid":{"rendered":"http:\/\/gpl-love.com\/es\/?post_type=product&#038;p=112894"},"modified":"2026-03-09T07:34:45","modified_gmt":"2026-03-09T12:34:45","slug":"feedzy-rss-feeds-pro","status":"publish","type":"product","link":"https:\/\/gpl-love.com\/es\/producto\/feedzy-rss-feeds-pro\/","title":{"rendered":"Feedzy RSS Feeds Personal Plan 3.1.0"},"content":{"rendered":"<h3>Feedzy RSS Feeds Personal Plan Caracteristicas<\/h3>\n<p>El Plan Personal Feedzy RSS Feeds ofrece una soluci\u00f3n integral y multifuncional a las personas que buscan curar y mostrar los alimentos RSS en su sitio web. Este plan permite a los usuarios incorporar hasta tres alimentos distintos al tiempo que les proporciona la flexibilidad para personalizar la apariencia y el ambiente de su pantalla de alimentaci\u00f3n. Adem\u00e1s, este plan implica actualizaciones autom\u00e1ticas, almacenamiento en cach\u00e9 de alimentaci\u00f3n y la opci\u00f3n de filtrar y omitir selectivamente elementos de alimentaci\u00f3n espec\u00edficos seg\u00fan lo desee. La interfaz f\u00e1cil de usar y el dise\u00f1o adaptable de este plan garantizan que la pantalla de alimentaci\u00f3n mantendr\u00e1 una apariencia est\u00e9ticamente agradable y perfecta en todos los dispositivos. Al aprovechar las capacidades del plan personal Feedzy RSS Feeds, los usuarios pueden garantizar sin esfuerzo que su sitio web est\u00e9 actualizado con contenido relevante y oportuno.<\/p>\n<ul>\n<li>Permite a los usuarios mostrar Feeds RSS en sus sitios web<\/li>\n<li>El plan personal incluye alimentos ilimitados y opciones de personalizaci\u00f3n<\/li>\n<li>Interfaz simple y f\u00e1cil de usar para agregar y administrar alimentos<\/li>\n<li>Ofrece varias opciones de visualizaci\u00f3n, que incluyen formatos de lista, cuadr\u00edcula y control deslizante<\/li>\n<li>Las actualizaciones autom\u00e1ticas mantienen los alimentos relevantes y actualizados<\/li>\n<li>Opci\u00f3n para filtrar y excluir cierto contenido de Feeds<\/li>\n<li>Compatible con cualquier tema de WordPress<\/li>\n<li>Proporciona an\u00e1lisis detallados sobre el rendimiento de la alimentaci\u00f3n y la participaci\u00f3n del usuario<\/li>\n<li>Excelente atenci\u00f3n al cliente y actualizaciones regulares para mejorar la funcionalidad<\/li>\n<\/ul>\n","protected":false},"excerpt":{"rendered":"<p>El Plan Personal Feedzy RSS Feeds es una soluci\u00f3n excepcional e ideal para individuos o peque\u00f1as empresas que buscan curar y publicar contenido cautivador en su sitio web. Este plan ofrece la conveniencia de agregar y administrar f\u00e1cilmente los alimentos RSS de las fuentes en l\u00ednea preferidas, proporcionando as\u00ed una gran cantidad de contenido fresco y pertinente a la audiencia. Adem\u00e1s, el plan permite la personalizaci\u00f3n de dise\u00f1os y plantillas, lo que permite a los usuarios alinear sus feeds con el estilo y la marca \u00fanicos de su sitio web. Adem\u00e1s, la inclusi\u00f3n de actualizaciones autom\u00e1ticas garantiza que el contenido permanezca constantemente actual, lo que evita a las personas el tiempo y la energ\u00eda requeridos para la actualizaci\u00f3n manual. Eleve su sitio web a nuevas alturas con los notables beneficios del plan personal Feedzy RSS Feeds.<\/p>\n","protected":false},"featured_media":166096,"comment_status":"open","ping_status":"open","template":"","meta":[],"product_brand":[2449],"product_cat":[1232,1206,1211],"product_tag":[1645],"class_list":{"0":"post-112894","1":"product","2":"type-product","3":"status-publish","4":"has-post-thumbnail","6":"product_brand-themeisle","7":"product_cat-marketing-wordpress-plugins","8":"product_cat-plugins","9":"product_cat-wordpress-plugins","10":"product_tag-themeisle","11":"member-discount","12":"discount-restricted","14":"first","15":"instock","16":"sale","17":"downloadable","18":"virtual","19":"sold-individually","20":"purchasable","21":"product-type-simple"},"_links":{"self":[{"href":"https:\/\/gpl-love.com\/es\/wp-json\/wp\/v2\/product\/112894","targetHints":{"allow":["GET"]}}],"collection":[{"href":"https:\/\/gpl-love.com\/es\/wp-json\/wp\/v2\/product"}],"about":[{"href":"https:\/\/gpl-love.com\/es\/wp-json\/wp\/v2\/types\/product"}],"replies":[{"embeddable":true,"href":"https:\/\/gpl-love.com\/es\/wp-json\/wp\/v2\/comments?post=112894"}],"wp:featuredmedia":[{"embeddable":true,"href":"https:\/\/gpl-love.com\/es\/wp-json\/wp\/v2\/media\/166096"}],"wp:attachment":[{"href":"https:\/\/gpl-love.com\/es\/wp-json\/wp\/v2\/media?parent=112894"}],"wp:term":[{"taxonomy":"product_brand","embeddable":true,"href":"https:\/\/gpl-love.com\/es\/wp-json\/wp\/v2\/product_brand?post=112894"},{"taxonomy":"product_cat","embeddable":true,"href":"https:\/\/gpl-love.com\/es\/wp-json\/wp\/v2\/product_cat?post=112894"},{"taxonomy":"product_tag","embeddable":true,"href":"https:\/\/gpl-love.com\/es\/wp-json\/wp\/v2\/product_tag?post=112894"}],"curies":[{"name":"wp","href":"https:\/\/api.w.org\/{rel}","templated":true}]}}