{"id":112890,"date":"2021-04-26T00:00:00","date_gmt":"2021-04-26T05:00:00","guid":{"rendered":"http:\/\/gpl-love.com\/es\/?post_type=product&#038;p=112890"},"modified":"2026-04-10T11:27:07","modified_gmt":"2026-04-10T16:27:07","slug":"sweetmielo-honey-production-y-sweets-delicious-wordpress-tema","status":"publish","type":"product","link":"https:\/\/gpl-love.com\/es\/producto\/sweetmielo-honey-production-y-sweets-delicious-wordpress-tema\/","title":{"rendered":"SweetMielo Honey Production y Sweets Delicious WordPress Theme 1.6.7"},"content":{"rendered":"<h3>SweetMielo Honey Production y Sweets Delicious WordPress Theme Caracteristicas<\/h3>\n<p>La producci\u00f3n de miel Sweetmielo y los deliciosos tema de WordPress se destacan como un tema extremadamente vers\u00e1til y visualmente cautivador, lo que lo convierte en una opci\u00f3n ideal para las personas involucradas en la producci\u00f3n de miel o dulces. Este tema ha sido meticulosamente elaborado para atender espec\u00edficamente a aquellos que aspiran a presentar sus productos de la manera m\u00e1s \u00f3ptima, todo el tiempo asegurando una experiencia de usuario excepcional para su clientela. Con funcionalidades f\u00e1ciles de usar y atributos personalizables, este tema facilita sin esfuerzo la creaci\u00f3n de un sitio web sofisticado y cautivador que sin duda distinguir\u00e1 su negocio en un mercado saturado. Ya sea que busque exhibir su deliciosa variedad de productos de miel o promover la venta de sus deliciosos dulces, la producci\u00f3n de miel Sweetmielo y los deliciosos tema de WordPress es inequ\u00edvocamente la opci\u00f3n primordial para su empresa.<\/p>\n<ul>\n<li>Un tema de WordPress vers\u00e1til y personalizable dise\u00f1ado espec\u00edficamente para productores de miel y dulces creadores<\/li>\n<li>Cuenta con un dise\u00f1o moderno y limpio con muchas opciones para la personalizaci\u00f3n.<\/li>\n<li>Incluye p\u00e1ginas preconstruidas para exhibir productos de miel y dulces, recetas y publicaciones de blog<\/li>\n<li>Constructor de p\u00e1gina de arrastrar y soltar f\u00e1cil de usar para crear dise\u00f1os y dise\u00f1os \u00fanicos<\/li>\n<li>Compatible con complementos populares de WordPress para agregar funcionalidad de comercio electr\u00f3nico, integraci\u00f3n de redes sociales y optimizaci\u00f3n de SEO<\/li>\n<li>El dise\u00f1o de respuesta m\u00f3vil garantiza que su sitio web se vea muy bien en cualquier dispositivo<\/li>\n<li>Incluye un poderoso panel de administraci\u00f3n para administrar la configuraci\u00f3n y el contenido de su sitio web.<\/li>\n<li>Viene con una variedad de widgets y c\u00f3digos cortos para agregar funcionalidad personalizada a su sitio web<\/li>\n<li>Equipo de soporte dedicado disponible para ayudarlo con cualquier pregunta o problema t\u00e9cnico<\/li>\n<li>Actualizaciones peri\u00f3dicas Aseg\u00farese de que su sitio web se mantenga actualizado con las \u00faltimas tendencias de dise\u00f1o web y las mejores pr\u00e1cticas<\/li>\n<\/ul>\n","protected":false},"excerpt":{"rendered":"<p>La producci\u00f3n de miel Sweetmielo y el delicioso tema de WordPress delicioso se presenta como la soluci\u00f3n definitiva para las personas que buscan establecer un sitio web impresionante para su empresa de miel o dulces. Este tema excepcionalmente adaptable cuenta con un dise\u00f1o visualmente cautivador, que ofrece dise\u00f1os personalizables y caracter\u00edsticas potentes que sin duda ayudar\u00e1n en la presentaci\u00f3n de sus productos de la manera m\u00e1s favorable. Con una gran cantidad de opciones de encabezado y pie de p\u00e1gina, varios estilos de p\u00e1gina de inicio y herramientas de personalizaci\u00f3n f\u00e1ciles de usar, posee la capacidad de crear un sitio web que sea distintivo y profesional, alineando sin problemas con su imagen de marca. Adem\u00e1s, este tema est\u00e1 equipado con p\u00e1ginas preconstruidas para un blog, galer\u00eda y forma de contacto, simplificando el proceso de conexi\u00f3n con su estimada clientela. Por lo tanto, independientemente de si se especializa en la venta de miel, productos horneados o cualquier otra confecci\u00f3n deliciosa, este tema de WordPress sirve como la elecci\u00f3n por excelencia para facilitar el establecimiento de una presencia en l\u00ednea que impulsa su negocio hacia un \u00e9xito inigualable.<\/p>\n","protected":false},"featured_media":167679,"comment_status":"open","ping_status":"open","template":"","meta":[],"product_brand":[2337],"product_cat":[1267,1237,1238],"product_tag":[1391],"class_list":{"0":"post-112890","1":"product","2":"type-product","3":"status-publish","4":"has-post-thumbnail","6":"product_brand-themeforest","7":"product_cat-creativo","8":"product_cat-temas","9":"product_cat-wordpress-temas","10":"product_tag-themeforest","11":"member-discount","12":"discount-restricted","14":"first","15":"instock","16":"sale","17":"downloadable","18":"virtual","19":"sold-individually","20":"purchasable","21":"product-type-simple"},"_links":{"self":[{"href":"https:\/\/gpl-love.com\/es\/wp-json\/wp\/v2\/product\/112890","targetHints":{"allow":["GET"]}}],"collection":[{"href":"https:\/\/gpl-love.com\/es\/wp-json\/wp\/v2\/product"}],"about":[{"href":"https:\/\/gpl-love.com\/es\/wp-json\/wp\/v2\/types\/product"}],"replies":[{"embeddable":true,"href":"https:\/\/gpl-love.com\/es\/wp-json\/wp\/v2\/comments?post=112890"}],"wp:featuredmedia":[{"embeddable":true,"href":"https:\/\/gpl-love.com\/es\/wp-json\/wp\/v2\/media\/167679"}],"wp:attachment":[{"href":"https:\/\/gpl-love.com\/es\/wp-json\/wp\/v2\/media?parent=112890"}],"wp:term":[{"taxonomy":"product_brand","embeddable":true,"href":"https:\/\/gpl-love.com\/es\/wp-json\/wp\/v2\/product_brand?post=112890"},{"taxonomy":"product_cat","embeddable":true,"href":"https:\/\/gpl-love.com\/es\/wp-json\/wp\/v2\/product_cat?post=112890"},{"taxonomy":"product_tag","embeddable":true,"href":"https:\/\/gpl-love.com\/es\/wp-json\/wp\/v2\/product_tag?post=112890"}],"curies":[{"name":"wp","href":"https:\/\/api.w.org\/{rel}","templated":true}]}}