{"id":112886,"date":"2025-12-28T00:00:00","date_gmt":"2025-12-28T05:00:00","guid":{"rendered":"http:\/\/gpl-love.com\/es\/?post_type=product&#038;p=112886"},"modified":"2026-03-09T08:30:10","modified_gmt":"2026-03-09T13:30:10","slug":"wp-synchro-pro-wordpress-migration-plugin","status":"publish","type":"product","link":"https:\/\/gpl-love.com\/es\/producto\/wp-synchro-pro-wordpress-migration-plugin\/","title":{"rendered":"WP Synchro Pro WordPress Migration Plugin 1.14.0"},"content":{"rendered":"<h3>WP Synchro Pro WordPress Migration Plugin Caracteristicas<\/h3>\n<p>WP Synchro Pro es un complemento de migraci\u00f3n de WordPress muy robusto que proporciona un medio optimizado y sin complicaciones para transferir su sitio web de un servidor a otro. Ofreciendo una interfaz que es navegable sin esfuerzo e imbuida de funcionalidades avanzadas, WP Synchro Pro garantiza la migraci\u00f3n suave y perfecta de todos los componentes de su sitio web, ya sean temas, complementos o archivos multimedia, sin un solo iota de p\u00e9rdida de datos. Este complemento es excepcionalmente vers\u00e1til, acomodando numerosas opciones de migraci\u00f3n como FTP, SFTP y SSH, al tiempo que exhibe compatibilidad simult\u00e1neamente con todos los proveedores de alojamiento. Ya sea que est\u00e9 reubicando su sitio web en un servidor nuevo o construyendo un entorno de puesta en escena para fines de prueba rigurosos, WP Synchro Pro hace que el proceso de migraci\u00f3n sea completamente f\u00e1cil y desprovisto de ninguna molestia.<\/p>\n<ul>\n<li>Transfiere sin esfuerzo sitios web de WordPress a un nuevo dominio o plataforma de alojamiento<\/li>\n<li>Sincronizar autom\u00e1ticamente los cambios entre diferentes instalaciones de WordPress<\/li>\n<li>Evite los dolores de cabeza de exportar e importar archivos de base de datos y ajustar la configuraci\u00f3n de la base de datos<\/li>\n<li>Ahorre tiempo y energ\u00eda con una interfaz f\u00e1cil de usar e integraci\u00f3n suave con proveedores de alojamiento populares<\/li>\n<li>Mantenga sus datos seguros con capacidades completas de copia de seguridad y restauraci\u00f3n<\/li>\n<li>Disfrute de la libertad de migrar elementos espec\u00edficos de su sitio, incluidos archivos multimedia, temas y complementos<\/li>\n<li>Beneficiarse de caracter\u00edsticas avanzadas como reemplazo de URL, mapeo de babosas personalizado y sincronizaci\u00f3n de redes multisitio<\/li>\n<li>Conf\u00eda en la fiabilidad y la estabilidad de un complemento utilizado por miles de clientes satisfechos.<\/li>\n<\/ul>\n","protected":false},"excerpt":{"rendered":"<p>El complemento de migraci\u00f3n WP Synchro Pro WordPress es una herramienta muy intuitiva y robusta que se ha creado espec\u00edficamente para facilitar los procesos de migraci\u00f3n de WordPress sin costuras y sin problemas. Este complemento excepcional permite a los usuarios transferir sin esfuerzo todos sus sitios web de WordPress completos de un servidor a otro o migrar de un dominio a otro sin experimentar ninguna p\u00e9rdida de datos valiosos o encontrar ning\u00fan rotura de enlace. La interfaz f\u00e1cil de usar, combinada con sus funcionalidades avanzadas, garantiza una experiencia de migraci\u00f3n de sitio web suave y segura. Adem\u00e1s, esta herramienta excepcional tambi\u00e9n ofrece una gran cantidad de caracter\u00edsticas adicionales destinadas a optimizar y mejorar el rendimiento general de su sitio web. Independientemente de si posee una amplia experiencia en el desarrollo de sitios web o simplemente se est\u00e1 embarcando en su viaje, el complemento WP Synchro Pro se presenta como la soluci\u00f3n definitiva para migrar r\u00e1pidamente y sin esfuerzo su sitio web de WordPress.<\/p>\n","protected":false},"featured_media":168463,"comment_status":"open","ping_status":"open","template":"","meta":[],"product_brand":[2640],"product_cat":[1212,1206,1211],"product_tag":[2111],"class_list":{"0":"post-112886","1":"product","2":"type-product","3":"status-publish","4":"has-post-thumbnail","6":"product_brand-wpsynchro","7":"product_cat-administracion-wordpress-plugins","8":"product_cat-plugins","9":"product_cat-wordpress-plugins","10":"product_tag-wpsynchro","11":"member-discount","12":"discount-restricted","14":"first","15":"instock","16":"sale","17":"downloadable","18":"virtual","19":"sold-individually","20":"purchasable","21":"product-type-simple"},"_links":{"self":[{"href":"https:\/\/gpl-love.com\/es\/wp-json\/wp\/v2\/product\/112886","targetHints":{"allow":["GET"]}}],"collection":[{"href":"https:\/\/gpl-love.com\/es\/wp-json\/wp\/v2\/product"}],"about":[{"href":"https:\/\/gpl-love.com\/es\/wp-json\/wp\/v2\/types\/product"}],"replies":[{"embeddable":true,"href":"https:\/\/gpl-love.com\/es\/wp-json\/wp\/v2\/comments?post=112886"}],"wp:featuredmedia":[{"embeddable":true,"href":"https:\/\/gpl-love.com\/es\/wp-json\/wp\/v2\/media\/168463"}],"wp:attachment":[{"href":"https:\/\/gpl-love.com\/es\/wp-json\/wp\/v2\/media?parent=112886"}],"wp:term":[{"taxonomy":"product_brand","embeddable":true,"href":"https:\/\/gpl-love.com\/es\/wp-json\/wp\/v2\/product_brand?post=112886"},{"taxonomy":"product_cat","embeddable":true,"href":"https:\/\/gpl-love.com\/es\/wp-json\/wp\/v2\/product_cat?post=112886"},{"taxonomy":"product_tag","embeddable":true,"href":"https:\/\/gpl-love.com\/es\/wp-json\/wp\/v2\/product_tag?post=112886"}],"curies":[{"name":"wp","href":"https:\/\/api.w.org\/{rel}","templated":true}]}}