{"id":112884,"date":"2022-02-20T00:00:00","date_gmt":"2022-02-20T05:00:00","guid":{"rendered":"http:\/\/gpl-love.com\/es\/?post_type=product&#038;p=112884"},"modified":"2026-03-09T07:15:55","modified_gmt":"2026-03-09T12:15:55","slug":"adning-advertising-all-in-one-ad-manager-para-wordpress","status":"publish","type":"product","link":"https:\/\/gpl-love.com\/es\/producto\/adning-advertising-all-in-one-ad-manager-para-wordpress\/","title":{"rendered":"Adning Advertising All In One Ad Manager para WordPress 1.6.3"},"content":{"rendered":"<h3>Adning Advertising All In One Ad Manager para WordPress Caracteristicas<\/h3>\n<p>La publicidad adjunta en un administrador de anuncios para WordPress emerge como una herramienta extremadamente robusta y efectiva, lo que permite a los usuarios gobernar y supervisar efectivamente sus campa\u00f1as publicitarias en su sitio web de WordPress. Este administrador de anuncios muestra una interfaz notablemente f\u00e1cil de usar que facilita la navegaci\u00f3n y la operaci\u00f3n sin problemas, al tiempo que presenta una extensa variedad de caracter\u00edsticas para satisfacer las diversas necesidades y preferencias de los usuarios. Al aprovechar los servicios de este administrador de anuncios, los usuarios tienen oportunidades incomparables para crear y mostrar una variedad de tipos de anuncios, que comprenden pancartas, ventanas emergentes y controles deslizantes, con la mayor facilidad y conveniencia. La provisi\u00f3n de opciones de orientaci\u00f3n avanzada garantiza adem\u00e1s que los anuncios se adapten meticulosamente para llegar a la audiencia prevista, mientras que la inclusi\u00f3n de an\u00e1lisis integrales faculta a los usuarios para monitorear y evaluar diligentemente el rendimiento de sus anuncios. Adem\u00e1s, la integraci\u00f3n perfecta de la publicidad adning, todo en un administrador de anuncios, con redes publicitarias prominentes y ampliamente reconocidas allanan sin problemas el camino para los esfuerzos de monetizaci\u00f3n de sitios web sin esfuerzo. Cuando se considera de manera integral, se hace evidente que la publicidad adjunta, todo en un administrador de anuncios, sirve como una soluci\u00f3n altamente eficiente y de abarrotaci\u00f3n que optimiza de manera efectiva las iniciativas de publicidad, reforzando la probabilidad de lograr objetivos de marketing ambiciosos.<\/p>\n<ul>\n<li>One-Stop Shop para administrar todo tipo de anuncios en un sitio web de WordPress<\/li>\n<li>Admite varios formatos de anuncios, incluidos anuncios de pantalla, video y nativos.<\/li>\n<li>Le permite crear, administrar y rastrear campa\u00f1as publicitarias desde un tablero intuitivo<\/li>\n<li>Programe sus anuncios para que se active en momentos y fechas espec\u00edficas<\/li>\n<li>Establezca l\u00edmites en la cantidad de veces que los anuncios se muestran a los usuarios individuales<\/li>\n<li>Admite m\u00faltiples redes publicitarias, incluidas Google Adsense y Amazon Advertising.<\/li>\n<li>Ubicaciones de anuncios personalizables y opciones de orientaci\u00f3n para aumentar la efectividad de AD<\/li>\n<li>Admite pruebas A\/B para determinar los anuncios de mejor rendimiento<\/li>\n<li>Caracter\u00edsticas completas de informes para informaci\u00f3n en tiempo real sobre el rendimiento y los ingresos publicitarios<\/li>\n<li>Integraci\u00f3n intuitiva con complementos y temas populares de WordPress<\/li>\n<\/ul>\n","protected":false},"excerpt":{"rendered":"<p>La publicidad adning para WordPress es un complemento robusto que ofrece una soluci\u00f3n de anuncios todo en uno eficiente para WordPress. Sirve como gerente de anuncios, proporcionando autoridad completa sobre las campa\u00f1as de publicidad de WordPress. Esta herramienta integral est\u00e1 dise\u00f1ada con una variedad de caracter\u00edsticas avanzadas, lo que hace que la administraci\u00f3n y la personalizaci\u00f3n de los anuncios en su sitio web de WordPress sea muy f\u00e1cil.<\/p>\n<p>Con la publicidad adning, puede crear plantillas de anuncios avanzadas para WordPress, espec\u00edficamente personalizadas para alinearse con los intereses \u00fanicos de sus visitantes. El complemento facilita la rotaci\u00f3n de anuncios y las herramientas de visualizaci\u00f3n, lo que le permite adaptar la experiencia de visualizaci\u00f3n de anuncios a su preferencia. Adem\u00e1s, incluye an\u00e1lisis para WordPress, que proporciona informaci\u00f3n valiosa sobre el rendimiento de su anuncio.<\/p>\n<p>Este administrador de anuncios para WordPress ofrece la ventaja adicional de optimizar los ingresos por anuncios. Al personalizar las preferencias publicitarias, puede maximizar sus ganancias y mejorar la experiencia del usuario. La publicidad adning garantiza un manejo de publicidad eficiente para WordPress, asegurando que sus anuncios se muestren en el lugar correcto y en el momento correcto.<\/p>\n<p>El complemento tambi\u00e9n mejora la experiencia general del usuario, creando un viaje sin problemas para sus visitantes<\/p>\n","protected":false},"featured_media":165274,"comment_status":"open","ping_status":"open","template":"","meta":[],"product_brand":[2339],"product_cat":[1232,1206,1211],"product_tag":[1256],"class_list":{"0":"post-112884","1":"product","2":"type-product","3":"status-publish","4":"has-post-thumbnail","6":"product_brand-codecanyon","7":"product_cat-marketing-wordpress-plugins","8":"product_cat-plugins","9":"product_cat-wordpress-plugins","10":"product_tag-codecanyon","11":"member-discount","12":"discount-restricted","14":"first","15":"instock","16":"sale","17":"downloadable","18":"virtual","19":"sold-individually","20":"purchasable","21":"product-type-simple"},"_links":{"self":[{"href":"https:\/\/gpl-love.com\/es\/wp-json\/wp\/v2\/product\/112884","targetHints":{"allow":["GET"]}}],"collection":[{"href":"https:\/\/gpl-love.com\/es\/wp-json\/wp\/v2\/product"}],"about":[{"href":"https:\/\/gpl-love.com\/es\/wp-json\/wp\/v2\/types\/product"}],"replies":[{"embeddable":true,"href":"https:\/\/gpl-love.com\/es\/wp-json\/wp\/v2\/comments?post=112884"}],"wp:featuredmedia":[{"embeddable":true,"href":"https:\/\/gpl-love.com\/es\/wp-json\/wp\/v2\/media\/165274"}],"wp:attachment":[{"href":"https:\/\/gpl-love.com\/es\/wp-json\/wp\/v2\/media?parent=112884"}],"wp:term":[{"taxonomy":"product_brand","embeddable":true,"href":"https:\/\/gpl-love.com\/es\/wp-json\/wp\/v2\/product_brand?post=112884"},{"taxonomy":"product_cat","embeddable":true,"href":"https:\/\/gpl-love.com\/es\/wp-json\/wp\/v2\/product_cat?post=112884"},{"taxonomy":"product_tag","embeddable":true,"href":"https:\/\/gpl-love.com\/es\/wp-json\/wp\/v2\/product_tag?post=112884"}],"curies":[{"name":"wp","href":"https:\/\/api.w.org\/{rel}","templated":true}]}}