{"id":112882,"date":"2021-04-26T00:00:00","date_gmt":"2021-04-26T05:00:00","guid":{"rendered":"http:\/\/gpl-love.com\/es\/?post_type=product&#038;p=112882"},"modified":"2026-03-09T08:16:44","modified_gmt":"2026-03-09T13:16:44","slug":"unlimited-addons-para-wpbakery-page-builder","status":"publish","type":"product","link":"https:\/\/gpl-love.com\/es\/producto\/unlimited-addons-para-wpbakery-page-builder\/","title":{"rendered":"Unlimited Addons para WPBakery Page Builder 1.0.42"},"content":{"rendered":"<h3>Unlimited Addons para WPBakery Page Builder Caracteristicas<\/h3>\n<p>Los complementos ilimitados para WPBakery Page Builder, una herramienta extraordinaria, presenta a los usuarios una amplia gama de caracter\u00edsticas y funcionalidades que sirven para mejorar el dise\u00f1o y la funcionalidad de su sitio web. Con una impresionante selecci\u00f3n de m\u00e1s de 700 complementos y m\u00e1s de 30 plantillas predefinidas, este producto abre posibilidades ilimitadas para crear p\u00e1ginas web visualmente llamativas. Estos complementos permiten a los usuarios incorporar elementos como animaci\u00f3n, widgets e integraci\u00f3n de redes sociales, mientras que las plantillas ofrecen dise\u00f1os predise\u00f1ados que se pueden personalizar f\u00e1cilmente y r\u00e1pidamente. Adem\u00e1s, este producto est\u00e1 dise\u00f1ado para ser f\u00e1cil de usar, atendiendo a las personas sin ninguna habilidad de codificaci\u00f3n a trav\u00e9s de su interfaz intuitiva de arrastrar y soltar. En resumen, los complementos ilimitados para WPbakery Page Builder es una herramienta indispensable para las personas que buscan dise\u00f1ar un sitio web que exude profesionalismo y cautiva a los visitantes.<\/p>\n<ul>\n<li>M\u00e1s de 1,000 complementos disponibles para agregar elementos \u00fanicos y profesionales a su sitio web<\/li>\n<li>La interfaz de arrastrar y soltar facilita agregar y organizar complementos<\/li>\n<li>No se requiere conocimiento de codificaci\u00f3n, solo use los controles intuitivos para personalizar su sitio web<\/li>\n<li>Compatibilidad con todos los temas construidos en WPbakery Page Builder<\/li>\n<li>Actualizaciones regulares Aseg\u00farese de que sus complementos est\u00e9n siempre actualizados<\/li>\n<li>El dise\u00f1o receptivo garantiza que su sitio web se vea genial en todos los dispositivos<\/li>\n<li>Complementos para una amplia gama de elementos de dise\u00f1o que incluyen \u00edconos, controles deslizantes, cuadr\u00edculas posteriores y m\u00e1s<\/li>\n<li>Capacidad para guardar y reutilizar combinaciones de complementos para un dise\u00f1o de sitio web m\u00e1s r\u00e1pido<\/li>\n<li>Equipo de soporte dedicado disponible para ayudar con la instalaci\u00f3n o cualquier problema que pueda encontrar<\/li>\n<li>La licencia de por vida significa que una compra le brinda acceso a complementos ilimitados para siempre.<\/li>\n<\/ul>\n","protected":false},"excerpt":{"rendered":"<p>Los complementos ilimitados para WPBakery Page Builder es una herramienta excepcionalmente robusta que ha sido dise\u00f1ada por expertos para mejorar significativamente su experiencia general de construcci\u00f3n de sitios web. Al aprovechar este complemento excepcional, obtendr\u00e1 acceso sin restricciones a una extensa gama de elementos intrincados y m\u00f3dulos altamente personalizables que est\u00e1n espec\u00edficamente dise\u00f1ados para elevar el atractivo visual y la est\u00e9tica de sus p\u00e1ginas web. Desde animaciones cautivadoras hasta cuadros sofisticados y mapas intrincados, las posibilidades son realmente ilimitadas y limitadas solo por su imaginaci\u00f3n. Adem\u00e1s, tenga la seguridad de que todos y cada uno de los elementos y m\u00f3dulos se pueden adaptar sin esfuerzo para alinearse perfectamente con sus preferencias y requisitos \u00fanicos y espec\u00edficos. Independientemente de si se clasifica como un blogger celoso, un propietario de negocios emprendedor o un desarrollador experimentado, la integraci\u00f3n perfecta de esta herramienta notable se garantiza que producir\u00e1 resultados notables y optimizar\u00e1 el rendimiento general de su sitio web. \u00a1No pierda tiempo y te arma con complementos ilimitados, catapultando as\u00ed a tu sitio web a los niveles del \u00e9xito y la distinci\u00f3n incomparables!<\/p>\n","protected":false},"featured_media":167899,"comment_status":"open","ping_status":"open","template":"","meta":[],"product_brand":[2339],"product_cat":[1214,1206,1211],"product_tag":[1256],"class_list":{"0":"post-112882","1":"product","2":"type-product","3":"status-publish","4":"has-post-thumbnail","6":"product_brand-codecanyon","7":"product_cat-personalizacion","8":"product_cat-plugins","9":"product_cat-wordpress-plugins","10":"product_tag-codecanyon","11":"member-discount","12":"discount-restricted","14":"first","15":"instock","16":"sale","17":"downloadable","18":"virtual","19":"sold-individually","20":"purchasable","21":"product-type-simple"},"_links":{"self":[{"href":"https:\/\/gpl-love.com\/es\/wp-json\/wp\/v2\/product\/112882","targetHints":{"allow":["GET"]}}],"collection":[{"href":"https:\/\/gpl-love.com\/es\/wp-json\/wp\/v2\/product"}],"about":[{"href":"https:\/\/gpl-love.com\/es\/wp-json\/wp\/v2\/types\/product"}],"replies":[{"embeddable":true,"href":"https:\/\/gpl-love.com\/es\/wp-json\/wp\/v2\/comments?post=112882"}],"wp:featuredmedia":[{"embeddable":true,"href":"https:\/\/gpl-love.com\/es\/wp-json\/wp\/v2\/media\/167899"}],"wp:attachment":[{"href":"https:\/\/gpl-love.com\/es\/wp-json\/wp\/v2\/media?parent=112882"}],"wp:term":[{"taxonomy":"product_brand","embeddable":true,"href":"https:\/\/gpl-love.com\/es\/wp-json\/wp\/v2\/product_brand?post=112882"},{"taxonomy":"product_cat","embeddable":true,"href":"https:\/\/gpl-love.com\/es\/wp-json\/wp\/v2\/product_cat?post=112882"},{"taxonomy":"product_tag","embeddable":true,"href":"https:\/\/gpl-love.com\/es\/wp-json\/wp\/v2\/product_tag?post=112882"}],"curies":[{"name":"wp","href":"https:\/\/api.w.org\/{rel}","templated":true}]}}