{"id":112880,"date":"2025-06-16T00:00:00","date_gmt":"2025-06-16T05:00:00","guid":{"rendered":"http:\/\/gpl-love.com\/es\/?post_type=product&#038;p=112880"},"modified":"2026-03-09T08:25:29","modified_gmt":"2026-03-09T13:25:29","slug":"woocommerce-slack","status":"publish","type":"product","link":"https:\/\/gpl-love.com\/es\/producto\/woocommerce-slack\/","title":{"rendered":"WooCommerce Slack 1.7.0"},"content":{"rendered":"<h3>WooCommerce Slack Caracteristicas<\/h3>\n<p>WooCommerce Slack es un complemento excepcionalmente robusto que otorga a los propietarios de tiendas en l\u00ednea la capacidad de monitorear sin esfuerzo sus pedidos, clientela y mercanc\u00edas en tiempo real. Se integra sin problemas con Slack, una aplicaci\u00f3n de mensajer\u00eda muy favorecida, para transmitir notificaciones directamente a los propietarios de almacenamiento o miembros del equipo una vez que se procesan los pedidos, se reponen los productos o se reciben consultas de clientes. Gracias a WooCommerce Slack, los propietarios de la tienda pueden mantenerse al tanto de sus operaciones comerciales y abordar r\u00e1pidamente las necesidades del cliente, optimizando as\u00ed la satisfacci\u00f3n del cliente y reforzando las ventas. Adem\u00e1s, este complemento cuenta con un proceso de configuraci\u00f3n simple y se puede hacer a medida para satisfacer los requisitos distintivos de cualquier tienda en l\u00ednea.<\/p>\n<ul>\n<li>Integra sin problemas WooCommerce con plataforma de mensajer\u00eda Slack<\/li>\n<li>Obtenga notificaciones en tiempo real sobre nuevos pedidos, env\u00edos y consultas de clientes<\/li>\n<li>Configuraci\u00f3n de notificaci\u00f3n personalizable para diferentes tipos de eventos<\/li>\n<li>Comunicarse directamente con los clientes a trav\u00e9s de Slack sin dejar la plataforma<\/li>\n<li>Aumentar la eficiencia y la productividad al centralizar todos los wooCommerce y la comunicaci\u00f3n del cliente en un solo lugar<\/li>\n<li>Proceso de instalaci\u00f3n simple e interfaz f\u00e1cil de usar<\/li>\n<li>Actualizaciones regulares y atenci\u00f3n al cliente para garantizar un funcionamiento sin problemas del complemento<\/li>\n<\/ul>\n","protected":false},"excerpt":{"rendered":"<p>La integraci\u00f3n de WooCommerce con Slack ofrece una conexi\u00f3n perfecta y sin esfuerzo entre su tienda en l\u00ednea en WooCommerce y su cuenta personal de Slack. Esta herramienta notable y robusta no solo facilita la sincronizaci\u00f3n de las ventas y el inventario de su tienda, sino que tambi\u00e9n le permite manejar y supervisar sin esfuerzo el procesamiento y el env\u00edo de su pedido. Adem\u00e1s, le brinda la conveniencia de permanecer sin esfuerzo al tanto de las consultas y los boletos de soporte de sus clientes, gracias a su funci\u00f3n de notificaci\u00f3n en tiempo real. Independientemente de si usted es propietario de una peque\u00f1a empresa o un minorista prominente de comercio electr\u00f3nico, la incorporaci\u00f3n de la integraci\u00f3n de WooCommerce Slack en sus operaciones es un activo indispensable que garantiza la optimizaci\u00f3n y la racionalizaci\u00f3n de sus actividades comerciales, mejorando as\u00ed la experiencia general de sus clientes.<\/p>\n","protected":false},"featured_media":168266,"comment_status":"open","ping_status":"open","template":"","meta":[],"product_brand":[2344],"product_cat":[1208,1207,1206],"product_tag":[1423],"class_list":{"0":"post-112880","1":"product","2":"type-product","3":"status-publish","4":"has-post-thumbnail","6":"product_brand-woocommerce","7":"product_cat-administracion","8":"product_cat-comercio-electronico-plugins","9":"product_cat-plugins","10":"product_tag-woocommerce","11":"member-discount","12":"discount-restricted","14":"first","15":"instock","16":"sale","17":"downloadable","18":"virtual","19":"sold-individually","20":"purchasable","21":"product-type-simple"},"_links":{"self":[{"href":"https:\/\/gpl-love.com\/es\/wp-json\/wp\/v2\/product\/112880","targetHints":{"allow":["GET"]}}],"collection":[{"href":"https:\/\/gpl-love.com\/es\/wp-json\/wp\/v2\/product"}],"about":[{"href":"https:\/\/gpl-love.com\/es\/wp-json\/wp\/v2\/types\/product"}],"replies":[{"embeddable":true,"href":"https:\/\/gpl-love.com\/es\/wp-json\/wp\/v2\/comments?post=112880"}],"wp:featuredmedia":[{"embeddable":true,"href":"https:\/\/gpl-love.com\/es\/wp-json\/wp\/v2\/media\/168266"}],"wp:attachment":[{"href":"https:\/\/gpl-love.com\/es\/wp-json\/wp\/v2\/media?parent=112880"}],"wp:term":[{"taxonomy":"product_brand","embeddable":true,"href":"https:\/\/gpl-love.com\/es\/wp-json\/wp\/v2\/product_brand?post=112880"},{"taxonomy":"product_cat","embeddable":true,"href":"https:\/\/gpl-love.com\/es\/wp-json\/wp\/v2\/product_cat?post=112880"},{"taxonomy":"product_tag","embeddable":true,"href":"https:\/\/gpl-love.com\/es\/wp-json\/wp\/v2\/product_tag?post=112880"}],"curies":[{"name":"wp","href":"https:\/\/api.w.org\/{rel}","templated":true}]}}