{"id":112878,"date":"2026-03-18T00:00:00","date_gmt":"2026-03-18T05:00:00","guid":{"rendered":"http:\/\/gpl-love.com\/es\/?post_type=product&#038;p=112878"},"modified":"2026-04-06T17:16:10","modified_gmt":"2026-04-06T22:16:10","slug":"woocommerce-royal-mail","status":"publish","type":"product","link":"https:\/\/gpl-love.com\/es\/producto\/woocommerce-royal-mail\/","title":{"rendered":"WooCommerce Royal Mail Shipping 4.0.0"},"content":{"rendered":"<h3>WooCommerce Royal Mail Shipping Caracteristicas<\/h3>\n<p>WooCommerce Royal Mail es un complemento de env\u00edo altamente eficiente y conveniente meticulosamente elaborado para mejorar el procedimiento de env\u00edo para propietarios de tiendas en l\u00ednea. El complemento se integra con el estimado servicio de env\u00edo de correo real, automatizando efectivamente la ardua tarea de generar etiquetas de env\u00edo y monitorear diligentemente el progreso de los pedidos. Proporcionando la mayor comodidad, este notable complemento faculta a los propietarios de tiendas supervisar a la perfecci\u00f3n sus diversas opciones de env\u00edo, establecer expertos en las tarifas de env\u00edo y seleccionar eficientemente de una gran cantidad de m\u00e9todos de env\u00edo, que abarca los gustos de primera clase, de segunda clase y firmada entrega de entrega. . Adem\u00e1s, el complemento facilita sin esfuerzo la gesti\u00f3n de las devoluciones, monitorea los env\u00edos sin esfuerzo y genera sin esfuerzo informes de env\u00edo integrales. En general, WooCommerce Royal Mail surge como un activo verdaderamente formidable para los propietarios de tiendas en l\u00ednea que anhelan optimizar sus operaciones de env\u00edo y cultivar una experiencia de cliente incomparable.<\/p>\n<ul>\n<li>Integraci\u00f3n perfecta con la plataforma WooCommerce<\/li>\n<li>Proporciona tarifas de env\u00edo en tiempo real de Royal Mail a los clientes al finalizar la compra<\/li>\n<li>Automatizar actualizaciones de informaci\u00f3n de impresi\u00f3n y seguimiento de la informaci\u00f3n<\/li>\n<li>Ofrece una gama de servicios de env\u00edo, que incluyen opciones est\u00e1ndar y aceleradas.<\/li>\n<li>Habilita las opciones de env\u00edo personalizadas seg\u00fan el peso del producto, el tama\u00f1o y el destino<\/li>\n<li>Admite m\u00faltiples monedas y ubicaciones de env\u00edo<\/li>\n<li>Reduce el trabajo manual y mejora la precisi\u00f3n del orden<\/li>\n<li>Compatible con varios servicios de Royal Mail, que incluyen una entrega rastreada, firmada y especial al d\u00eda siguiente<\/li>\n<li>Ofrece atenci\u00f3n al cliente las 24 horas y actualizaciones regulares para una funcionalidad mejorada<\/li>\n<li>Facilita la comunicaci\u00f3n suave y transparente entre vendedores y compradores.<\/li>\n<\/ul>\n","protected":false},"excerpt":{"rendered":"<p>El complemento WooCommerce Royal Mail es una herramienta muy beneficiosa para integrar a la perfecci\u00f3n varias opciones de env\u00edo de correo real en su tienda WooCommerce. Al aprovechar este complemento, tiene la capacidad de proporcionar a sus estimados clientes una amplia gama de alternativas de entrega ofrecidas por Royal Mail, que abarca la primera clase, la segunda clase, firmada y muchas otras. Adem\u00e1s, posee la capacidad de establecer tarifas de env\u00edo en funci\u00f3n del peso o el precio, y monitorear convenientemente los pedidos directamente desde el tablero de WooCommerce. Esencialmente, este complemento optimiza y simplifica significativamente el proceso de env\u00edo general, lo que lo convierte en un recurso indispensable para cualquier tienda de WooCommerce que dependa ampliamente de Royal Mail para sus requisitos de env\u00edo.<\/p>\n","protected":false},"featured_media":168250,"comment_status":"open","ping_status":"open","template":"","meta":[],"product_brand":[2344],"product_cat":[1208,1207,1206],"product_tag":[1423],"class_list":{"0":"post-112878","1":"product","2":"type-product","3":"status-publish","4":"has-post-thumbnail","6":"product_brand-woocommerce","7":"product_cat-administracion","8":"product_cat-comercio-electronico-plugins","9":"product_cat-plugins","10":"product_tag-woocommerce","11":"member-discount","12":"discount-restricted","14":"first","15":"instock","16":"sale","17":"downloadable","18":"virtual","19":"sold-individually","20":"purchasable","21":"product-type-simple"},"_links":{"self":[{"href":"https:\/\/gpl-love.com\/es\/wp-json\/wp\/v2\/product\/112878","targetHints":{"allow":["GET"]}}],"collection":[{"href":"https:\/\/gpl-love.com\/es\/wp-json\/wp\/v2\/product"}],"about":[{"href":"https:\/\/gpl-love.com\/es\/wp-json\/wp\/v2\/types\/product"}],"replies":[{"embeddable":true,"href":"https:\/\/gpl-love.com\/es\/wp-json\/wp\/v2\/comments?post=112878"}],"wp:featuredmedia":[{"embeddable":true,"href":"https:\/\/gpl-love.com\/es\/wp-json\/wp\/v2\/media\/168250"}],"wp:attachment":[{"href":"https:\/\/gpl-love.com\/es\/wp-json\/wp\/v2\/media?parent=112878"}],"wp:term":[{"taxonomy":"product_brand","embeddable":true,"href":"https:\/\/gpl-love.com\/es\/wp-json\/wp\/v2\/product_brand?post=112878"},{"taxonomy":"product_cat","embeddable":true,"href":"https:\/\/gpl-love.com\/es\/wp-json\/wp\/v2\/product_cat?post=112878"},{"taxonomy":"product_tag","embeddable":true,"href":"https:\/\/gpl-love.com\/es\/wp-json\/wp\/v2\/product_tag?post=112878"}],"curies":[{"name":"wp","href":"https:\/\/api.w.org\/{rel}","templated":true}]}}