{"id":112861,"date":"2021-04-24T00:00:00","date_gmt":"2021-04-24T05:00:00","guid":{"rendered":"http:\/\/gpl-love.com\/es\/?post_type=product&#038;p=112861"},"modified":"2026-03-09T07:43:40","modified_gmt":"2026-03-09T12:43:40","slug":"interactive-world-maps-wordpress-plugin","status":"publish","type":"product","link":"https:\/\/gpl-love.com\/es\/producto\/interactive-world-maps-wordpress-plugin\/","title":{"rendered":"Interactive World Maps WordPress Plugin 2.4.9"},"content":{"rendered":"<h3>Interactive World Maps WordPress Plugin Caracteristicas<\/h3>\n<p>Interactive World Maps es un complemento de WordPress extraordinariamente robusto y vers\u00e1til que le otorga la notable capacidad de generar mapas totalmente personalizables e interactivos del mundo. A trav\u00e9s de su interfaz f\u00e1cil de usar, se le otorga la capacidad expeditiva de incorporar perfectamente marcadores, alfileres y una variedad de otras superposiciones gr\u00e1ficas visualmente atractivas, al tiempo que le brinda la capacidad de regiones y informaci\u00f3n sobre herramientas de moda que sirven para amplificar la experiencia general del usuario . Adem\u00e1s, este complemento excepcional cuenta con una gran cantidad de funcionalidades avanzadas, incluida la opci\u00f3n de agregar CSS y c\u00f3digo JavaScript personalizado, facilitaci\u00f3n perfecta de m\u00faltiples estilos e idiomas de mapas, e incluso la posibilidad de importar, as\u00ed como exportar datos de mapas. Si el objetivo de uno implica la incorporaci\u00f3n de un mapa interactivo en su sitio web, la creaci\u00f3n de una visualizaci\u00f3n de datos personalizada o el desarrollo de una aplicaci\u00f3n altamente intrincada y centrada en la ubicaci\u00f3n, los mapas mundiales interactivos indudablemente se destacan como la herramienta por excelencia para este prop\u00f3sito exacto.<\/p>\n<ul>\n<li>Mapas mundiales altamente personalizables para su sitio web<\/li>\n<li>Elija entre diferentes proyecciones de mapas y esquemas de color<\/li>\n<li>Admite agregar marcadores personalizados, informaci\u00f3n sobre herramientas y descripciones<\/li>\n<li>Descanso y haga clic en interacciones para una experiencia din\u00e1mica de usuario<\/li>\n<li>Dise\u00f1o receptivo para una visualizaci\u00f3n \u00f3ptima en cualquier dispositivo<\/li>\n<li>Compatible con temas y complementos populares de WordPress<\/li>\n<li>F\u00e1cil de instalar y configurar, no se requiere codificaci\u00f3n<\/li>\n<li>Perfecto para mostrar datos, informaci\u00f3n de viaje o cualquier otro contenido relacionado con la geograf\u00eda en su sitio web<\/li>\n<li>Actualizado regularmente con nuevas funciones y mejoras<\/li>\n<li>Excelente soporte al cliente para garantizar una experiencia perfecta<\/li>\n<\/ul>\n","protected":false},"excerpt":{"rendered":"<p>El complemento Interactive World Maps WordPress ofrece una soluci\u00f3n integral y f\u00e1cil de usar para incorporar sin esfuerzo mapas mundiales interactivos y personalizables en la interfaz de su sitio web. Al aprovechar sus opciones intuitivas y su extensa variedad de caracter\u00edsticas, puede generar sin esfuerzo mapas intrincadamente detallados repletos de regiones haciendo clic y informaci\u00f3n sobre herramientas personalizadas que transmiten efectivamente informaci\u00f3n complementaria. Ya sea que su objetivo sea presentar de manera efectiva las estad\u00edsticas globales o enfatizar eficazmente locales geogr\u00e1ficos espec\u00edficos, este notable complemento sin duda facilitar\u00e1 la creaci\u00f3n de mapas din\u00e1micos y cautivadores. Adem\u00e1s, se sincroniza sin problemas con WordPress, asegurando as\u00ed una experiencia de usuario suave y simplificada. \u00a1Emp\u00e1rate en un viaje emocionante de transformar el contenido de tu sitio web al aprovechar el excepcional complemento de WordPress de Maps Interactive World hoy!<\/p>\n","protected":false},"featured_media":166476,"comment_status":"open","ping_status":"open","template":"","meta":[],"product_brand":[2339],"product_cat":[1214,1206,1211],"product_tag":[1256],"class_list":{"0":"post-112861","1":"product","2":"type-product","3":"status-publish","4":"has-post-thumbnail","6":"product_brand-codecanyon","7":"product_cat-personalizacion","8":"product_cat-plugins","9":"product_cat-wordpress-plugins","10":"product_tag-codecanyon","11":"member-discount","12":"discount-restricted","14":"first","15":"instock","16":"sale","17":"downloadable","18":"virtual","19":"sold-individually","20":"purchasable","21":"product-type-simple"},"_links":{"self":[{"href":"https:\/\/gpl-love.com\/es\/wp-json\/wp\/v2\/product\/112861","targetHints":{"allow":["GET"]}}],"collection":[{"href":"https:\/\/gpl-love.com\/es\/wp-json\/wp\/v2\/product"}],"about":[{"href":"https:\/\/gpl-love.com\/es\/wp-json\/wp\/v2\/types\/product"}],"replies":[{"embeddable":true,"href":"https:\/\/gpl-love.com\/es\/wp-json\/wp\/v2\/comments?post=112861"}],"wp:featuredmedia":[{"embeddable":true,"href":"https:\/\/gpl-love.com\/es\/wp-json\/wp\/v2\/media\/166476"}],"wp:attachment":[{"href":"https:\/\/gpl-love.com\/es\/wp-json\/wp\/v2\/media?parent=112861"}],"wp:term":[{"taxonomy":"product_brand","embeddable":true,"href":"https:\/\/gpl-love.com\/es\/wp-json\/wp\/v2\/product_brand?post=112861"},{"taxonomy":"product_cat","embeddable":true,"href":"https:\/\/gpl-love.com\/es\/wp-json\/wp\/v2\/product_cat?post=112861"},{"taxonomy":"product_tag","embeddable":true,"href":"https:\/\/gpl-love.com\/es\/wp-json\/wp\/v2\/product_tag?post=112861"}],"curies":[{"name":"wp","href":"https:\/\/api.w.org\/{rel}","templated":true}]}}