{"id":112857,"date":"2023-10-17T00:00:00","date_gmt":"2023-10-17T05:00:00","guid":{"rendered":"http:\/\/gpl-love.com\/es\/?post_type=product&#038;p=112857"},"modified":"2026-03-09T08:26:02","modified_gmt":"2026-03-09T13:26:02","slug":"woocommerce-tracking-more","status":"publish","type":"product","link":"https:\/\/gpl-love.com\/es\/producto\/woocommerce-tracking-more\/","title":{"rendered":"WooCommerce Tracking More 4.3"},"content":{"rendered":"<h3>WooCommerce Tracking More Caracteristicas<\/h3>\n<p>El seguimiento de WooCommerce m\u00e1s es una herramienta incre\u00edblemente robusta que se ha desarrollado espec\u00edficamente para mejorar significativamente las capacidades de seguimiento de su tienda en l\u00ednea. Al implementar este complemento innovador, tendr\u00e1 la capacidad de rastrear sin esfuerzo y administrar de manera efectiva todos sus pedidos, env\u00edos e inventario. Adem\u00e1s, ofrece la ventaja adicional de proporcionarle actualizaciones y notificaciones en tiempo real, garantizando que nunca se perder\u00e1 una entrega crucial. Adem\u00e1s, este notable complemento se integra perfectamente con una variedad de operadores de buena reputaci\u00f3n, como USPS, FedEx y UPS, proporcion\u00e1ndole as\u00ed una soluci\u00f3n de seguimiento integral y que todo lo abarca. Con su interfaz de uso de usuario intuitivamente dise\u00f1ada, este complemento permite sin esfuerzo una configuraci\u00f3n y personalizaci\u00f3n conveniente, lo que lo convierte en un activo invaluable para cualquier tienda de WooCommerce. Al utilizar m\u00e1s el seguimiento de WooCommerce, podr\u00e1 asegurarse de que sus estimados clientes permanezcan completamente satisfechos y continuamente bien informados.<\/p>\n<ul>\n<li>Proporciona informaci\u00f3n de seguimiento en tiempo real para todas las \u00f3rdenes de WooCommerce<\/li>\n<li>Permite a los clientes rastrear sus pedidos directamente en su sitio web<\/li>\n<li>Muestra informaci\u00f3n de seguimiento de m\u00e1s de 500 operadores en todo el mundo<\/li>\n<li>Detecci\u00f3n de n\u00fameros de seguimiento autom\u00e1tico para operadores populares<\/li>\n<li>Env\u00eda correos electr\u00f3nicos de actualizaci\u00f3n de seguimiento autom\u00e1tico a los clientes<\/li>\n<li>Proporciona informaci\u00f3n de seguimiento en m\u00faltiples idiomas<\/li>\n<li>Muestra el seguimiento de la informaci\u00f3n en una interfaz clara y f\u00e1cil de usar<\/li>\n<li>Disponible como un complemento de WordPress para una f\u00e1cil integraci\u00f3n con su sitio web<\/li>\n<li>Ofrece p\u00e1ginas de seguimiento personalizables con la marca de su empresa<\/li>\n<li>Proporciona an\u00e1lisis sobre el comportamiento de seguimiento de clientes<\/li>\n<li>Ofrece integraci\u00f3n API para desarrolladores<\/li>\n<li>Atenci\u00f3n al cliente 24\/7 disponible.<\/li>\n<\/ul>\n","protected":false},"excerpt":{"rendered":"<p>El seguimiento de WooCommerce m\u00e1s, una herramienta extremadamente potente, abarca una gran cantidad de capacidades para monitorear y evaluar de manera eficiente el rendimiento de su negocio de comercio electr\u00f3nico. A trav\u00e9s de la utilizaci\u00f3n de este extraordinario producto, puede supervisar y analizar sin esfuerzo sus datos de ventas, monitorear de cerca el comportamiento del cliente y medir meticulosamente la eficacia de sus esfuerzos de marketing. Obtenga ideas invaluables relacionadas con su mercanc\u00eda m\u00e1s popular, los canales de comercializaci\u00f3n m\u00e1s exitosos y los patrones intrincados en los h\u00e1bitos de compra de clientes, todos consolidados armoniosamente dentro de una plataforma unificada. \u00a1Optimice y optimice sin problemas sus operaciones comerciales con la ayuda del seguimiento de WooCommerce m\u00e1s, impulsando m\u00e1s su tienda en l\u00ednea a alturas sin precedentes!<\/p>\n","protected":false},"featured_media":168289,"comment_status":"open","ping_status":"open","template":"","meta":[],"product_brand":[2339],"product_cat":[1207,1248,1206],"product_tag":[1256],"class_list":{"0":"post-112857","1":"product","2":"type-product","3":"status-publish","4":"has-post-thumbnail","6":"product_brand-codecanyon","7":"product_cat-comercio-electronico-plugins","8":"product_cat-personalizacion-comercio-electronico-plugins","9":"product_cat-plugins","10":"product_tag-codecanyon","11":"member-discount","12":"discount-restricted","14":"first","15":"instock","16":"sale","17":"downloadable","18":"virtual","19":"sold-individually","20":"purchasable","21":"product-type-simple"},"_links":{"self":[{"href":"https:\/\/gpl-love.com\/es\/wp-json\/wp\/v2\/product\/112857","targetHints":{"allow":["GET"]}}],"collection":[{"href":"https:\/\/gpl-love.com\/es\/wp-json\/wp\/v2\/product"}],"about":[{"href":"https:\/\/gpl-love.com\/es\/wp-json\/wp\/v2\/types\/product"}],"replies":[{"embeddable":true,"href":"https:\/\/gpl-love.com\/es\/wp-json\/wp\/v2\/comments?post=112857"}],"wp:featuredmedia":[{"embeddable":true,"href":"https:\/\/gpl-love.com\/es\/wp-json\/wp\/v2\/media\/168289"}],"wp:attachment":[{"href":"https:\/\/gpl-love.com\/es\/wp-json\/wp\/v2\/media?parent=112857"}],"wp:term":[{"taxonomy":"product_brand","embeddable":true,"href":"https:\/\/gpl-love.com\/es\/wp-json\/wp\/v2\/product_brand?post=112857"},{"taxonomy":"product_cat","embeddable":true,"href":"https:\/\/gpl-love.com\/es\/wp-json\/wp\/v2\/product_cat?post=112857"},{"taxonomy":"product_tag","embeddable":true,"href":"https:\/\/gpl-love.com\/es\/wp-json\/wp\/v2\/product_tag?post=112857"}],"curies":[{"name":"wp","href":"https:\/\/api.w.org\/{rel}","templated":true}]}}