{"id":112855,"date":"2021-04-24T00:00:00","date_gmt":"2021-04-24T05:00:00","guid":{"rendered":"http:\/\/gpl-love.com\/es\/?post_type=product&#038;p=112855"},"modified":"2026-03-13T17:35:29","modified_gmt":"2026-03-13T22:35:29","slug":"zelus-wordpress-tema-para-psychology-counseling","status":"publish","type":"product","link":"https:\/\/gpl-love.com\/es\/producto\/zelus-wordpress-tema-para-psychology-counseling\/","title":{"rendered":"Zelus WordPress Tema para Psychology Counseling 1.3.5"},"content":{"rendered":"<h3>Zelus WordPress Tema para Psychology Counseling Caracteristicas<\/h3>\n<p>El tema de Zelus WordPress para el asesoramiento de psicolog\u00eda es un tema premium excepcional que ha sido meticulosamente elaborado con el \u00fanico prop\u00f3sito de satisfacer las necesidades y requisitos \u00fanicos de los profesionales de la salud mental y los servicios de asesoramiento. Con un dise\u00f1o elegante y contempor\u00e1neo, este tema extraordinario sirve como el conducto perfecto para mostrar efectivamente sus servicios invaluables, especialidades distintivas y miembros estimados del equipo. Equipado con una gran cantidad de caracter\u00edsticas notables, Zelus ha sido cuidadosamente dise\u00f1ado para empoderarlo con la capacidad de crear sin esfuerzo un sitio web inmersivo e iluminador, gracias a sus plantillas altamente personalizables, un constructor de p\u00e1ginas de arrastre intuitivo y una variedad de herramientas administrativas robustas que Facilitar la gesti\u00f3n de sitios web sin problemas. Adem\u00e1s, Zelus est\u00e1 imbuido de las invaluables cualidades de respuesta completa y amigable con SEO, asegurando as\u00ed que su sitio web meticulosamente seleccionado exude un aire de excelencia en todo tipo de dispositivos electr\u00f3nicos, al tiempo que cautiva a un p\u00fablico m\u00e1s amplio. Es de suma importancia reconocer las ventajas incomparables que Zelus confiere a las personas que operan dentro de los \u00e1mbitos de la terapia, el asesoramiento o la provisi\u00f3n de servicios de salud mental, ya que este tema excepcional sirve como un catalizador invaluable para cultivar una presencia en l\u00ednea fuerte y confiable, mientras que simult\u00e1neamente Dirige a sus empresas de sus negocios hacia reinos sin precedentes de crecimiento y prosperidad.<\/p>\n<ul>\n<li>Dise\u00f1o moderno y profesional dise\u00f1ado espec\u00edficamente para empresas de asesoramiento de psicolog\u00eda<\/li>\n<li>Dise\u00f1o f\u00e1cil de usar y personalizable que se puede ajustar para adaptarse a su marca e imagen<\/li>\n<li>Una amplia gama de caracter\u00edsticas, incluidos los tipos de publicaciones y widgets personalizados, para mejorar la funcionalidad de su sitio web<\/li>\n<li>Dise\u00f1o totalmente receptivo, lo que permite acceder a su sitio web desde cualquier dispositivo<\/li>\n<li>C\u00f3digo amigable para SEO y contenido optimizado para una mejor clasificaci\u00f3n del motor de b\u00fasqueda<\/li>\n<li>Caracter\u00edsticas de las redes sociales integradas que permiten compartir f\u00e1cilmente a trav\u00e9s de varios canales sociales<\/li>\n<li>Formularios de contacto personalizables para ayudar a aumentar la participaci\u00f3n e interacci\u00f3n del cliente<\/li>\n<li>Documentaci\u00f3n integral y atenci\u00f3n al cliente para garantizar que su sitio web se mantenga actualizado y funcionando sin problemas.<\/li>\n<\/ul>\n","protected":false},"excerpt":{"rendered":"<p>El tema de Zelus WordPress exhibe una plantilla de sitio web notablemente sofisticada y dise\u00f1ada por expertos que est\u00e1 dise\u00f1ada exclusivamente para satisfacer las necesidades espec\u00edficas de los servicios de asesoramiento de psicolog\u00eda. Su dise\u00f1o elegante y contempor\u00e1neo hace que Zelus sea una opci\u00f3n ideal para exhibir y promover sus valiosos servicios, atrayendo as\u00ed una multitud de clientes potenciales. Vale la pena se\u00f1alar que este tema ofrece una gran cantidad de opciones de personalizaci\u00f3n, que abarca una variedad de dise\u00f1os y esquemas de color, lo que le otorga una autoridad y autonom\u00eda incomparables sobre la est\u00e9tica visual de su sitio web. Adem\u00e1s, Zelus se ha optimizado meticulosamente para mejorar la optimizaci\u00f3n de motores de b\u00fasqueda (SEO) y la velocidad de refuerzo, asegurando as\u00ed que su sitio web cargue de manera expedita y obtenga una posici\u00f3n prominente en las p\u00e1ginas de resultados del motor de b\u00fasqueda (SERPS). Si se embarca en esta empresa hoy y aprovecha el notable tema de Zelus WordPress, sin duda impulsar\u00e1 su negocio de asesoramiento de psicolog\u00eda a alturas sin precedentes y lograr\u00e1 un \u00e9xito rotundo.<\/p>\n","protected":false},"featured_media":168708,"comment_status":"open","ping_status":"open","template":"","meta":[],"product_brand":[2337],"product_cat":[1267,1237,1238],"product_tag":[1391],"class_list":{"0":"post-112855","1":"product","2":"type-product","3":"status-publish","4":"has-post-thumbnail","6":"product_brand-themeforest","7":"product_cat-creativo","8":"product_cat-temas","9":"product_cat-wordpress-temas","10":"product_tag-themeforest","11":"member-discount","12":"discount-restricted","14":"first","15":"instock","16":"sale","17":"downloadable","18":"virtual","19":"sold-individually","20":"purchasable","21":"product-type-simple"},"_links":{"self":[{"href":"https:\/\/gpl-love.com\/es\/wp-json\/wp\/v2\/product\/112855","targetHints":{"allow":["GET"]}}],"collection":[{"href":"https:\/\/gpl-love.com\/es\/wp-json\/wp\/v2\/product"}],"about":[{"href":"https:\/\/gpl-love.com\/es\/wp-json\/wp\/v2\/types\/product"}],"replies":[{"embeddable":true,"href":"https:\/\/gpl-love.com\/es\/wp-json\/wp\/v2\/comments?post=112855"}],"wp:featuredmedia":[{"embeddable":true,"href":"https:\/\/gpl-love.com\/es\/wp-json\/wp\/v2\/media\/168708"}],"wp:attachment":[{"href":"https:\/\/gpl-love.com\/es\/wp-json\/wp\/v2\/media?parent=112855"}],"wp:term":[{"taxonomy":"product_brand","embeddable":true,"href":"https:\/\/gpl-love.com\/es\/wp-json\/wp\/v2\/product_brand?post=112855"},{"taxonomy":"product_cat","embeddable":true,"href":"https:\/\/gpl-love.com\/es\/wp-json\/wp\/v2\/product_cat?post=112855"},{"taxonomy":"product_tag","embeddable":true,"href":"https:\/\/gpl-love.com\/es\/wp-json\/wp\/v2\/product_tag?post=112855"}],"curies":[{"name":"wp","href":"https:\/\/api.w.org\/{rel}","templated":true}]}}