{"id":112853,"date":"2021-04-24T00:00:00","date_gmt":"2021-04-24T05:00:00","guid":{"rendered":"http:\/\/gpl-love.com\/es\/?post_type=product&#038;p=112853"},"modified":"2026-03-09T08:30:17","modified_gmt":"2026-03-09T13:30:17","slug":"wp-ultimate-pdf-generator","status":"publish","type":"product","link":"https:\/\/gpl-love.com\/es\/producto\/wp-ultimate-pdf-generator\/","title":{"rendered":"WP Ultimate PDF Generator 1.0.7"},"content":{"rendered":"<h3>WP Ultimate PDF Generator Caracteristicas<\/h3>\n<p>WP Ultimate PDF Generator es una herramienta incre\u00edblemente poderosa que le ofrece la conveniencia de generar documentos PDF sin esfuerzo directamente desde el contenido en su sitio web de WordPress. Este complemento excepcional proporciona la notable capacidad para transformar cualquier publicaci\u00f3n, p\u00e1gina o tipo de publicaci\u00f3n personalizada en un archivo PDF con un esfuerzo m\u00ednimo, lo que requiere solo unos pocos clics simples. Adem\u00e1s, la inmensa flexibilidad y adaptabilidad del complemento lo capacitan con una amplia gama de opciones, lo que le permite seleccionar entre una multitud de plantillas, fuentes y colores, facilitando as\u00ed la creaci\u00f3n de PDF cautivadores y profesionales que se alinean perfectamente con la marca distintiva de su sitio web. Adem\u00e1s, el complemento facilita la incorporaci\u00f3n de marcas de agua, encabezados, pies de p\u00e1gina y otros elementos en sus PDF, mejorando sustancialmente su valor informativo y su atractivo astetico. Al aprovechar las capacidades extraordinarias del generador PDF WP Ultimate, puede optimizar significativamente y acelerar su proceso de creaci\u00f3n de contenido, al tiempo que proporciona a sus usuarios invaluables documentos PDF de nivel superior que se pueden descargar y compartir f\u00e1cilmente.<\/p>\n<ul>\n<li>Genera documentos PDF de aspecto profesional desde su sitio de WordPress<\/li>\n<li>Opciones personalizables de encabezado y pie de p\u00e1gina<\/li>\n<li>Soporte para m\u00faltiples idiomas<\/li>\n<li>Capacidad para proteger la contrase\u00f1a PDFS para mayor seguridad<\/li>\n<li>Incluye un visor PDF incorporado para una f\u00e1cil vista previa<\/li>\n<li>Permite la marca de agua PDF para la marca adicional<\/li>\n<li>Agrega autom\u00e1ticamente la tabla de contenido para documentos m\u00e1s largos<\/li>\n<li>Admite tipos de publicaci\u00f3n personalizados y taxonom\u00edas<\/li>\n<li>Se integra con complementos de formularios populares para generar PDF a partir de env\u00edos de formulario<\/li>\n<li>Compatible con todos los principales navegadores y dispositivos.<\/li>\n<\/ul>\n","protected":false},"excerpt":{"rendered":"<p>\u00bfEst\u00e1 en busca de un m\u00e9todo sin complicaciones para generar documentos PDF pulidos desde su sitio web de WordPress? \u00a1Su b\u00fasqueda termina aqu\u00ed con el WP Ultimate PDF Generator! Este complemento notablemente robusto le proporciona la capacidad sin esfuerzo para convertir cualquier p\u00e1gina o publicaci\u00f3n en un archivo PDF de calidad superior. Adem\u00e1s, permite la inclusi\u00f3n de encabezados a medida, pies de p\u00e1gina y otros componentes de marca. Ya sea que su objetivo sea para los manuales de productos de moda, documentos blancos o formas variadas de materiales de marketing, el Generador PDF WP Ultimate acelera el proceso al tiempo que garantiza un inconveniente m\u00ednimo. Por lo tanto, \u00bfpor qu\u00e9 retrasar m\u00e1s? \u00a1Asegure su copia hoy y comience a generar PDF con la experiencia de un profesional experimentado!<\/p>\n","protected":false},"featured_media":168468,"comment_status":"open","ping_status":"open","template":"","meta":[],"product_brand":[2339],"product_cat":[1214,1206,1211],"product_tag":[1256],"class_list":{"0":"post-112853","1":"product","2":"type-product","3":"status-publish","4":"has-post-thumbnail","6":"product_brand-codecanyon","7":"product_cat-personalizacion","8":"product_cat-plugins","9":"product_cat-wordpress-plugins","10":"product_tag-codecanyon","11":"member-discount","12":"discount-restricted","14":"first","15":"instock","16":"sale","17":"downloadable","18":"virtual","19":"sold-individually","20":"purchasable","21":"product-type-simple"},"_links":{"self":[{"href":"https:\/\/gpl-love.com\/es\/wp-json\/wp\/v2\/product\/112853","targetHints":{"allow":["GET"]}}],"collection":[{"href":"https:\/\/gpl-love.com\/es\/wp-json\/wp\/v2\/product"}],"about":[{"href":"https:\/\/gpl-love.com\/es\/wp-json\/wp\/v2\/types\/product"}],"replies":[{"embeddable":true,"href":"https:\/\/gpl-love.com\/es\/wp-json\/wp\/v2\/comments?post=112853"}],"wp:featuredmedia":[{"embeddable":true,"href":"https:\/\/gpl-love.com\/es\/wp-json\/wp\/v2\/media\/168468"}],"wp:attachment":[{"href":"https:\/\/gpl-love.com\/es\/wp-json\/wp\/v2\/media?parent=112853"}],"wp:term":[{"taxonomy":"product_brand","embeddable":true,"href":"https:\/\/gpl-love.com\/es\/wp-json\/wp\/v2\/product_brand?post=112853"},{"taxonomy":"product_cat","embeddable":true,"href":"https:\/\/gpl-love.com\/es\/wp-json\/wp\/v2\/product_cat?post=112853"},{"taxonomy":"product_tag","embeddable":true,"href":"https:\/\/gpl-love.com\/es\/wp-json\/wp\/v2\/product_tag?post=112853"}],"curies":[{"name":"wp","href":"https:\/\/api.w.org\/{rel}","templated":true}]}}