{"id":112851,"date":"2025-07-09T00:00:00","date_gmt":"2025-07-09T05:00:00","guid":{"rendered":"http:\/\/gpl-love.com\/es\/?post_type=product&#038;p=112851"},"modified":"2026-04-10T11:29:01","modified_gmt":"2026-04-10T16:29:01","slug":"townpress-municipality-wordpress-tema","status":"publish","type":"product","link":"https:\/\/gpl-love.com\/es\/producto\/townpress-municipality-wordpress-tema\/","title":{"rendered":"TownPress Municipality WordPress Theme 3.8.12"},"content":{"rendered":"<h3>TownPress Municipality WordPress Theme Caracteristicas<\/h3>\n<p>El tema de WordPress del municipio de TownPress surge como un instrumento sobresaliente para la creaci\u00f3n de sitios web dise\u00f1ados espec\u00edficamente para gobiernos locales, municipios y otras organizaciones asociadas. Con una interfaz que es verdaderamente f\u00e1cil de usar, este tema presenta la oportunidad para la elaboraci\u00f3n perfecta de sitios web excepcionalmente profesionales y refinados. Se ha dotado de una amplia gama de caracter\u00edsticas y funcionalidades, como mapas personalizables, calendarios de eventos y secciones dedicadas a la difusi\u00f3n de noticias. Adem\u00e1s, su capacidad de respuesta completa garantiza el atractivo est\u00e9tico de su sitio web en todos los dispositivos, ya sea escritorios o tel\u00e9fonos inteligentes. Ya sea que su intenci\u00f3n sea construir un sitio web para su municipio local o agencia gubernamental, este tema se mantiene como la opci\u00f3n ideal que servir\u00e1 como un activo invaluable en el establecimiento de una presencia en l\u00ednea altamente competente e impactante.<\/p>\n<ul>\n<li>Tema de WordPress dise\u00f1ado profesionalmente dise\u00f1ado espec\u00edficamente para municipios<\/li>\n<li>Funcionalidad de b\u00fasqueda avanzada que permite a los residentes encontrar f\u00e1cilmente recursos e informaci\u00f3n relevantes<\/li>\n<li>El dise\u00f1o receptivo garantiza una visualizaci\u00f3n \u00f3ptima en dispositivos m\u00f3viles<\/li>\n<li>Navegaci\u00f3n y dise\u00f1o intuitivos para una f\u00e1cil navegaci\u00f3n de informaci\u00f3n municipal importante<\/li>\n<li>Herramientas incorporadas para anticipar y responder r\u00e1pidamente a situaciones de emergencia<\/li>\n<li>M\u00faltiples plantillas de p\u00e1gina disponibles para mostrar diferentes tipos de contenido<\/li>\n<li>Soporte de varios idiomas para atender a diversas poblaciones<\/li>\n<li>Integraci\u00f3n con plataformas de redes sociales populares para una mayor participaci\u00f3n comunitaria<\/li>\n<li>Opci\u00f3n para que los residentes env\u00eden solicitudes de servicio o informen problemas directamente a trav\u00e9s del sitio web<\/li>\n<li>Compatibilidad con una variedad de complementos para mayor personalizaci\u00f3n y funcionalidad.<\/li>\n<\/ul>\n","protected":false},"excerpt":{"rendered":"<p>Townpress es un tema excepcional de WordPress que ha sido meticulosamente elaborado con el \u00fanico prop\u00f3sito de satisfacer las necesidades \u00fanicas de los municipios y los organismos del gobierno local. Su dise\u00f1o de vanguardia cuenta con una combinaci\u00f3n perfecta de est\u00e9tica moderna y caracter\u00edsticas f\u00e1ciles de usar, lo que permite a los usuarios dise\u00f1ar un sitio web visualmente impresionante que exude profesionalismo. Este sitio web servir\u00e1 como una herramienta altamente efectiva para facilitar la conectividad mejorada entre el organismo rector y la comunidad a la que sirve, lo que permite una difusi\u00f3n perfecta de noticias y eventos, as\u00ed como la provisi\u00f3n de informaci\u00f3n vital relacionada con los servicios locales. Con una extensa gama de opciones personalizables y fortificado por un arsenal de poderosas funcionalidades incorporadas, Townpress se erige como la soluci\u00f3n incomparable y de referencia para ciudades, ciudades y pueblos por igual, en su b\u00fasqueda para optimizar su presencia en l\u00ednea y comprometerse efectivamente con sus residentes en el reino digital.<\/p>\n","protected":false},"featured_media":167845,"comment_status":"open","ping_status":"open","template":"","meta":[],"product_brand":[2337],"product_cat":[1267,1237,1238],"product_tag":[1391],"class_list":{"0":"post-112851","1":"product","2":"type-product","3":"status-publish","4":"has-post-thumbnail","6":"product_brand-themeforest","7":"product_cat-creativo","8":"product_cat-temas","9":"product_cat-wordpress-temas","10":"product_tag-themeforest","11":"member-discount","12":"discount-restricted","14":"first","15":"instock","16":"sale","17":"downloadable","18":"virtual","19":"sold-individually","20":"purchasable","21":"product-type-simple"},"_links":{"self":[{"href":"https:\/\/gpl-love.com\/es\/wp-json\/wp\/v2\/product\/112851","targetHints":{"allow":["GET"]}}],"collection":[{"href":"https:\/\/gpl-love.com\/es\/wp-json\/wp\/v2\/product"}],"about":[{"href":"https:\/\/gpl-love.com\/es\/wp-json\/wp\/v2\/types\/product"}],"replies":[{"embeddable":true,"href":"https:\/\/gpl-love.com\/es\/wp-json\/wp\/v2\/comments?post=112851"}],"wp:featuredmedia":[{"embeddable":true,"href":"https:\/\/gpl-love.com\/es\/wp-json\/wp\/v2\/media\/167845"}],"wp:attachment":[{"href":"https:\/\/gpl-love.com\/es\/wp-json\/wp\/v2\/media?parent=112851"}],"wp:term":[{"taxonomy":"product_brand","embeddable":true,"href":"https:\/\/gpl-love.com\/es\/wp-json\/wp\/v2\/product_brand?post=112851"},{"taxonomy":"product_cat","embeddable":true,"href":"https:\/\/gpl-love.com\/es\/wp-json\/wp\/v2\/product_cat?post=112851"},{"taxonomy":"product_tag","embeddable":true,"href":"https:\/\/gpl-love.com\/es\/wp-json\/wp\/v2\/product_tag?post=112851"}],"curies":[{"name":"wp","href":"https:\/\/api.w.org\/{rel}","templated":true}]}}