{"id":112849,"date":"2025-09-19T00:00:00","date_gmt":"2025-09-19T05:00:00","guid":{"rendered":"http:\/\/gpl-love.com\/es\/producto\/ultimate-learning-pro\/"},"modified":"2026-04-10T11:29:24","modified_gmt":"2026-04-10T16:29:24","slug":"ultimate-learning-pro","status":"publish","type":"product","link":"https:\/\/gpl-love.com\/es\/producto\/ultimate-learning-pro\/","title":{"rendered":"Ultimate Learning Pro 3.9.3"},"content":{"rendered":"<h3>Ultimate Learning Pro Caracteristicas<\/h3>\n<p>La plataforma de aprendizaje electr\u00f3nico que lo abarca y una extensa conocida como Ultimate Learning Pro fue dise\u00f1ado espec\u00edficamente para satisfacer las diversas necesidades de aprendizaje de estudiantes y profesionales. Esta plataforma cuenta con una amplia gama de cursos que abarcan varios campos e industrias, desde los \u00e1mbitos de los negocios y la tecnolog\u00eda hasta los \u00e1mbitos de la salud y el bienestar. Con la intenci\u00f3n de proporcionar una experiencia de aprendizaje interactiva y cautivadora, Ultimate Learning Pro incorpora una multitud de elementos multimedia, como videos, cuestionarios y ejercicios interactivos. Adem\u00e1s, esta plataforma lleva la personalizaci\u00f3n al siguiente nivel utilizando algoritmos de aprendizaje adaptativo que eval\u00faan meticulosamente las fortalezas y debilidades individuales de un usuario, adaptando posteriormente el contenido para satisfacer sus necesidades espec\u00edficas. Adem\u00e1s de estas caracter\u00edsticas notables, Ultimate Learning Pro tambi\u00e9n ofrece herramientas para rastrear el progreso, facilitar el aprendizaje social y permitir la colaboraci\u00f3n, lo que lo convierte en una opci\u00f3n excepcional para equipos y organizaciones remotas. Con su interfaz de usuario intuitiva y su conjunto integral de caracter\u00edsticas, Ultimate Learning Pro indudablemente se destaca como una herramienta indispensable para cualquier persona que busque adquirir nuevas habilidades o expandir sus conocimientos en cualquier campo.<\/p>\n<ul>\n<li>Plataforma avanzada de aprendizaje electr\u00f3nico para crear y administrar cursos en l\u00ednea<\/li>\n<li>Interfaz f\u00e1cil de usar con Guilder de cursos de arrastrar y soltar<\/li>\n<li>Control completo sobre el contenido del curso, incluidos los elementos multimedia y interactivos<\/li>\n<li>Evaluaciones incorporadas y sistema de calificaci\u00f3n con certificados personalizables<\/li>\n<li>Las caracter\u00edsticas de la gamificaci\u00f3n, incluidas las insignias y las tablas de clasificaci\u00f3n, para motivar a los alumnos<\/li>\n<li>Se integra con m\u00faltiples pasarelas de pago para la monetizaci\u00f3n<\/li>\n<li>Admite m\u00faltiples idiomas y proporciona un dise\u00f1o receptivo para una visi\u00f3n m\u00f3vil sin problemas<\/li>\n<li>Informes y an\u00e1lisis robustos para la evaluaci\u00f3n y mejora del desempe\u00f1o del curso<\/li>\n<\/ul>\n","protected":false},"excerpt":{"rendered":"<p>Ultimate Learning Pro es una plataforma de aprendizaje en l\u00ednea excepcionalmente robusta que ha sido dise\u00f1ada de manera inteligente para cumplir con los requisitos educativos en constante evoluci\u00f3n de profesionales y empresas por igual. Con una variedad de funcionalidades de vanguardia, como la creaci\u00f3n de cursos, los concursos y la gesti\u00f3n de tareas, as\u00ed como los informes y an\u00e1lisis personalizados, esta plataforma mejora de manera efectiva y perfecta toda la experiencia de aprendizaje. Independientemente de si busca una mejora de habilidades r\u00e1pidas o programas de capacitaci\u00f3n que abarca todo, la soluci\u00f3n que lo abarca todo a sus aspiraciones de aprendizaje se puede encontrar sin duda dentro de Ultimate Learning Pro.<\/p>\n","protected":false},"featured_media":167873,"comment_status":"open","ping_status":"open","template":"","meta":[],"product_brand":[2339],"product_cat":[1214,1206,1211],"product_tag":[1256],"class_list":{"0":"post-112849","1":"product","2":"type-product","3":"status-publish","4":"has-post-thumbnail","6":"product_brand-codecanyon","7":"product_cat-personalizacion","8":"product_cat-plugins","9":"product_cat-wordpress-plugins","10":"product_tag-codecanyon","11":"member-discount","12":"discount-restricted","14":"first","15":"instock","16":"sale","17":"downloadable","18":"virtual","19":"sold-individually","20":"purchasable","21":"product-type-simple"},"_links":{"self":[{"href":"https:\/\/gpl-love.com\/es\/wp-json\/wp\/v2\/product\/112849","targetHints":{"allow":["GET"]}}],"collection":[{"href":"https:\/\/gpl-love.com\/es\/wp-json\/wp\/v2\/product"}],"about":[{"href":"https:\/\/gpl-love.com\/es\/wp-json\/wp\/v2\/types\/product"}],"replies":[{"embeddable":true,"href":"https:\/\/gpl-love.com\/es\/wp-json\/wp\/v2\/comments?post=112849"}],"wp:featuredmedia":[{"embeddable":true,"href":"https:\/\/gpl-love.com\/es\/wp-json\/wp\/v2\/media\/167873"}],"wp:attachment":[{"href":"https:\/\/gpl-love.com\/es\/wp-json\/wp\/v2\/media?parent=112849"}],"wp:term":[{"taxonomy":"product_brand","embeddable":true,"href":"https:\/\/gpl-love.com\/es\/wp-json\/wp\/v2\/product_brand?post=112849"},{"taxonomy":"product_cat","embeddable":true,"href":"https:\/\/gpl-love.com\/es\/wp-json\/wp\/v2\/product_cat?post=112849"},{"taxonomy":"product_tag","embeddable":true,"href":"https:\/\/gpl-love.com\/es\/wp-json\/wp\/v2\/product_tag?post=112849"}],"curies":[{"name":"wp","href":"https:\/\/api.w.org\/{rel}","templated":true}]}}