{"id":112847,"date":"2022-04-11T00:00:00","date_gmt":"2022-04-11T05:00:00","guid":{"rendered":"http:\/\/gpl-love.com\/es\/?post_type=product&#038;p=112847"},"modified":"2026-03-13T17:21:11","modified_gmt":"2026-03-13T22:21:11","slug":"genemy-creative-multi-concept-lying-pages-pack-with-page-builder","status":"publish","type":"product","link":"https:\/\/gpl-love.com\/es\/producto\/genemy-creative-multi-concept-lying-pages-pack-with-page-builder\/","title":{"rendered":"Genemy Creative Multi Concept Landing Pages Pack With Page Builder 1.6.0.1"},"content":{"rendered":"<h3>Genemy Creative Multi Concept Landing Pages Pack With Page Builder Caracteristicas<\/h3>\n<p>El Genemy Creative Multi Concept Landaring Pack, equipado con un constructor de p\u00e1ginas, es un producto excepcionalmente notable que le otorga acceder a una gran cantidad de p\u00e1ginas de destino personalizables, lo que le permite establecer el sitio web ideal para su negocio. Con la inclusi\u00f3n de un constructor de p\u00e1ginas f\u00e1cilmente f\u00e1cil de usar, el proceso de creaci\u00f3n del sitio web de sus sue\u00f1os se puede lograr sin esfuerzo, desprovisto de cualquier conocimiento de codificaci\u00f3n de requisitos previos. Esta notable oferta cuenta con un dise\u00f1o de m\u00faltiples concepto, que le brinda una gran cantidad de opciones para elegir, garantizando que descubrir\u00e1 un dise\u00f1o que se adapta impecablemente a sus requisitos espec\u00edficos. Las plantillas proporcionadas exudan una est\u00e9tica moderna y cautivadora, incorporando un dise\u00f1o elegante y pr\u00edstino que sin lugar a dudas est\u00e1 cautivado e impresionar a su estimada clientela. Adem\u00e1s, el producto se acompa\u00f1a de un excelente y confiable sistema de atenci\u00f3n al cliente, lo que le asegura que la asistencia sea f\u00e1cilmente accesible cuando surja la necesidad. Sin lugar a dudas, el Genemy Creative Multi Concept Landing Pack Pack es una opci\u00f3n excepcional para cualquier individuo que busque un constructor de p\u00e1ginas de destino de primer nivel que combina la personalizaci\u00f3n sin esfuerzo con la facilidad de uso.<\/p>\n<ul>\n<li>Incluye un constructor de p\u00e1ginas para una f\u00e1cil personalizaci\u00f3n de las p\u00e1ginas de destino<\/li>\n<li>Presenta m\u00faltiples opciones de concepto creativas y \u00fanicas<\/li>\n<li>Dise\u00f1o totalmente receptivo para una visualizaci\u00f3n \u00f3ptima en cualquier dispositivo<\/li>\n<li>Incluye una variedad de secciones predise\u00f1adas para una construcci\u00f3n de p\u00e1ginas eficiente<\/li>\n<li>Altamente personalizable con m\u00faltiples opciones de color y fuente<\/li>\n<li>Optimizado para la conversi\u00f3n con llamadas y formularios espec\u00edficos<\/li>\n<li>Construido con tecnolog\u00edas modernas de codificaci\u00f3n HTML5 y CSS3<\/li>\n<li>Actualizado regularmente con nuevas caracter\u00edsticas y conceptos<\/li>\n<li>Documentaci\u00f3n y apoyo integrales proporcionados<\/li>\n<\/ul>\n","protected":false},"excerpt":{"rendered":"<p>\u00a1Estamos encantados de presentarle Genemy, un remedio que lo abarca todo para los requisitos de su p\u00e1gina de destino! Nuestro paquete creativo de altera de m\u00faltiples conceptos est\u00e1 equipado con un s\u00f3lido constructor de p\u00e1ginas, que le brinda la conveniencia de adaptar e individualizar sus p\u00e1ginas sin esfuerzo con un solo pu\u00f1ado de clics. Independientemente de si su objetivo es respaldar una empresa naciente, una aplicaci\u00f3n o una mercanc\u00eda, nuestro paquete comprende una variedad de plantillas pulidas y contempor\u00e1neas que est\u00e1n obligados a cautivar a su grupo demogr\u00e1fico objetivo. Con el genemy a su disposici\u00f3n, poseer\u00e1 todas las herramientas necesarias para asegurarse de que sus p\u00e1ginas de destino posean un encanto incomparable y generen efectivamente conversiones.<\/p>\n","protected":false},"featured_media":166193,"comment_status":"open","ping_status":"open","template":"","meta":[],"product_brand":[2337],"product_cat":[1239,1237,1238],"product_tag":[1391],"class_list":{"0":"post-112847","1":"product","2":"type-product","3":"status-publish","4":"has-post-thumbnail","6":"product_brand-themeforest","7":"product_cat-de-multiples-fines","8":"product_cat-temas","9":"product_cat-wordpress-temas","10":"product_tag-themeforest","11":"member-discount","12":"discount-restricted","14":"first","15":"instock","16":"sale","17":"downloadable","18":"virtual","19":"sold-individually","20":"purchasable","21":"product-type-simple"},"_links":{"self":[{"href":"https:\/\/gpl-love.com\/es\/wp-json\/wp\/v2\/product\/112847","targetHints":{"allow":["GET"]}}],"collection":[{"href":"https:\/\/gpl-love.com\/es\/wp-json\/wp\/v2\/product"}],"about":[{"href":"https:\/\/gpl-love.com\/es\/wp-json\/wp\/v2\/types\/product"}],"replies":[{"embeddable":true,"href":"https:\/\/gpl-love.com\/es\/wp-json\/wp\/v2\/comments?post=112847"}],"wp:featuredmedia":[{"embeddable":true,"href":"https:\/\/gpl-love.com\/es\/wp-json\/wp\/v2\/media\/166193"}],"wp:attachment":[{"href":"https:\/\/gpl-love.com\/es\/wp-json\/wp\/v2\/media?parent=112847"}],"wp:term":[{"taxonomy":"product_brand","embeddable":true,"href":"https:\/\/gpl-love.com\/es\/wp-json\/wp\/v2\/product_brand?post=112847"},{"taxonomy":"product_cat","embeddable":true,"href":"https:\/\/gpl-love.com\/es\/wp-json\/wp\/v2\/product_cat?post=112847"},{"taxonomy":"product_tag","embeddable":true,"href":"https:\/\/gpl-love.com\/es\/wp-json\/wp\/v2\/product_tag?post=112847"}],"curies":[{"name":"wp","href":"https:\/\/api.w.org\/{rel}","templated":true}]}}