{"id":112845,"date":"2024-01-15T00:00:00","date_gmt":"2024-01-15T05:00:00","guid":{"rendered":"http:\/\/gpl-love.com\/es\/?post_type=product&#038;p=112845"},"modified":"2026-03-13T17:17:03","modified_gmt":"2026-03-13T22:17:03","slug":"braintech-technology-y-it-solutions-wordpress-tema","status":"publish","type":"product","link":"https:\/\/gpl-love.com\/es\/producto\/braintech-technology-y-it-solutions-wordpress-tema\/","title":{"rendered":"Braintech Technology y IT Solutions WordPress Theme 2.5.4"},"content":{"rendered":"<h3>Braintech Technology y IT Solutions WordPress Theme Caracteristicas<\/h3>\n<p>El tema de WordPress de la tecnolog\u00eda y las soluciones de TI de BRAINTERC es un tema excepcionalmente vers\u00e1til y de vanguardia espec\u00edficamente elaborado para las empresas que operan en la tecnolog\u00eda y el sector de TI. Con un dise\u00f1o elegante y sofisticado, ofrece una gama integral de caracter\u00edsticas esenciales que muestran efectivamente sus productos y servicios, acent\u00faan la experiencia de los miembros de su equipo y facilitan la participaci\u00f3n del cliente a trav\u00e9s de una integraci\u00f3n perfecta con un blog o plataformas de redes sociales. Este tema presenta a los usuarios una mir\u00edada de variaciones de la p\u00e1gina de inicio, widgets personalizables, una selecci\u00f3n interminable de esquemas de color y un dise\u00f1o completamente receptivo que se adapta perfectamente a las pantallas de todos los tama\u00f1os. Adem\u00e1s, viene totalmente equipado con complementos de renombre, como la revoluci\u00f3n de los controlesesanales y el Formulario de contacto 7, lo que permite la creaci\u00f3n sin esfuerzo de controles deslizantes y formas visualmente cautivadores. Ya sea que se encuentre en la etapa de inicio de su viaje empresarial o que ya sea establecido como un jugador prominente en la industria, el tema de WordPress de la tecnolog\u00eda y las soluciones de TI de BRAINTERS se considera como la mejor opci\u00f3n para establecer una presencia en l\u00ednea convincente y fomentar el crecimiento empresarial exponencial.<\/p>\n<ul>\n<li>-El dise\u00f1o sensible y moderno que se ve muy bien en cualquier dispositivo<\/li>\n<li>-Los integrados con complementos populares como WooCommerce y el Formulario de contacto 7<\/li>\n<li>-Optimizado para la velocidad y el SEO<\/li>\n<li>-Page de inicio consultable y \u00e1reas de widgets m\u00faltiples<\/li>\n<li>-Supporta m\u00faltiples idiomas y traducci\u00f3n listos<\/li>\n<li>-Cons con varias p\u00e1ginas preconstruidas para servicios, sobre nosotros, cartera y m\u00e1s<\/li>\n<li>-Esamente para usar el constructor de la p\u00e1gina de arrastrar y soltar incluido<\/li>\n<li>-Opciones de color sin permiso e integraci\u00f3n de Google Fonts<\/li>\n<li>-Clazca la importaci\u00f3n de demostraci\u00f3n de un solo clic para configurar r\u00e1pidamente el sitio web<\/li>\n<li>-Engularmente actualizado y compatible con los desarrolladores.<\/li>\n<\/ul>\n","protected":false},"excerpt":{"rendered":"<p>Entra en el futuro con la tecnolog\u00eda Braintech y el tema de WordPress de WordPress. Dise\u00f1ado para la tecnolog\u00eda y las empresas de TI, este tema cuenta con una variedad de caracter\u00edsticas clave para atraer clientes potenciales. Construido con un dise\u00f1o receptivo, asegura que su sitio se vea impresionante en todos los dispositivos. Las opciones de temas avanzados proporcionan un alto grado de personalizaci\u00f3n, lo que le permite adaptar su sitio a sus necesidades \u00fanicas. Integre complementos populares con facilidad, como WooCommerce, para una tienda en l\u00ednea simplificada. La optimizaci\u00f3n de SEO garantiza que su sitio ocupa un lugar alto en los resultados de b\u00fasqueda, lo que lleva m\u00e1s tr\u00e1fico a su negocio. Con actualizaciones regulares, puede estar seguro de que su sitio se mantiene al d\u00eda con las \u00faltimas tendencias y tecnolog\u00edas. Disfrute del soporte de primer nivel, brind\u00e1ndole soluciones y asistencia cuando lo necesite. Destaca entre la multitud e informa a los clientes potenciales sobre sus servicios con el tema de WordPress de la tecnolog\u00eda y las soluciones de TI.<\/p>\n","protected":false},"featured_media":165551,"comment_status":"open","ping_status":"open","template":"","meta":[],"product_brand":[2337],"product_cat":[1267,1237,1238],"product_tag":[1391],"class_list":{"0":"post-112845","1":"product","2":"type-product","3":"status-publish","4":"has-post-thumbnail","6":"product_brand-themeforest","7":"product_cat-creativo","8":"product_cat-temas","9":"product_cat-wordpress-temas","10":"product_tag-themeforest","11":"member-discount","12":"discount-restricted","14":"first","15":"instock","16":"sale","17":"downloadable","18":"virtual","19":"sold-individually","20":"purchasable","21":"product-type-simple"},"_links":{"self":[{"href":"https:\/\/gpl-love.com\/es\/wp-json\/wp\/v2\/product\/112845","targetHints":{"allow":["GET"]}}],"collection":[{"href":"https:\/\/gpl-love.com\/es\/wp-json\/wp\/v2\/product"}],"about":[{"href":"https:\/\/gpl-love.com\/es\/wp-json\/wp\/v2\/types\/product"}],"replies":[{"embeddable":true,"href":"https:\/\/gpl-love.com\/es\/wp-json\/wp\/v2\/comments?post=112845"}],"wp:featuredmedia":[{"embeddable":true,"href":"https:\/\/gpl-love.com\/es\/wp-json\/wp\/v2\/media\/165551"}],"wp:attachment":[{"href":"https:\/\/gpl-love.com\/es\/wp-json\/wp\/v2\/media?parent=112845"}],"wp:term":[{"taxonomy":"product_brand","embeddable":true,"href":"https:\/\/gpl-love.com\/es\/wp-json\/wp\/v2\/product_brand?post=112845"},{"taxonomy":"product_cat","embeddable":true,"href":"https:\/\/gpl-love.com\/es\/wp-json\/wp\/v2\/product_cat?post=112845"},{"taxonomy":"product_tag","embeddable":true,"href":"https:\/\/gpl-love.com\/es\/wp-json\/wp\/v2\/product_tag?post=112845"}],"curies":[{"name":"wp","href":"https:\/\/api.w.org\/{rel}","templated":true}]}}