{"id":112810,"date":"2022-08-23T00:00:00","date_gmt":"2022-08-23T05:00:00","guid":{"rendered":"http:\/\/gpl-love.com\/es\/producto\/dotlife-coach-online-courses-wordpress\/"},"modified":"2026-03-13T17:19:26","modified_gmt":"2026-03-13T22:19:26","slug":"dotlife-coach-online-courses-wordpress","status":"publish","type":"product","link":"https:\/\/gpl-love.com\/es\/producto\/dotlife-coach-online-courses-wordpress\/","title":{"rendered":"DotLife Coach Online Courses WordPress 4.4.8"},"content":{"rendered":"<h3>DotLife Coach Online Courses WordPress Caracteristicas<\/h3>\n<p>Los cursos en l\u00ednea del entrenador de DotLife WordPress sirven como un instrumento altamente formidable para los entrenadores que anhelan expandir sus esfuerzos empresariales y al mismo tiempo aprovechar una base de clientela m\u00e1s amplia. Esta plataforma de vanguardia faculta a los entrenadores para fabricar y difundir cursos en l\u00ednea sin esfuerzo a los que son f\u00e1cilmente accesibles para cualquier individuo dotado de una conexi\u00f3n a Internet. En virtud de su interfaz notablemente intuitiva y un extenso repertorio de alternativas de personalizaci\u00f3n, los entrenadores se les brinda la oportunidad incomparable de adaptar meticulosamente sus cursos para alinearse sin problemas con las exigencias y requisitos previos de su objetivo demogr\u00e1fico objetivo. Adem\u00e1s, la plataforma de WordPress est\u00e1 repleta de una multitud de complementos y temas ingeniosos que pueden aprovecharse h\u00e1bilmente para aumentar la funcionalidad y el atractivo est\u00e9tico de estos cursos. En consecuencia, los cursos en l\u00ednea del entrenador de DotLife WordPress se destacan como un recurso invaluable que atiende obedientemente a las demandas en constante evoluci\u00f3n de cualquier entrenador ambicioso, que alberga una ferviente aspiraci\u00f3n para amplificar su alcance comercial y difundir su experiencia costemente ganada a un espectro sustancialmente amplio de beneficiarios potenciales.<\/p>\n<ul>\n<li>Cursos en l\u00ednea integrales dise\u00f1ados para ayudarlo a convertirse en un entrenador de vida seguro y efectivo<\/li>\n<li>Video conferencias entregadas por entrenadores experimentados y expertos de la industria<\/li>\n<li>Materiales y actividades interactivas del curso para el aprendizaje pr\u00e1ctico<\/li>\n<li>Acceso a una comunidad de apoyo en l\u00ednea de compa\u00f1eros y entrenadores<\/li>\n<li>Conveniente acceso 24\/7 a materiales del curso desde cualquier lugar con conexi\u00f3n a Internet<\/li>\n<li>Plataforma amigable para dispositivos m\u00f3viles para el aprendizaje y la pr\u00e1ctica sobre la marcha<\/li>\n<li>Cursos a medida para diferentes niveles de experiencia y especializaciones<\/li>\n<li>Certificados de finalizaci\u00f3n para mostrar sus nuevas habilidades y conocimientos<\/li>\n<li>F\u00e1cil integraci\u00f3n con WordPress para la gesti\u00f3n de sitios web y cursos sin problemas<\/li>\n<li>Precios competitivos con opciones de pago flexibles disponibles.<\/li>\n<\/ul>\n","protected":false},"excerpt":{"rendered":"<p>Descubra el poder de los cursos en l\u00ednea de DotLife Coach WordPress, una soluci\u00f3n innovadora para todas sus necesidades de aprendizaje en l\u00ednea. Este tema es perfecto para entrenadores, mentores y educadores que desean crear un sitio web profesional y f\u00e1cil de navegar para sus cursos en l\u00ednea. DotLife Coach est\u00e1 dise\u00f1ado con caracter\u00edsticas f\u00e1ciles de usar, desde dise\u00f1os personalizables hasta navegaci\u00f3n intuitiva, asegurando que sus estudiantes tengan una experiencia de aprendizaje perfecta. El tema tambi\u00e9n admite m\u00faltiples opciones de pago, lo que facilita que sus estudiantes se inscriban en sus cursos. Con DotLife Coach, puede administrar efectivamente sus cursos, rastrear el progreso de los estudiantes e incluso integrarse con varias plataformas de redes sociales para una mayor visibilidad. El tema es totalmente receptivo y amigable con SEO, asegurando que su sitio web se vea fant\u00e1stico en cualquier dispositivo y se clasifique bien en los resultados del motor de b\u00fasqueda. Experimente el tema de WordPress de los cursos en l\u00ednea de DotLife Coach: la combinaci\u00f3n perfecta de estilo, funcionalidad y conveniencia.<\/p>\n","protected":false},"featured_media":165804,"comment_status":"open","ping_status":"open","template":"","meta":[],"product_brand":[2337],"product_cat":[1307,1237,1238],"product_tag":[1391],"class_list":{"0":"post-112810","1":"product","2":"type-product","3":"status-publish","4":"has-post-thumbnail","6":"product_brand-themeforest","7":"product_cat-negocio-wordpress-temas","8":"product_cat-temas","9":"product_cat-wordpress-temas","10":"product_tag-themeforest","11":"member-discount","12":"discount-restricted","14":"first","15":"instock","16":"sale","17":"downloadable","18":"virtual","19":"sold-individually","20":"purchasable","21":"product-type-simple"},"_links":{"self":[{"href":"https:\/\/gpl-love.com\/es\/wp-json\/wp\/v2\/product\/112810","targetHints":{"allow":["GET"]}}],"collection":[{"href":"https:\/\/gpl-love.com\/es\/wp-json\/wp\/v2\/product"}],"about":[{"href":"https:\/\/gpl-love.com\/es\/wp-json\/wp\/v2\/types\/product"}],"replies":[{"embeddable":true,"href":"https:\/\/gpl-love.com\/es\/wp-json\/wp\/v2\/comments?post=112810"}],"wp:featuredmedia":[{"embeddable":true,"href":"https:\/\/gpl-love.com\/es\/wp-json\/wp\/v2\/media\/165804"}],"wp:attachment":[{"href":"https:\/\/gpl-love.com\/es\/wp-json\/wp\/v2\/media?parent=112810"}],"wp:term":[{"taxonomy":"product_brand","embeddable":true,"href":"https:\/\/gpl-love.com\/es\/wp-json\/wp\/v2\/product_brand?post=112810"},{"taxonomy":"product_cat","embeddable":true,"href":"https:\/\/gpl-love.com\/es\/wp-json\/wp\/v2\/product_cat?post=112810"},{"taxonomy":"product_tag","embeddable":true,"href":"https:\/\/gpl-love.com\/es\/wp-json\/wp\/v2\/product_tag?post=112810"}],"curies":[{"name":"wp","href":"https:\/\/api.w.org\/{rel}","templated":true}]}}