{"id":112808,"date":"2022-02-24T00:00:00","date_gmt":"2022-02-24T05:00:00","guid":{"rendered":"http:\/\/gpl-love.com\/es\/producto\/oxygen-woocommerce-wordpress-tema\/"},"modified":"2026-04-10T11:20:39","modified_gmt":"2026-04-10T16:20:39","slug":"oxygen-woocommerce-wordpress-tema","status":"publish","type":"product","link":"https:\/\/gpl-love.com\/es\/producto\/oxygen-woocommerce-wordpress-tema\/","title":{"rendered":"Oxygen WooCommerce WordPress Theme 5.13"},"content":{"rendered":"<h3>Oxygen WooCommerce WordPress Theme Caracteristicas<\/h3>\n<p>El tema de WordPress de Oxygen WooCommerce es un tema de comercio electr\u00f3nico elegantemente dise\u00f1ado y de moda contempor\u00e1neamente que ha sido dise\u00f1ado exclusivamente para la plataforma WordPress. Este notable tema sirve como una opci\u00f3n ideal para las empresas que buscan establecer una tienda en l\u00ednea impecable y visualmente atractiva. Con un dise\u00f1o altamente receptivo, se adapta sin esfuerzo a todos los tipos de dispositivos, asegurando una experiencia de usuario igualmente cautivadora en todos los \u00e1mbitos. Adem\u00e1s, su p\u00e1gina de inicio se puede personalizar f\u00e1cilmente para incluir una gran cantidad de secciones distintas, mostrando efectivamente una variedad de productos, promociones y varios otros elementos. Adem\u00e1s, este tema ofrece un extenso conjunto de opciones de personalizaci\u00f3n robustas, lo que le permite adaptarlo de acuerdo con sus requisitos previos \u00fanicos. Al aprovechar el poder del ox\u00edgeno, puede construir sin esfuerzo una tienda en l\u00ednea visualmente sorprendente que pueda dejar una impresi\u00f3n duradera en su estimada clientela, fomentando en consecuencia el crecimiento y la prosperidad de sus esfuerzos comerciales.<\/p>\n<ul>\n<li>Dise\u00f1o receptivo para todos los dispositivos<\/li>\n<li>Dise\u00f1o elegante y moderno con esquemas de color personalizables<\/li>\n<li>M\u00faltiples p\u00e1ginas de inicio y dise\u00f1os de p\u00e1gina interno<\/li>\n<li>Compatible con el popular complemento de WooCommerce para una f\u00e1cil funcionalidad de comercio electr\u00f3nico<\/li>\n<li>Vista r\u00e1pida del producto y carrito de Ajax para una experiencia de compra perfecta<\/li>\n<li>Integraci\u00f3n con pasarelas de pago populares<\/li>\n<li>Secci\u00f3n de revisi\u00f3n del cliente y opciones de filtrado de productos<\/li>\n<li>SEO optimizado para una mejor visibilidad del motor de b\u00fasqueda<\/li>\n<li>Personalizaci\u00f3n f\u00e1cil con el creador de p\u00e1ginas de arrastrar y soltar<\/li>\n<li>Documentaci\u00f3n integral y atenci\u00f3n al cliente.<\/li>\n<\/ul>\n","protected":false},"excerpt":{"rendered":"<p>El tema de WordPress de Oxygen WooCommerce es un tema exquisitamente elaborado y contempor\u00e1neo que se ha adaptado meticulosamente con el \u00fanico prop\u00f3sito de mejorar las tiendas en l\u00ednea. Con su dise\u00f1o elegantemente simplista y subestimado, dirige efectivamente la atenci\u00f3n a sus productos, cautivando sin esfuerzo la atenci\u00f3n de su estimada clientela. Con las capacidades robustas de WooCommerce, este tema ofrece una mir\u00edada de caracter\u00edsticas indispensables que tienen como objetivo facilitar la gesti\u00f3n perfecta de su tienda en l\u00ednea, que abarca todo, desde la administraci\u00f3n eficiente de productos hasta el seguimiento de pedidos optimizado, y m\u00e1s all\u00e1. Adaptando sin esfuerzo a todos los tama\u00f1os de pantalla, su dise\u00f1o receptivo garantiza una tienda visualmente atractiva en todos los dispositivos, asegurando as\u00ed una experiencia de usuario constantemente encantadora. Adem\u00e1s, sus opciones de personalizaci\u00f3n f\u00e1ciles de usar le permiten personalizar ingeniosamente cada faceta de su sitio, aline\u00e1ndolo armoniosamente con la esencia distintiva de su estimada marca. Ya sea que se est\u00e9 embarcando en su viaje inaugural en el \u00e1mbito del comercio en l\u00ednea o que busque elevar la estatura de su tienda en l\u00ednea preexistente, el tema de Oxygen Wooocommerce WordPress es inequ\u00edvocamente el ep\u00edtome de la excelencia y la elecci\u00f3n por excelencia para las empresas de cualquier naturaleza.<\/p>\n","protected":false},"featured_media":167128,"comment_status":"open","ping_status":"open","template":"","meta":[],"product_brand":[2337],"product_cat":[1263,1264,1237],"product_tag":[1391],"class_list":{"0":"post-112808","1":"product","2":"type-product","3":"status-publish","4":"has-post-thumbnail","6":"product_brand-themeforest","7":"product_cat-comercio-electronico-temas","8":"product_cat-negocio","9":"product_cat-temas","10":"product_tag-themeforest","11":"member-discount","12":"discount-restricted","14":"first","15":"instock","16":"sale","17":"downloadable","18":"virtual","19":"sold-individually","20":"purchasable","21":"product-type-simple"},"_links":{"self":[{"href":"https:\/\/gpl-love.com\/es\/wp-json\/wp\/v2\/product\/112808","targetHints":{"allow":["GET"]}}],"collection":[{"href":"https:\/\/gpl-love.com\/es\/wp-json\/wp\/v2\/product"}],"about":[{"href":"https:\/\/gpl-love.com\/es\/wp-json\/wp\/v2\/types\/product"}],"replies":[{"embeddable":true,"href":"https:\/\/gpl-love.com\/es\/wp-json\/wp\/v2\/comments?post=112808"}],"wp:featuredmedia":[{"embeddable":true,"href":"https:\/\/gpl-love.com\/es\/wp-json\/wp\/v2\/media\/167128"}],"wp:attachment":[{"href":"https:\/\/gpl-love.com\/es\/wp-json\/wp\/v2\/media?parent=112808"}],"wp:term":[{"taxonomy":"product_brand","embeddable":true,"href":"https:\/\/gpl-love.com\/es\/wp-json\/wp\/v2\/product_brand?post=112808"},{"taxonomy":"product_cat","embeddable":true,"href":"https:\/\/gpl-love.com\/es\/wp-json\/wp\/v2\/product_cat?post=112808"},{"taxonomy":"product_tag","embeddable":true,"href":"https:\/\/gpl-love.com\/es\/wp-json\/wp\/v2\/product_tag?post=112808"}],"curies":[{"name":"wp","href":"https:\/\/api.w.org\/{rel}","templated":true}]}}