{"id":112806,"date":"2021-04-21T00:00:00","date_gmt":"2021-04-21T05:00:00","guid":{"rendered":"http:\/\/gpl-love.com\/es\/producto\/starto-saas-software-startup-wordpress\/"},"modified":"2026-04-10T11:25:39","modified_gmt":"2026-04-10T16:25:39","slug":"starto-saas-software-startup-wordpress","status":"publish","type":"product","link":"https:\/\/gpl-love.com\/es\/producto\/starto-saas-software-startup-wordpress\/","title":{"rendered":"Starto Saas Software Startup WordPress 1.7.2"},"content":{"rendered":"<h3>Starto Saas Software Startup WordPress Caracteristicas<\/h3>\n<p>Starto, la excepcional soluci\u00f3n de software SaaS creada espec\u00edficamente para las empresas de inicio de WordPress, ofrece una amplia gama de herramientas y caracter\u00edsticas que facilitan efectivamente la gesti\u00f3n de los sitios web. Desde la creaci\u00f3n de contenido cautivador hasta el establecimiento de una participaci\u00f3n significativa del cliente, Starto abarca todos los aspectos de la administraci\u00f3n del sitio web. Al emplear los elementos de dise\u00f1o de arrastre sin esfuerzo y las plantillas preconstruidas, las empresas pueden generar y personalizar sin esfuerzo su sitio web. Adem\u00e1s, este notable software abarca herramientas de an\u00e1lisis altamente sofisticadas que generan informaci\u00f3n valiosa con respecto al rendimiento del sitio web y el comportamiento del cliente. Adem\u00e1s, Starto brinda a las empresas la ventaja de las opciones de precios flexibles, lo que lo convierte en una soluci\u00f3n econ\u00f3micamente viable para empresas de todas las magnitudes. En conclusi\u00f3n, Starto se destaca como una soluci\u00f3n de software excepcionalmente robusta y f\u00e1cil de usar que optimiza el proceso de gesti\u00f3n de sitios web y impulsa a las empresas hacia el logro de sus objetivos.<\/p>\n<ul>\n<li>Innovador software SaaS dise\u00f1ado para empresas de inicio de WordPress<\/li>\n<li>Faculta a los usuarios para construir, administrar y hacer crecer f\u00e1cilmente sus negocios en l\u00ednea<\/li>\n<li>Incluye caracter\u00edsticas como creaci\u00f3n de sitios web, integraci\u00f3n de redes sociales y herramientas de marketing por correo electr\u00f3nico<\/li>\n<li>Plantillas y temas personalizables para crear una identidad de marca \u00fanica<\/li>\n<li>La interfaz f\u00e1cil de usar hace que sea f\u00e1cil de usar tanto para los usuarios expertos en tecnolog\u00eda como no t\u00e9cnicos<\/li>\n<li>Automatizaci\u00f3n de marketing para ahorrar tiempo y aumentar la eficiencia<\/li>\n<li>Intuitive Dashboard proporciona an\u00e1lisis e ideas en tiempo real para rastrear el rendimiento del sitio web<\/li>\n<li>Plataforma segura, confiable y escalable con atenci\u00f3n al cliente 24\/7<\/li>\n<li>Planes de precios asequibles con opciones flexibles para satisfacer diferentes necesidades comerciales<\/li>\n<li>Prueba gratuita y proceso de instalaci\u00f3n f\u00e1cil para nuevos usuarios.<\/li>\n<\/ul>\n","protected":false},"excerpt":{"rendered":"<p>Starto es una soluci\u00f3n de software de vanguardia como servicio (SaaS) desarrollada meticulosamente exclusivamente para sitios web de inicio de WordPress. Al emplear Starto, obtendr\u00e1 la capacidad perfecta de administrar y monitorear sin esfuerzo cada faceta del rendimiento de su sitio web, desde la participaci\u00f3n del usuario hasta la velocidad del sitio y abarcar todo lo que se encuentra en el medio. Empoderado por nuestro panel de control altamente intuitivo, que proporciona informaci\u00f3n y an\u00e1lisis en tiempo real, estar\u00e1 equipado con los medios para optimizar f\u00e1cilmente su sitio para un impacto \u00f3ptimo. Independientemente de si posee una experiencia extensa como usuario de WordPress o simplemente se est\u00e1 embarcando en su viaje de WordPress, Starto se erige como la soluci\u00f3n definitiva para fortalecer su presencia en l\u00ednea y maximizar su retorno de la inversi\u00f3n (ROI). \u00a1Lo alentamos de todo coraz\u00f3n que se embarca en este viaje transformador y personalmente presenciamos la notable disparidad de que solo Starto puede facilitar sin esfuerzo!<\/p>\n","protected":false},"featured_media":167562,"comment_status":"open","ping_status":"open","template":"","meta":[],"product_brand":[2337],"product_cat":[1307,1237,1238],"product_tag":[1391],"class_list":{"0":"post-112806","1":"product","2":"type-product","3":"status-publish","4":"has-post-thumbnail","6":"product_brand-themeforest","7":"product_cat-negocio-wordpress-temas","8":"product_cat-temas","9":"product_cat-wordpress-temas","10":"product_tag-themeforest","11":"member-discount","12":"discount-restricted","14":"first","15":"instock","16":"sale","17":"downloadable","18":"virtual","19":"sold-individually","20":"purchasable","21":"product-type-simple"},"_links":{"self":[{"href":"https:\/\/gpl-love.com\/es\/wp-json\/wp\/v2\/product\/112806","targetHints":{"allow":["GET"]}}],"collection":[{"href":"https:\/\/gpl-love.com\/es\/wp-json\/wp\/v2\/product"}],"about":[{"href":"https:\/\/gpl-love.com\/es\/wp-json\/wp\/v2\/types\/product"}],"replies":[{"embeddable":true,"href":"https:\/\/gpl-love.com\/es\/wp-json\/wp\/v2\/comments?post=112806"}],"wp:featuredmedia":[{"embeddable":true,"href":"https:\/\/gpl-love.com\/es\/wp-json\/wp\/v2\/media\/167562"}],"wp:attachment":[{"href":"https:\/\/gpl-love.com\/es\/wp-json\/wp\/v2\/media?parent=112806"}],"wp:term":[{"taxonomy":"product_brand","embeddable":true,"href":"https:\/\/gpl-love.com\/es\/wp-json\/wp\/v2\/product_brand?post=112806"},{"taxonomy":"product_cat","embeddable":true,"href":"https:\/\/gpl-love.com\/es\/wp-json\/wp\/v2\/product_cat?post=112806"},{"taxonomy":"product_tag","embeddable":true,"href":"https:\/\/gpl-love.com\/es\/wp-json\/wp\/v2\/product_tag?post=112806"}],"curies":[{"name":"wp","href":"https:\/\/api.w.org\/{rel}","templated":true}]}}