{"id":112804,"date":"2021-04-21T00:00:00","date_gmt":"2021-04-21T05:00:00","guid":{"rendered":"http:\/\/gpl-love.com\/es\/producto\/theblogger-wordpress-tema\/"},"modified":"2026-04-10T11:27:38","modified_gmt":"2026-04-10T16:27:38","slug":"theblogger-wordpress-tema","status":"publish","type":"product","link":"https:\/\/gpl-love.com\/es\/producto\/theblogger-wordpress-tema\/","title":{"rendered":"TheBlogger WordPress Theme 2.1.2"},"content":{"rendered":"<h3>TheBlogger WordPress Theme Caracteristicas<\/h3>\n<p>TheBlogger WordPress Theme, un tema de sitio web incre\u00edblemente vers\u00e1til y f\u00e1cil de usar que se ha dise\u00f1ado meticulosamente espec\u00edficamente para los bloggers, realmente se destaca. Ofreciendo una multitud de opciones de dise\u00f1o, caracter\u00edsticas personalizables y un dise\u00f1o receptivo, este tema excepcional permite a los bloggers crear sin esfuerzo un sitio web que no solo encarna su marca \u00fanica, sino que tambi\u00e9n exuda profesionalismo. Adem\u00e1s de su notable adaptabilidad, TheBlogger WordPress Theme cuenta con una variedad de formatos de publicaci\u00f3n, integraci\u00f3n perfecta con plataformas de redes sociales y una impresionante selecci\u00f3n de poderosos widgets que mejoran en gran medida su funcionalidad. Adem\u00e1s, sus opciones de personalizaci\u00f3n f\u00e1ciles de usar junto con su extensa documentaci\u00f3n aseguran que tanto los bloggers novatos como los desarrolladores web experimentados puedan navegar y utilizar con confianza este tema con su m\u00e1ximo potencial. En general, el tema de WordPress de TheBlogger demuestra ser una opci\u00f3n ejemplar para cualquier persona que busque establecer una presencia en l\u00ednea excepcional.<\/p>\n<ul>\n<li>Dise\u00f1o hermoso y moderno con opciones personalizables<\/li>\n<li>Dise\u00f1o receptivo para todos los dispositivos<\/li>\n<li>Opciones de dise\u00f1o de p\u00e1gina de inicio m\u00faltiples<\/li>\n<li>Admite m\u00faltiples formatos de publicaci\u00f3n que incluyen video, galer\u00eda y audio<\/li>\n<li>Integraci\u00f3n de WooCommerce para capacidades de comercio electr\u00f3nico<\/li>\n<li>Opciones de intercambio de redes sociales incorporadas<\/li>\n<li>Optimizaci\u00f3n de SEO para una mejor clasificaci\u00f3n del motor de b\u00fasqueda<\/li>\n<li>Compositor visual f\u00e1cil de usar para crear p\u00e1ginas y dise\u00f1os personalizados<\/li>\n<li>Proceso de instalaci\u00f3n r\u00e1pido y f\u00e1cil<\/li>\n<li>Atenci\u00f3n al cliente dedicada y documentaci\u00f3n disponible.<\/li>\n<\/ul>\n","protected":false},"excerpt":{"rendered":"<p>TheBlogger WordPress Theme, una creaci\u00f3n ejemplar de la modernidad, cuenta con un dise\u00f1o impecable que se presta a las necesidades de los bloggers que anhelan resaltar su contenido. Su enfoque limpio y minimalista proporciona una v\u00eda sin esfuerzo para que los lectores examinen art\u00edculos y disfruten en una experiencia de usuario extraordinaria. Este tema extiende su encanto a trav\u00e9s de sus capacidades integrales de personalizaci\u00f3n, que abarca una gran cantidad de caracter\u00edsticas avanzadas como diversos dise\u00f1os, widgets a medida, plantillas de p\u00e1gina y una variedad de otras ofertas magn\u00edficas. Adem\u00e1s, TheBlogger encarna la esencia de la capacidad de respuesta, asegurando que su sitio exude brillante en todos los dispositivos. Ya sea que se encuentre embarcado en una nueva y emocionante empresa de blogs o busca vigorizar su dominio digital existente, el tema de WordPress de TheBlogger surge como una opci\u00f3n verdaderamente superlativa.<\/p>\n","protected":false},"featured_media":167719,"comment_status":"open","ping_status":"open","template":"","meta":[],"product_brand":[2337],"product_cat":[1245,1237,1238],"product_tag":[1391],"class_list":{"0":"post-112804","1":"product","2":"type-product","3":"status-publish","4":"has-post-thumbnail","6":"product_brand-themeforest","7":"product_cat-blog-revista","8":"product_cat-temas","9":"product_cat-wordpress-temas","10":"product_tag-themeforest","11":"member-discount","12":"discount-restricted","14":"first","15":"instock","16":"sale","17":"downloadable","18":"virtual","19":"sold-individually","20":"purchasable","21":"product-type-simple"},"_links":{"self":[{"href":"https:\/\/gpl-love.com\/es\/wp-json\/wp\/v2\/product\/112804","targetHints":{"allow":["GET"]}}],"collection":[{"href":"https:\/\/gpl-love.com\/es\/wp-json\/wp\/v2\/product"}],"about":[{"href":"https:\/\/gpl-love.com\/es\/wp-json\/wp\/v2\/types\/product"}],"replies":[{"embeddable":true,"href":"https:\/\/gpl-love.com\/es\/wp-json\/wp\/v2\/comments?post=112804"}],"wp:featuredmedia":[{"embeddable":true,"href":"https:\/\/gpl-love.com\/es\/wp-json\/wp\/v2\/media\/167719"}],"wp:attachment":[{"href":"https:\/\/gpl-love.com\/es\/wp-json\/wp\/v2\/media?parent=112804"}],"wp:term":[{"taxonomy":"product_brand","embeddable":true,"href":"https:\/\/gpl-love.com\/es\/wp-json\/wp\/v2\/product_brand?post=112804"},{"taxonomy":"product_cat","embeddable":true,"href":"https:\/\/gpl-love.com\/es\/wp-json\/wp\/v2\/product_cat?post=112804"},{"taxonomy":"product_tag","embeddable":true,"href":"https:\/\/gpl-love.com\/es\/wp-json\/wp\/v2\/product_tag?post=112804"}],"curies":[{"name":"wp","href":"https:\/\/api.w.org\/{rel}","templated":true}]}}