{"id":112802,"date":"2023-06-21T00:00:00","date_gmt":"2023-06-21T05:00:00","guid":{"rendered":"http:\/\/gpl-love.com\/es\/producto\/skylith-multipurpose-gutenberg-wordpress-tema\/"},"modified":"2026-04-10T11:24:57","modified_gmt":"2026-04-10T16:24:57","slug":"skylith-multipurpose-gutenberg-wordpress-tema","status":"publish","type":"product","link":"https:\/\/gpl-love.com\/es\/producto\/skylith-multipurpose-gutenberg-wordpress-tema\/","title":{"rendered":"Skylith Multipurpose Gutenberg WordPress Theme 1.3.7"},"content":{"rendered":"<h3>Skylith Multipurpose Gutenberg WordPress Theme Caracteristicas<\/h3>\n<p>El tema de WordPress multiprop\u00f3sito de Skylith, que posee una multitud de aplicaciones, es un tema muy vers\u00e1til que atiende a diversas necesidades. Con su compatibilidad perfecta con Gutenberg, los usuarios est\u00e1n facultados para las p\u00e1ginas y publicaciones a medida a medida de moda sin esfuerzo. Este tema exhibe un dise\u00f1o altamente receptivo, lo que hace que sea accesible sin problemas en todos los dispositivos, adem\u00e1s de su diversa variedad de opciones de personalizaci\u00f3n, que abarca m\u00faltiples dise\u00f1os de encabezado y pie de p\u00e1gina, una variedad de esquemas de color y una amplia gama de opciones de fuentes. Adem\u00e1s, comprende una variedad de plantillas preconstruidas espec\u00edficamente seleccionadas para p\u00e1ginas com\u00fanmente utilizadas, incluidas las dedicadas a dilucidar informaci\u00f3n sobre la entidad y establecer el contacto. Con una optimizaci\u00f3n para la velocidad y el SEO, este tema garantiza tiempos de carga r\u00e1pida y una clasificaci\u00f3n elevada en los motores de b\u00fasqueda para su sitio web. Al considerar todos sus atributos, el tema de WordPress multiprop\u00f3sito de Skylith, sin duda, surge como una selecci\u00f3n superlativa para las personas en busca de un tema altamente adaptable y f\u00e1cil de usar para su sitio de WordPress.<\/p>\n<ul>\n<li>Skylith es un poderoso tema de WordPress de Gutenberg multiprop\u00f3sito.<\/li>\n<li>Viene lleno de una variedad de caracter\u00edsticas y opciones para ayudarlo a aprovechar al m\u00e1ximo su sitio web.<\/li>\n<li>Puede elegir entre una gama de impresionantes demostraciones preconstruidas, cada una dise\u00f1ada para adaptarse a un tipo diferente de sitio web.<\/li>\n<li>Con el soporte completo para el editor de Gutenberg, puede crear dise\u00f1os de p\u00e1gina personalizados con facilidad, gracias a la interfaz intuitiva de Skylith, arrastrar y soltar.<\/li>\n<li>El tema es totalmente receptivo y amigable con los dispositivos m\u00f3viles, lo que significa que su sitio web se ver\u00e1 genial en cualquier dispositivo.<\/li>\n<li>Se incluyen una gama de widgets y c\u00f3digos cortos personalizados, lo que le permite agregar una gama de funcionalidades a su sitio web con solo unos pocos clics.<\/li>\n<li>Un poderoso panel de opciones de temas facilita la personalizaci\u00f3n de todos los aspectos de su sitio web, desde los colores y las fuentes hasta la configuraci\u00f3n del dise\u00f1o y la barra lateral.<\/li>\n<li>Skylith es totalmente compatible con WooCommerce, lo que lo hace perfecto para cualquier tipo de tienda en l\u00ednea o sitio de comercio electr\u00f3nico.<\/li>\n<li>El tema se basa en una base s\u00f3lida de las mejores pr\u00e1cticas de SEO, lo que ayuda a garantizar que su sitio web se clasifique altamente en las p\u00e1ginas de resultados de los motores de b\u00fasqueda.<\/li>\n<li>Con actualizaciones regulares y soporte dedicado, Skylith es una opci\u00f3n confiable y a prueba de futuro para su pr\u00f3ximo proyecto de WordPress.<\/li>\n<\/ul>\n","protected":false},"excerpt":{"rendered":"<p>El tema de WordPress multiprop\u00f3sito de Skylith, reconocido por su versatilidad y capacidad de respuesta, cuenta con una mir\u00edada de capacidades que atienden a una amplia gama de sitios web, ya sean comerciales y corporativos o creativos y personales. Su integraci\u00f3n perfecta con el editor de bloques de Gutenberg desata un potencial ilimitado para la personalizaci\u00f3n e ingenio. Adem\u00e1s, este tema presenta una variedad de plantillas y widgets predise\u00f1ados, facilitando un proceso de configuraci\u00f3n del sitio web r\u00e1pido y sin esfuerzo. Boasting an elegant design and an array of powerful features, including customizable headers and footers, a user-friendly drag-and-drop page builder, and advanced typography options, the Skylith Multipurpose Gutenberg WordPress Theme serves as the quintessential solution for those in pursuit of una presencia en l\u00ednea elegante, profesional y de vanguardia.<\/p>\n","protected":false},"featured_media":167501,"comment_status":"open","ping_status":"open","template":"","meta":[],"product_brand":[2337],"product_cat":[1239,1237,1238],"product_tag":[1391],"class_list":{"0":"post-112802","1":"product","2":"type-product","3":"status-publish","4":"has-post-thumbnail","6":"product_brand-themeforest","7":"product_cat-de-multiples-fines","8":"product_cat-temas","9":"product_cat-wordpress-temas","10":"product_tag-themeforest","11":"member-discount","12":"discount-restricted","14":"first","15":"instock","16":"sale","17":"downloadable","18":"virtual","19":"sold-individually","20":"purchasable","21":"product-type-simple"},"_links":{"self":[{"href":"https:\/\/gpl-love.com\/es\/wp-json\/wp\/v2\/product\/112802","targetHints":{"allow":["GET"]}}],"collection":[{"href":"https:\/\/gpl-love.com\/es\/wp-json\/wp\/v2\/product"}],"about":[{"href":"https:\/\/gpl-love.com\/es\/wp-json\/wp\/v2\/types\/product"}],"replies":[{"embeddable":true,"href":"https:\/\/gpl-love.com\/es\/wp-json\/wp\/v2\/comments?post=112802"}],"wp:featuredmedia":[{"embeddable":true,"href":"https:\/\/gpl-love.com\/es\/wp-json\/wp\/v2\/media\/167501"}],"wp:attachment":[{"href":"https:\/\/gpl-love.com\/es\/wp-json\/wp\/v2\/media?parent=112802"}],"wp:term":[{"taxonomy":"product_brand","embeddable":true,"href":"https:\/\/gpl-love.com\/es\/wp-json\/wp\/v2\/product_brand?post=112802"},{"taxonomy":"product_cat","embeddable":true,"href":"https:\/\/gpl-love.com\/es\/wp-json\/wp\/v2\/product_cat?post=112802"},{"taxonomy":"product_tag","embeddable":true,"href":"https:\/\/gpl-love.com\/es\/wp-json\/wp\/v2\/product_tag?post=112802"}],"curies":[{"name":"wp","href":"https:\/\/api.w.org\/{rel}","templated":true}]}}