{"id":112800,"date":"2021-07-02T00:00:00","date_gmt":"2021-07-02T05:00:00","guid":{"rendered":"http:\/\/gpl-love.com\/es\/producto\/questionar-faq-accordions-para-elementor\/"},"modified":"2026-04-10T11:22:42","modified_gmt":"2026-04-10T16:22:42","slug":"questionar-faq-accordions-para-elementor","status":"publish","type":"product","link":"https:\/\/gpl-love.com\/es\/producto\/questionar-faq-accordions-para-elementor\/","title":{"rendered":"Questionar FAQ Accordions para Elementor 1.1.3"},"content":{"rendered":"<h3>Questionar FAQ Accordions para Elementor Caracteristicas<\/h3>\n<p>Preguntear Preguntas frecuentes para preguntas frecuentes para Elementor es un complemento altamente efectivo y conveniente que sirve para permitir a los usuarios presentar de manera efectiva las preguntas frecuentes junto con sus respuestas correspondientes en sus sitios web. Este complemento se ha desarrollado espec\u00edficamente para integrarse perfectamente con Elementor, un constructor de p\u00e1ginas bien conocido y ampliamente utilizado que ofrece la conveniencia de la funcionalidad de arrastrar y soltar. Al aprovechar las capacidades de las preguntas frecuentes de preguntas de preguntas de preguntas, los usuarios est\u00e1n facultados para establecer sin esfuerzo una secci\u00f3n de preguntas frecuentes receptivas y totalmente personalizables en su sitio web, facilitando as\u00ed a los visitantes para acceder r\u00e1pidamente a la informaci\u00f3n deseada. La funci\u00f3n de acorde\u00f3n ingeniosa garantiza que las preguntas est\u00e9n meticulosamente organizadas, lo que resulta en una utilizaci\u00f3n altamente eficiente del espacio en la p\u00e1gina. Adem\u00e1s, este complemento facilita a los usuarios con una amplia gama de opciones de estilo, lo que les permite alinear sin problemas la apariencia general de la secci\u00f3n de preguntas frecuentes con los elementos de dise\u00f1o y marca existentes del sitio web. En pocas palabras, las preguntas de preguntas frecuentes de preguntas frecuentes para el Elementor sirven sin lugar a dudas como un recurso invaluable para los propietarios de sitios web que est\u00e1n interesados \u200b\u200ben mejorar la experiencia general del usuario y hacer que toda la informaci\u00f3n necesaria de una manera f\u00e1cil y f\u00e1cil de usar.<\/p>\n<ul>\n<li>Permite a los usuarios crear secciones de Preguntas frecuentes en su sitio web utilizando Elementor Page Builder<\/li>\n<li>Viene con dise\u00f1os de acorde\u00f3n prefabricados y totalmente personalizables para una f\u00e1cil configuraci\u00f3n<\/li>\n<li>Interfaz f\u00e1cil de usar para agregar preguntas y respuestas con la opci\u00f3n de usar im\u00e1genes o videos<\/li>\n<li>El dise\u00f1o de acorde\u00f3n garantiza una apariencia limpia y organizada tanto en los dispositivos de escritorio como en los dispositivos m\u00f3viles<\/li>\n<li>Ayuda a mejorar la usabilidad del sitio web proporcionando respuestas de f\u00e1cil acceso a preguntas comunes<\/li>\n<li>Compatible con WordPress y todos los temas soportados por elementos<\/li>\n<li>Constantemente actualizado con nuevas caracter\u00edsticas y mejoras basadas en comentarios de los usuarios<\/li>\n<li>Ofrece un excelente servicio al cliente y documentaci\u00f3n para ayudar con cualquier problema o pregunta que los usuarios puedan tener<\/li>\n<li>Opciones de precios asequibles, con la capacidad de comprar componentes individuales o un paquete de paquete.<\/li>\n<\/ul>\n","protected":false},"excerpt":{"rendered":"<p>Preguntear Preguntas frecuentes de preguntas frecuentes para Elementor es un software notable que ofrece una soluci\u00f3n incomparable para organizar y administrar de manera efectiva sus preguntas frecuentes. Este complemento incre\u00edblemente robusto le facilita la creaci\u00f3n de preguntas frecuentes de estilo de acorde\u00f3n sin esfuerzo y r\u00e1pidamente impresionantes en cualquier sitio web alimentado por Elementor. Con su innumerable opciones de personalizaci\u00f3n y controles f\u00e1ciles de usar, QuiteRar simplifica el proceso de agregar y mantener sus preguntas frecuentes, lo que le permite proporcionar a su estimada clientela con la informaci\u00f3n crucial que necesitan para tomar decisiones bien informadas. \u00a1Ac\u00e9tate a las p\u00e1ginas de preguntas frecuentes abarrotadas y desorganizadas, y marque una nueva era de sofisticaci\u00f3n y profesionalismo con los notables acordeones de preguntas frecuentes de preguntas frecuentes para el Elementor!<\/p>\n","protected":false},"featured_media":167302,"comment_status":"open","ping_status":"open","template":"","meta":[],"product_brand":[2339],"product_cat":[1214,1206,1211],"product_tag":[1256],"class_list":{"0":"post-112800","1":"product","2":"type-product","3":"status-publish","4":"has-post-thumbnail","6":"product_brand-codecanyon","7":"product_cat-personalizacion","8":"product_cat-plugins","9":"product_cat-wordpress-plugins","10":"product_tag-codecanyon","11":"member-discount","12":"discount-restricted","14":"first","15":"instock","16":"sale","17":"downloadable","18":"virtual","19":"sold-individually","20":"purchasable","21":"product-type-simple"},"_links":{"self":[{"href":"https:\/\/gpl-love.com\/es\/wp-json\/wp\/v2\/product\/112800","targetHints":{"allow":["GET"]}}],"collection":[{"href":"https:\/\/gpl-love.com\/es\/wp-json\/wp\/v2\/product"}],"about":[{"href":"https:\/\/gpl-love.com\/es\/wp-json\/wp\/v2\/types\/product"}],"replies":[{"embeddable":true,"href":"https:\/\/gpl-love.com\/es\/wp-json\/wp\/v2\/comments?post=112800"}],"wp:featuredmedia":[{"embeddable":true,"href":"https:\/\/gpl-love.com\/es\/wp-json\/wp\/v2\/media\/167302"}],"wp:attachment":[{"href":"https:\/\/gpl-love.com\/es\/wp-json\/wp\/v2\/media?parent=112800"}],"wp:term":[{"taxonomy":"product_brand","embeddable":true,"href":"https:\/\/gpl-love.com\/es\/wp-json\/wp\/v2\/product_brand?post=112800"},{"taxonomy":"product_cat","embeddable":true,"href":"https:\/\/gpl-love.com\/es\/wp-json\/wp\/v2\/product_cat?post=112800"},{"taxonomy":"product_tag","embeddable":true,"href":"https:\/\/gpl-love.com\/es\/wp-json\/wp\/v2\/product_tag?post=112800"}],"curies":[{"name":"wp","href":"https:\/\/api.w.org\/{rel}","templated":true}]}}