{"id":112798,"date":"2021-04-21T00:00:00","date_gmt":"2021-04-21T05:00:00","guid":{"rendered":"http:\/\/gpl-love.com\/es\/producto\/mdtf-wordpress-meta-data-y-taxonomies-filter\/"},"modified":"2026-03-09T07:49:09","modified_gmt":"2026-03-09T12:49:09","slug":"mdtf-wordpress-meta-data-y-taxonomies-filter","status":"publish","type":"product","link":"https:\/\/gpl-love.com\/es\/producto\/mdtf-wordpress-meta-data-y-taxonomies-filter\/","title":{"rendered":"MDTF WordPress Meta Data y Taxonomies Filter 2.2.8"},"content":{"rendered":"<h3>MDTF WordPress Meta Data y Taxonomies Filter Caracteristicas<\/h3>\n<p>El filtro MDTF WordPress Meta Data and Taxonomies es un complemento incre\u00edblemente robusto que otorga a los propietarios de sitios web la capacidad de aumentar la funcionalidad de sus sitios de WordPress. Este notable complemento faculta a los usuarios para filtrar sin esfuerzo el contenido de su sitio a trav\u00e9s de la utilizaci\u00f3n de metadatos y taxonom\u00edas, simplificando as\u00ed el proceso de localizaci\u00f3n de la informaci\u00f3n deseada para los visitantes de manera r\u00e1pida y eficiente. Vale la pena se\u00f1alar que este complemento ofrece una variedad de caracter\u00edsticas avanzadas, incluidos los gustos de Ajax Pagination y Infinite Scroll, que sirven para mejorar la experiencia general del usuario al proporcionar a los visitantes capacidades de navegaci\u00f3n perfecta, eliminando la necesidad de recargas de p\u00e1gina. Adem\u00e1s, el filtro MDTF WordPress Meta Data and Taxonomies es excepcionalmente sencillo de instalar y operar, con el beneficio adicional de ser completamente personalizable, lo que permite a los usuarios adaptarlo a sus requisitos espec\u00edficos. Independientemente de si uno est\u00e1 operando un blog, sitio de cartera o tienda de comercio electr\u00f3nico, este complemento se considera una herramienta indispensable para optimizar la experiencia del usuario y facilitar el descubrimiento del contenido deseado para todos los visitantes del sitio.<\/p>\n<ul>\n<li>Filtrar y buscar contenido de WordPress de manera eficiente basado en metadatos y taxonom\u00edas<\/li>\n<li>Personalizar las opciones de filtro y b\u00fasqueda seleccionando metadatos y taxonom\u00edas espec\u00edficos<\/li>\n<li>Cree filtros personalizados y formularios de b\u00fasqueda para satisfacer sus necesidades \u00fanicas<\/li>\n<li>Mejorar la navegaci\u00f3n del sitio y la experiencia del usuario con opciones de filtrado intuitivas<\/li>\n<li>Aumentar el rendimiento del sitio reduciendo las solicitudes del servidor y los tiempos de carga de la p\u00e1gina<\/li>\n<li>Compatible con una amplia gama de temas y complementos de WordPress<\/li>\n<li>Dise\u00f1o receptivo para una experiencia de usuario \u00f3ptima en todos los dispositivos<\/li>\n<li>F\u00e1cil de usar e integrar en su sitio de WordPress sin requerido experiencia en codificaci\u00f3n.<\/li>\n<\/ul>\n","protected":false},"excerpt":{"rendered":"<p>El filtro MDTF WordPress Meta Data and Taxonomies es un complemento incre\u00edblemente robusto y din\u00e1mico que le otorga la capacidad de incorporar sin esfuerzo y mostrar taxonom\u00edas para sus publicaciones y p\u00e1ginas de WordPress. Este complemento innovador le facilita el examen de eficiencia y clasificar las publicaciones y p\u00e1ginas en funci\u00f3n de sus respectivos meta datos o t\u00e9rminos de taxonom\u00eda, simplificando as\u00ed la ardua tarea de localizar el contenido deseado para sus estimados visitantes. Al aprovechar el poder de este complemento notable, puede adaptar sin esfuerzo su sitio de WordPress para cumplir con sus especificaciones \u00fanicas mientras crea simult\u00e1neamente una experiencia de navegaci\u00f3n m\u00e1s f\u00e1cil de usar y simplificada para sus apreciados visitantes. Disfrute de la multitud de beneficios que acompa\u00f1an a la utilizaci\u00f3n de los meta datos de WordPress MDTF filtran y se deleitan en la funcionalidad aumentada y una mayor usabilidad que otorga a su sitio de WordPress.<\/p>\n","protected":false},"featured_media":166713,"comment_status":"open","ping_status":"open","template":"","meta":[],"product_brand":[2339],"product_cat":[1214,1206,1211],"product_tag":[1256],"class_list":{"0":"post-112798","1":"product","2":"type-product","3":"status-publish","4":"has-post-thumbnail","6":"product_brand-codecanyon","7":"product_cat-personalizacion","8":"product_cat-plugins","9":"product_cat-wordpress-plugins","10":"product_tag-codecanyon","11":"member-discount","12":"discount-restricted","14":"first","15":"instock","16":"sale","17":"downloadable","18":"virtual","19":"sold-individually","20":"purchasable","21":"product-type-simple"},"_links":{"self":[{"href":"https:\/\/gpl-love.com\/es\/wp-json\/wp\/v2\/product\/112798","targetHints":{"allow":["GET"]}}],"collection":[{"href":"https:\/\/gpl-love.com\/es\/wp-json\/wp\/v2\/product"}],"about":[{"href":"https:\/\/gpl-love.com\/es\/wp-json\/wp\/v2\/types\/product"}],"replies":[{"embeddable":true,"href":"https:\/\/gpl-love.com\/es\/wp-json\/wp\/v2\/comments?post=112798"}],"wp:featuredmedia":[{"embeddable":true,"href":"https:\/\/gpl-love.com\/es\/wp-json\/wp\/v2\/media\/166713"}],"wp:attachment":[{"href":"https:\/\/gpl-love.com\/es\/wp-json\/wp\/v2\/media?parent=112798"}],"wp:term":[{"taxonomy":"product_brand","embeddable":true,"href":"https:\/\/gpl-love.com\/es\/wp-json\/wp\/v2\/product_brand?post=112798"},{"taxonomy":"product_cat","embeddable":true,"href":"https:\/\/gpl-love.com\/es\/wp-json\/wp\/v2\/product_cat?post=112798"},{"taxonomy":"product_tag","embeddable":true,"href":"https:\/\/gpl-love.com\/es\/wp-json\/wp\/v2\/product_tag?post=112798"}],"curies":[{"name":"wp","href":"https:\/\/api.w.org\/{rel}","templated":true}]}}