{"id":112795,"date":"2021-04-21T00:00:00","date_gmt":"2021-04-21T05:00:00","guid":{"rendered":"http:\/\/gpl-love.com\/es\/producto\/preston-real-estate-wordpress-tema\/"},"modified":"2026-04-10T11:22:03","modified_gmt":"2026-04-10T16:22:03","slug":"preston-real-estate-wordpress-tema","status":"publish","type":"product","link":"https:\/\/gpl-love.com\/es\/producto\/preston-real-estate-wordpress-tema\/","title":{"rendered":"Preston Real Estate WordPress Theme 1.2.1"},"content":{"rendered":"<h3>Preston Real Estate WordPress Theme Caracteristicas<\/h3>\n<p>El tema de WordPress de Preston Real Estate es una soluci\u00f3n extremadamente robusta y rica en caracter\u00edsticas que atiende espec\u00edficamente a los sitios web de bienes ra\u00edces. Con un dise\u00f1o elegante y moderno, este tema ofrece la plataforma perfecta para mostrar su amplia gama de propiedades y listados de una manera verdaderamente elegante y profesional. Adem\u00e1s, el extenso repertorio de plantillas y dise\u00f1os preconstruidos del tema asegura que pueda construir sin esfuerzo y aceleradamente un sitio web deslumbrante que cautiva sin esfuerzo la atenci\u00f3n de su audiencia. Sin mencionar que el tema proporciona a los usuarios opciones de personalizaci\u00f3n incomparables, otorgando una autonom\u00eda completa sobre la est\u00e9tica general y el ambiente de sus respectivos sitios. Adem\u00e1s de estas caracter\u00edsticas notables, el tema tambi\u00e9n abarca funcionalidades de b\u00fasqueda avanzadas, la inclusi\u00f3n de listados de propiedades con campos altamente personalizables y soporte inquebrantable para IDX y MLS. Tenga la seguridad de que este tema es totalmente receptivo y amigable con los dispositivos m\u00f3viles, lo que garantiza que su sitio parezca visualmente llamativo y altamente funcional en una mir\u00edada de dispositivos. A fin de cuentas, est\u00e1 muy claro que el tema de WordPress Real Estate Preston es una soluci\u00f3n inmensamente potente y extremadamente adaptable que sin duda empoderar\u00e1 a los agentes y agencias de bienes ra\u00edces para establecer una presencia en l\u00ednea dominante y de buena reputaci\u00f3n con el m\u00e1ximo profesionalismo.<\/p>\n<ul>\n<li>Tema de WordPress dise\u00f1ado profesionalmente para sitios web de bienes ra\u00edces<\/li>\n<li>Dise\u00f1o moderno y receptivo que se ajusta perfectamente a diferentes tama\u00f1os de pantalla<\/li>\n<li>Dise\u00f1o altamente personalizable con numerosas opciones de dise\u00f1o, esquemas de color y fuentes<\/li>\n<li>Agregue listados de propiedades personalizadas con funciones de propiedad detalladas y galer\u00edas de im\u00e1genes<\/li>\n<li>Opciones de b\u00fasqueda y filtrado incorporadas para ayudar a los visitantes a encontrar su propiedad ideal<\/li>\n<li>Formularios de contacto y mapas integrados dentro del tema para ayudar a los usuarios a ponerse en contacto con los agentes inmobiliarios<\/li>\n<li>Compatible con complementos populares de WordPress como Yoast SEO, JetPack y Contact Form 7<\/li>\n<li>Instalaci\u00f3n y configuraci\u00f3n f\u00e1cil con documentaci\u00f3n detallada y atenci\u00f3n al cliente<\/li>\n<li>Actualizaciones regulares y correcciones de errores para garantizar un funcionamiento suave del tema<\/li>\n<li>Codificaci\u00f3n de alta calidad para garantizar una carga r\u00e1pida y optimizaci\u00f3n de rendimiento<\/li>\n<li>Una elecci\u00f3n perfecta para agencias inmobiliarias, corredores, empresas de administraci\u00f3n de propiedades y agentes inmobiliarios individuales.<\/li>\n<\/ul>\n","protected":false},"excerpt":{"rendered":"<p>Estamos encantados de presentarle el tema de WordPress de Preston RealPress altamente sofisticado y avanzado, una soluci\u00f3n excepcional e incomparable dise\u00f1ada espec\u00edficamente para su pr\u00f3spera empresa inmobiliaria en l\u00ednea. Meticulosamente elaborado con \u00e9nfasis tanto en la navegaci\u00f3n sin interrupciones como en las caracter\u00edsticas intrincadas, este tema de vanguardia y est\u00e9ticamente agradable le brinda la capacidad sin esfuerzo para generar sin esfuerzo y supervisar efectivamente su amplio inventario, exhibir sin esfuerzo sus propiedades a trav\u00e9s de galer\u00edas visualmente cautivadoras y optimizar diligentemente su sitio web Para lograr una visibilidad primordial en los motores de b\u00fasqueda populares. Exhibir una amplia gama de opciones de personalizaci\u00f3n que satisfar\u00e1n todas sus necesidades, complementadas por un dise\u00f1o impecable y receptivo que se adapte a la perfecci\u00f3n a todos los dispositivos, junto con una interfaz intuitiva y f\u00e1cil como la elecci\u00f3n por excelencia para discernir e impulsar a los profesionales inmobiliarios de todo el mundo. No pierda tiempo en embarcarse en su emocionante viaje hacia la expansi\u00f3n y el \u00e9xito de los negocios: \u00a1aprovecha esta notable oportunidad hoy!<\/p>\n","protected":false},"featured_media":167255,"comment_status":"open","ping_status":"open","template":"","meta":[],"product_brand":[2337],"product_cat":[1381,1237,1238],"product_tag":[1391],"class_list":{"0":"post-112795","1":"product","2":"type-product","3":"status-publish","4":"has-post-thumbnail","6":"product_brand-themeforest","7":"product_cat-bienes-raices","8":"product_cat-temas","9":"product_cat-wordpress-temas","10":"product_tag-themeforest","11":"member-discount","12":"discount-restricted","14":"first","15":"instock","16":"sale","17":"downloadable","18":"virtual","19":"sold-individually","20":"purchasable","21":"product-type-simple"},"_links":{"self":[{"href":"https:\/\/gpl-love.com\/es\/wp-json\/wp\/v2\/product\/112795","targetHints":{"allow":["GET"]}}],"collection":[{"href":"https:\/\/gpl-love.com\/es\/wp-json\/wp\/v2\/product"}],"about":[{"href":"https:\/\/gpl-love.com\/es\/wp-json\/wp\/v2\/types\/product"}],"replies":[{"embeddable":true,"href":"https:\/\/gpl-love.com\/es\/wp-json\/wp\/v2\/comments?post=112795"}],"wp:featuredmedia":[{"embeddable":true,"href":"https:\/\/gpl-love.com\/es\/wp-json\/wp\/v2\/media\/167255"}],"wp:attachment":[{"href":"https:\/\/gpl-love.com\/es\/wp-json\/wp\/v2\/media?parent=112795"}],"wp:term":[{"taxonomy":"product_brand","embeddable":true,"href":"https:\/\/gpl-love.com\/es\/wp-json\/wp\/v2\/product_brand?post=112795"},{"taxonomy":"product_cat","embeddable":true,"href":"https:\/\/gpl-love.com\/es\/wp-json\/wp\/v2\/product_cat?post=112795"},{"taxonomy":"product_tag","embeddable":true,"href":"https:\/\/gpl-love.com\/es\/wp-json\/wp\/v2\/product_tag?post=112795"}],"curies":[{"name":"wp","href":"https:\/\/api.w.org\/{rel}","templated":true}]}}