{"id":112792,"date":"2023-10-05T00:00:00","date_gmt":"2023-10-05T05:00:00","guid":{"rendered":"http:\/\/gpl-love.com\/es\/producto\/wpmu-dev-snapshot-pro\/"},"modified":"2026-03-09T08:32:03","modified_gmt":"2026-03-09T13:32:03","slug":"wpmu-dev-snapshot-pro","status":"publish","type":"product","link":"https:\/\/gpl-love.com\/es\/producto\/wpmu-dev-snapshot-pro\/","title":{"rendered":"WPMU DEV Snapshot Pro 4.20.0"},"content":{"rendered":"<h3>WPMU DEV Snapshot Pro Caracteristicas<\/h3>\n<p>WPMU Dev Snapshot Pro, un complemento de copia de seguridad y restauraci\u00f3n notablemente robusta y eficiente de restauraci\u00f3n a prop\u00f3sito para sitios web de WordPress, cuenta con una variedad de caracter\u00edsticas impresionantes. Este complemento faculta a los usuarios generar sin esfuerzo copias de seguridad de sus sitios web y restaurarlos sin esfuerzo con el mero clic de un bot\u00f3n. Adem\u00e1s, facilita el establecimiento de copias de seguridad automatizadas, as\u00ed como copias de seguridad manuales, asegurando as\u00ed la mayor seguridad de todos los datos. Adem\u00e1s, su compatibilidad con varios servicios de almacenamiento en la nube como Amazon S3, Google Drive y Dropbox producen el almacenamiento de copias de seguridad en la nube como un esfuerzo sin esfuerzo. En particular, WPMU Dev Snapshot Pro es reconocido por su naturaleza f\u00e1cil de usar y est\u00e1 equipado con una multitud de caracter\u00edsticas que ayudan a los propietarios de sitios web a preservar la integridad de sus invaluables datos del sitio web. Independientemente de si usted es un desarrollador ne\u00f3fito o experimentado, este complemento es un activo invaluable que protege efectivamente su sitio web de los peligros de la p\u00e9rdida de datos y garantiza su funcionalidad ininterrumpida, incluso durante las circunstancias m\u00e1s graves.<\/p>\n<ul>\n<li>Sitios de WordPress de respaldo sin esfuerzo usando Snapshot Pro<\/li>\n<li>Cree copias de seguridad manuales o programadas para garantizar la seguridad de los datos<\/li>\n<li>Restaurar sitios r\u00e1pida y f\u00e1cilmente con solo unos pocos clics<\/li>\n<li>Use la funci\u00f3n de migraci\u00f3n de Snapshot Pro para mover sitios entre hosts o dominios<\/li>\n<li>Elija entre varias ubicaciones de almacenamiento, incluidos servidores locales, ubicaciones remotas o servicios en la nube.<\/li>\n<li>Personalizar la configuraci\u00f3n de copia de seguridad para excluir archivos o directorios innecesarios<\/li>\n<li>Monitorear el progreso de la copia de seguridad con barras de progreso en tiempo real<\/li>\n<li>Reciba notificaciones por correo electr\u00f3nico cuando las copias de seguridad completen o faltan<\/li>\n<li>Ver y administrar copias de seguridad desde un tablero centralizado<\/li>\n<li>Disfrute de actualizaciones autom\u00e1ticas y soporte las 24 horas, los 7 d\u00edas de la semana del equipo de expertos de WPMU Dev.<\/li>\n<\/ul>\n","protected":false},"excerpt":{"rendered":"<p>WPMU Dev Snapshot Pro, considerado como el mejor complemento de copia de seguridad y restauraci\u00f3n para sitios web de WordPress, ofrece una variedad de funcionalidades para garantizar la totalidad y recuperaci\u00f3n integral de la totalidad de su sitio web. Esto abarca no solo todos los archivos, tablas de bases de datos y configuraciones, sino que tambi\u00e9n se extiende a la provisi\u00f3n de creaci\u00f3n sin esfuerzo y programaci\u00f3n de copias de seguridad. Adem\u00e1s, la opci\u00f3n de almacenar copias de seguridad localmente o en el almacenamiento seguro en la nube refuerza a\u00fan m\u00e1s la conveniencia y la confiabilidad de preservar la integridad de su sitio web. En la eventualidad de cualquier predicesti\u00f3n imprevista, el proceso de restauraci\u00f3n perfecta facilitado por la funci\u00f3n de restauraci\u00f3n de un solo clic, junto con las copias de seguridad autom\u00e1ticas y los horarios de copia de seguridad personalizables, solidifica a\u00fan m\u00e1s la posici\u00f3n de Snapshot Pro como la soluci\u00f3n por excelencia para los propietarios de sitios web que anhelan la tranquilidad de sereno y la seguridad de seguridad. se permite.<\/p>\n","protected":false},"featured_media":168544,"comment_status":"open","ping_status":"open","template":"","meta":[],"product_brand":[2648],"product_cat":[1212,1206,1211],"product_tag":[1454],"class_list":{"0":"post-112792","1":"product","2":"type-product","3":"status-publish","4":"has-post-thumbnail","6":"product_brand-wpmu","7":"product_cat-administracion-wordpress-plugins","8":"product_cat-plugins","9":"product_cat-wordpress-plugins","10":"product_tag-wpmu","11":"member-discount","12":"discount-restricted","14":"first","15":"instock","16":"sale","17":"downloadable","18":"virtual","19":"sold-individually","20":"purchasable","21":"product-type-simple"},"_links":{"self":[{"href":"https:\/\/gpl-love.com\/es\/wp-json\/wp\/v2\/product\/112792","targetHints":{"allow":["GET"]}}],"collection":[{"href":"https:\/\/gpl-love.com\/es\/wp-json\/wp\/v2\/product"}],"about":[{"href":"https:\/\/gpl-love.com\/es\/wp-json\/wp\/v2\/types\/product"}],"replies":[{"embeddable":true,"href":"https:\/\/gpl-love.com\/es\/wp-json\/wp\/v2\/comments?post=112792"}],"wp:featuredmedia":[{"embeddable":true,"href":"https:\/\/gpl-love.com\/es\/wp-json\/wp\/v2\/media\/168544"}],"wp:attachment":[{"href":"https:\/\/gpl-love.com\/es\/wp-json\/wp\/v2\/media?parent=112792"}],"wp:term":[{"taxonomy":"product_brand","embeddable":true,"href":"https:\/\/gpl-love.com\/es\/wp-json\/wp\/v2\/product_brand?post=112792"},{"taxonomy":"product_cat","embeddable":true,"href":"https:\/\/gpl-love.com\/es\/wp-json\/wp\/v2\/product_cat?post=112792"},{"taxonomy":"product_tag","embeddable":true,"href":"https:\/\/gpl-love.com\/es\/wp-json\/wp\/v2\/product_tag?post=112792"}],"curies":[{"name":"wp","href":"https:\/\/api.w.org\/{rel}","templated":true}]}}